{"id":1236,"date":"2024-06-25T11:11:37","date_gmt":"2024-06-25T09:11:37","guid":{"rendered":"https:\/\/react-culture.eu\/parteneri\/"},"modified":"2025-09-17T12:12:50","modified_gmt":"2025-09-17T10:12:50","slug":"parteneri","status":"publish","type":"page","link":"https:\/\/react-culture.eu\/ro\/parteneri\/","title":{"rendered":"Parteneri"},"content":{"rendered":"<p>[et_pb_section fb_built=&#8221;1&#8243; module_class=&#8221;page-header&#8221; _builder_version=&#8221;4.25.2&#8243; _module_preset=&#8221;83db7f57-1c10-4990-b0d5-086abeb4d5f7&#8243; overflow-x=&#8221;hidden&#8221; custom_padding=&#8221;0px||0px||true|false&#8221; saved_tabs=&#8221;all&#8221; global_colors_info=&#8221;{}&#8221;][et_pb_row _builder_version=&#8221;4.25.2&#8243; _module_preset=&#8221;default&#8221; custom_padding=&#8221;100px||100px|5%|true|false&#8221; border_width_left=&#8221;2px&#8221; border_color_left=&#8221;#5517A5&#8243; global_colors_info=&#8221;{}&#8221;][et_pb_column type=&#8221;4_4&#8243; _builder_version=&#8221;4.25.2&#8243; _module_preset=&#8221;default&#8221; global_colors_info=&#8221;{}&#8221;][et_pb_post_title _builder_version=&#8221;4.25.2&#8243; _module_preset=&#8221;df329464-255b-4170-b3e7-f79b6ec89a57&#8243; global_colors_info=&#8221;{}&#8221;][\/et_pb_post_title][\/et_pb_column][\/et_pb_row][\/et_pb_section][et_pb_section fb_built=&#8221;1&#8243; _builder_version=&#8221;4.25.2&#8243; _module_preset=&#8221;83db7f57-1c10-4990-b0d5-086abeb4d5f7&#8243; custom_padding=&#8221;0px||0px||true|false&#8221; border_width_top=&#8221;2px&#8221; border_color_top=&#8221;#5517A5&#8243; global_colors_info=&#8221;{}&#8221;][et_pb_row column_structure=&#8221;1_3,2_3&#8243; use_custom_gutter=&#8221;on&#8221; gutter_width=&#8221;1&#8243; make_equal=&#8221;on&#8221; _builder_version=&#8221;4.25.2&#8243; _module_preset=&#8221;961bda81-8cfd-44cb-80fe-90d499824f3c&#8221; background_size=&#8221;initial&#8221; background_position=&#8221;top_left&#8221; background_repeat=&#8221;repeat&#8221; global_colors_info=&#8221;{}&#8221;][et_pb_column type=&#8221;1_3&#8243; module_class=&#8221;partner__col1&#8243; _builder_version=&#8221;4.25.2&#8243; custom_padding=&#8221;|||&#8221; border_width_left=&#8221;2px&#8221; border_color_left=&#8221;#5517A5&#8243; global_colors_info=&#8221;{}&#8221; custom_padding__hover=&#8221;|||&#8221;][et_pb_image src=&#8221;https:\/\/react-culture.eu\/wp-content\/uploads\/2024\/06\/alto.png&#8221; title_text=&#8221;alto&#8221; show_bottom_space=&#8221;off&#8221; _builder_version=&#8221;4.25.2&#8243; _module_preset=&#8221;default&#8221; custom_margin=&#8221;|0px|||false|false&#8221; global_colors_info=&#8221;{}&#8221;][\/et_pb_image][\/et_pb_column][et_pb_column type=&#8221;2_3&#8243; _builder_version=&#8221;4.25.2&#8243; custom_padding=&#8221;10%|||10%|false|false&#8221; border_width_left=&#8221;2px&#8221; border_color_left=&#8221;#5517A5&#8243; global_colors_info=&#8221;{}&#8221; custom_padding__hover=&#8221;|||&#8221;][et_pb_text _builder_version=&#8221;4.27.2&#8243; background_size=&#8221;initial&#8221; background_position=&#8221;top_left&#8221; background_repeat=&#8221;repeat&#8221; custom_margin=&#8221;||80px||false|false&#8221; global_colors_info=&#8221;{}&#8221;]<\/p>\n<h2><!-- divi:paragraph -->Alto<\/h2>\n<p><strong>Fran\u0163a<\/strong><\/p>\n<p>Alto este o companie francez\u0103 care creeaz\u0103 tururi audio unice \u0219i imersive. Misiunea sa este de a concepe cea mai potrivit\u0103 solu\u021bie pentru publicurile \u021bint\u0103 ale institu\u021biilor culturale. <\/p>\n<p>Cerceteaz\u0103 \u0219i creeaz\u0103 cele mai bune sisteme de completare a vizitei (audioghiduri. ghiduri multimedia, c\u0103\u0219ti cu declan\u0219are automat\u0103, tablete cu realitate augmentat\u0103) pentru muzee, situri istorice \u0219i atrac\u021bii turistice.<\/p>\n<p>Furniz\u00e2nd, de asemenea, service opera\u021bional prin personal dedicat la fa\u021ba locului, Alto sus\u021bine experien\u021ba de vizitare de la A la Z.<\/p>\n<p>&nbsp;<\/p>\n<p><!-- \/divi:paragraph -->[\/et_pb_text][et_pb_button button_url=&#8221;https:\/\/www.alto-onsite.com\/&#8221; url_new_window=&#8221;on&#8221; button_text=&#8221;Website&#8221; _builder_version=&#8221;4.25.2&#8243; _module_preset=&#8221;default&#8221; global_colors_info=&#8221;{}&#8221;][\/et_pb_button][\/et_pb_column][\/et_pb_row][\/et_pb_section][et_pb_section fb_built=&#8221;1&#8243; _builder_version=&#8221;4.25.2&#8243; _module_preset=&#8221;83db7f57-1c10-4990-b0d5-086abeb4d5f7&#8243; custom_padding=&#8221;0px||0px||true|false&#8221; border_width_top=&#8221;2px&#8221; border_color_top=&#8221;#5517A5&#8243; global_colors_info=&#8221;{}&#8221;][et_pb_row column_structure=&#8221;1_3,2_3&#8243; use_custom_gutter=&#8221;on&#8221; gutter_width=&#8221;1&#8243; make_equal=&#8221;on&#8221; _builder_version=&#8221;4.25.2&#8243; _module_preset=&#8221;961bda81-8cfd-44cb-80fe-90d499824f3c&#8221; background_size=&#8221;initial&#8221; background_position=&#8221;top_left&#8221; background_repeat=&#8221;repeat&#8221; global_colors_info=&#8221;{}&#8221; border_color_top__hover_enabled=&#8221;off|desktop&#8221;][et_pb_column type=&#8221;1_3&#8243; module_class=&#8221;partner__col1&#8243; _builder_version=&#8221;4.25.2&#8243; custom_padding=&#8221;|||&#8221; border_width_left=&#8221;2px&#8221; border_color_left=&#8221;#5517A5&#8243; global_colors_info=&#8221;{}&#8221; custom_padding__hover=&#8221;|||&#8221;][et_pb_image src=&#8221;https:\/\/react-culture.eu\/wp-content\/uploads\/2024\/06\/lesapprimeurs.png&#8221; title_text=&#8221;lesapprimeurs&#8221; show_bottom_space=&#8221;off&#8221; _builder_version=&#8221;4.25.2&#8243; _module_preset=&#8221;default&#8221; custom_margin=&#8221;|0px|||false|false&#8221; global_colors_info=&#8221;{}&#8221;][\/et_pb_image][\/et_pb_column][et_pb_column type=&#8221;2_3&#8243; _builder_version=&#8221;4.25.2&#8243; custom_padding=&#8221;10%|||10%|false|false&#8221; border_width_left=&#8221;2px&#8221; border_color_left=&#8221;#5517A5&#8243; global_colors_info=&#8221;{}&#8221; custom_padding__hover=&#8221;|||&#8221;][et_pb_text _builder_version=&#8221;4.27.2&#8243; background_size=&#8221;initial&#8221; background_position=&#8221;top_left&#8221; background_repeat=&#8221;repeat&#8221; custom_margin=&#8221;||80px||false|false&#8221; global_colors_info=&#8221;{}&#8221;]<\/p>\n<h2><!-- divi:paragraph -->Les Apprimeurs<\/h2>\n<p><strong>Fran\u0163a<\/strong><\/p>\n<p>Les Apprimeurs este o companie francez\u0103 specializat\u0103 \u00een crearea de solu\u021bii digitale personalizate pentru sectoarele educa\u021bie, culturii \u0219i form\u0103rii.<\/p>\n<p><!-- \/divi:paragraph --><\/p>\n<p>[\/et_pb_text][et_pb_button button_url=&#8221;https:\/\/lesapprimeurs.com&#8221; url_new_window=&#8221;on&#8221; button_text=&#8221;Website&#8221; _builder_version=&#8221;4.25.2&#8243; _module_preset=&#8221;default&#8221; global_colors_info=&#8221;{}&#8221;][\/et_pb_button][\/et_pb_column][\/et_pb_row][\/et_pb_section][et_pb_section fb_built=&#8221;1&#8243; _builder_version=&#8221;4.25.2&#8243; _module_preset=&#8221;83db7f57-1c10-4990-b0d5-086abeb4d5f7&#8243; custom_padding=&#8221;0px||0px||true|false&#8221; border_width_top=&#8221;2px&#8221; border_color_top=&#8221;#5517A5&#8243; global_colors_info=&#8221;{}&#8221;][et_pb_row column_structure=&#8221;1_3,2_3&#8243; use_custom_gutter=&#8221;on&#8221; gutter_width=&#8221;1&#8243; make_equal=&#8221;on&#8221; _builder_version=&#8221;4.25.2&#8243; _module_preset=&#8221;961bda81-8cfd-44cb-80fe-90d499824f3c&#8221; background_size=&#8221;initial&#8221; background_position=&#8221;top_left&#8221; background_repeat=&#8221;repeat&#8221; global_colors_info=&#8221;{}&#8221; border_color_top__hover_enabled=&#8221;off|desktop&#8221;][et_pb_column type=&#8221;1_3&#8243; module_class=&#8221;partner__col1&#8243; _builder_version=&#8221;4.25.2&#8243; custom_padding=&#8221;|||&#8221; border_width_left=&#8221;2px&#8221; border_color_left=&#8221;#5517A5&#8243; global_colors_info=&#8221;{}&#8221; custom_padding__hover=&#8221;|||&#8221;][et_pb_image src=&#8221;https:\/\/react-culture.eu\/wp-content\/uploads\/2024\/06\/logpsycom.png&#8221; title_text=&#8221;logpsycom&#8221; show_bottom_space=&#8221;off&#8221; _builder_version=&#8221;4.25.2&#8243; _module_preset=&#8221;default&#8221; custom_margin=&#8221;|0px|||false|false&#8221; global_colors_info=&#8221;{}&#8221;][\/et_pb_image][\/et_pb_column][et_pb_column type=&#8221;2_3&#8243; _builder_version=&#8221;4.25.2&#8243; custom_padding=&#8221;10%|||10%|false|false&#8221; border_width_left=&#8221;2px&#8221; border_color_left=&#8221;#5517A5&#8243; global_colors_info=&#8221;{}&#8221; custom_padding__hover=&#8221;|||&#8221;][et_pb_text _builder_version=&#8221;4.27.2&#8243; background_size=&#8221;initial&#8221; background_position=&#8221;top_left&#8221; background_repeat=&#8221;repeat&#8221; custom_margin=&#8221;||80px||false|false&#8221; global_colors_info=&#8221;{}&#8221;]<\/p>\n<h2><!-- divi:paragraph -->SCS LogoPsyCom<\/h2>\n<p><strong>Belgia<\/strong><\/p>\n<p>Logopsycom este un centru de inovare educa\u021bional\u0103 specializat \u00een crearea \u0219i implementarea de metode \u0219i instrumente alternative (digitale sau analoge) pentru a veni \u00een sprijinul \u0219colilor, centrelor de formare profesional\u0103, organiza\u021biilor educa\u021bionale, tinerilor \u0219i p\u0103rin\u021bilor. Ini\u021bial ax\u00e2ndu-ne pe dificult\u0103\u021bile de \u00eenv\u0103\u021bare, mai exact dificult\u0103\u021bile specifice de \u00eenv\u0103\u021bare (SLD) precum dispraxia, disfazia \u0219i dislexia, aducem expertiza noastr\u0103 \u00een accesibilizarea con\u021binutului \u00een toate proiectele pe care le derul\u0103m. Cu o experien\u021b\u0103 de peste 80 de proiecte Erasmus+, activitatea noastr\u0103 s-a extins \u00een crearea de solu\u021bii holistice, incluzive pentru diverse contexte de \u00eenv\u0103\u021bare \u0219i angajare.  <\/p>\n<p><!-- \/divi:paragraph --><\/p>\n<p>[\/et_pb_text][et_pb_button button_url=&#8221;https:\/\/logopsycom.com&#8221; url_new_window=&#8221;on&#8221; button_text=&#8221;Website&#8221; _builder_version=&#8221;4.25.2&#8243; _module_preset=&#8221;default&#8221; global_colors_info=&#8221;{}&#8221;][\/et_pb_button][\/et_pb_column][\/et_pb_row][\/et_pb_section][et_pb_section fb_built=&#8221;1&#8243; _builder_version=&#8221;4.25.2&#8243; _module_preset=&#8221;83db7f57-1c10-4990-b0d5-086abeb4d5f7&#8243; custom_padding=&#8221;0px||0px||true|false&#8221; border_width_top=&#8221;2px&#8221; border_color_top=&#8221;#5517A5&#8243; global_colors_info=&#8221;{}&#8221;][et_pb_row column_structure=&#8221;1_3,2_3&#8243; use_custom_gutter=&#8221;on&#8221; gutter_width=&#8221;1&#8243; make_equal=&#8221;on&#8221; _builder_version=&#8221;4.25.2&#8243; _module_preset=&#8221;961bda81-8cfd-44cb-80fe-90d499824f3c&#8221; background_size=&#8221;initial&#8221; background_position=&#8221;top_left&#8221; background_repeat=&#8221;repeat&#8221; global_colors_info=&#8221;{}&#8221; border_color_top__hover_enabled=&#8221;off|desktop&#8221;][et_pb_column type=&#8221;1_3&#8243; module_class=&#8221;partner__col1&#8243; _builder_version=&#8221;4.25.2&#8243; custom_padding=&#8221;|||&#8221; border_width_left=&#8221;2px&#8221; border_color_left=&#8221;#5517A5&#8243; global_colors_info=&#8221;{}&#8221; custom_padding__hover=&#8221;|||&#8221;][et_pb_image src=&#8221;https:\/\/react-culture.eu\/wp-content\/uploads\/2024\/06\/arteria.png&#8221; title_text=&#8221;arteria&#8221; show_bottom_space=&#8221;off&#8221; _builder_version=&#8221;4.25.2&#8243; _module_preset=&#8221;default&#8221; custom_margin=&#8221;|0px|||false|false&#8221; global_colors_info=&#8221;{}&#8221;][\/et_pb_image][\/et_pb_column][et_pb_column type=&#8221;2_3&#8243; _builder_version=&#8221;4.25.2&#8243; custom_padding=&#8221;10%|||10%|false|false&#8221; border_width_left=&#8221;2px&#8221; border_color_left=&#8221;#5517A5&#8243; global_colors_info=&#8221;{}&#8221; custom_padding__hover=&#8221;|||&#8221;][et_pb_text _builder_version=&#8221;4.27.2&#8243; background_size=&#8221;initial&#8221; background_position=&#8221;top_left&#8221; background_repeat=&#8221;repeat&#8221; custom_margin=&#8221;||80px||false|false&#8221; global_colors_info=&#8221;{}&#8221;]<\/p>\n<h2><!-- divi:paragraph -->Funda\u021bia ARTeria<\/h2>\n<p><strong>Polonia<br \/><\/strong><\/p>\n<p>Funda\u021bia ARTeria a fost \u00eenfiin\u021bat\u0103 \u00een 2006 ca organiza\u021bie non-guvernamental\u0103 non-profit, care desf\u0103\u0219oar\u0103 diverse proiecte \u0219i programe, asociate \u00een primul r\u00e2nd cu sprijinirea arti\u0219tilor \u0219i reprezentan\u021bilor domeniilor creative, dezvolt\u00e2nd sectoarele culturale \u0219i creaative \u00een sens larg, precum \u0219i comunit\u0103\u021bile locale prin diverse ac\u021biuni \u0219i proiecte concentrate pe trei idei: cultura f\u0103r\u0103 frontiere, educa\u021bia inovatoare \u0219i cooperarea multidimensional\u0103. <\/p>\n<p>Scopul nostru este de a promova, populariza \u0219i dezvolta cultura \u0219i arta \u00een spiritul deschiderii, respect\u00e2nd diferen\u021be culturale \u0219i dialogul intercultural, cre\u00e2nd un forum pentru oameni fascinan\u021bi &#8211; o confruntare de puncte de vedere \u0219i c\u0103utarea de calit\u0103\u021bi comune.<\/p>\n<p>Ne concentr\u0103m pe educa\u021bia modern\u0103, multidimensional\u0103 &#8211; c\u0103ut\u00e2nd \u0219i test\u00e2nd inova\u021bii at\u00e2t \u00een educa\u021bia artistic\u0103 \u0219i educa\u021bia general\u0103, prin utilizarea culturii \u0219i artei. Credem \u00een \u00eenv\u0103\u021barea pe tot parcursul vie\u021bii, \u00een educa\u021bia non-formal\u0103 \u0219i informal\u0103. <\/p>\n<p>ARTeria este membr\u0103 \u00een dou\u0103 re\u021bele interna\u021bionale: Culture Action Europe \u0219i ENCATC. Este de a semenea membr\u0103 a Pactului pentru competen\u021be \u0219i semnatar\u0103 a Pactului creativ pentru competen\u021be. <\/p>\n<p><!-- \/divi:paragraph --><\/p>\n<p>[\/et_pb_text][et_pb_button button_url=&#8221;https:\/\/fundacja-arteria.org&#8221; url_new_window=&#8221;on&#8221; button_text=&#8221;Website&#8221; _builder_version=&#8221;4.25.2&#8243; _module_preset=&#8221;default&#8221; global_colors_info=&#8221;{}&#8221;][\/et_pb_button][\/et_pb_column][\/et_pb_row][\/et_pb_section][et_pb_section fb_built=&#8221;1&#8243; _builder_version=&#8221;4.25.2&#8243; _module_preset=&#8221;83db7f57-1c10-4990-b0d5-086abeb4d5f7&#8243; custom_padding=&#8221;0px||0px||true|false&#8221; border_width_top=&#8221;2px&#8221; border_color_top=&#8221;#5517A5&#8243; global_colors_info=&#8221;{}&#8221;][et_pb_row column_structure=&#8221;1_3,2_3&#8243; use_custom_gutter=&#8221;on&#8221; gutter_width=&#8221;1&#8243; make_equal=&#8221;on&#8221; _builder_version=&#8221;4.25.2&#8243; _module_preset=&#8221;961bda81-8cfd-44cb-80fe-90d499824f3c&#8221; background_size=&#8221;initial&#8221; background_position=&#8221;top_left&#8221; background_repeat=&#8221;repeat&#8221; global_colors_info=&#8221;{}&#8221; border_color_top__hover_enabled=&#8221;off|desktop&#8221;][et_pb_column type=&#8221;1_3&#8243; module_class=&#8221;partner__col1&#8243; _builder_version=&#8221;4.25.2&#8243; custom_padding=&#8221;|||&#8221; border_width_left=&#8221;2px&#8221; border_color_left=&#8221;#5517A5&#8243; global_colors_info=&#8221;{}&#8221; custom_padding__hover=&#8221;|||&#8221;][et_pb_image src=&#8221;https:\/\/react-culture.eu\/wp-content\/uploads\/2024\/06\/complexul-muzeal-national-moldova-iasi.png&#8221; title_text=&#8221;complexul-muzeal-national-moldova-iasi&#8221; show_bottom_space=&#8221;off&#8221; _builder_version=&#8221;4.25.2&#8243; _module_preset=&#8221;default&#8221; custom_margin=&#8221;|0px|||false|false&#8221; global_colors_info=&#8221;{}&#8221;][\/et_pb_image][\/et_pb_column][et_pb_column type=&#8221;2_3&#8243; _builder_version=&#8221;4.25.2&#8243; custom_padding=&#8221;10%|||10%|false|false&#8221; border_width_left=&#8221;2px&#8221; border_color_left=&#8221;#5517A5&#8243; global_colors_info=&#8221;{}&#8221; custom_padding__hover=&#8221;|||&#8221;][et_pb_text _builder_version=&#8221;4.27.2&#8243; background_size=&#8221;initial&#8221; background_position=&#8221;top_left&#8221; background_repeat=&#8221;repeat&#8221; custom_margin=&#8221;||80px||false|false&#8221; global_colors_info=&#8221;{}&#8221;]<\/p>\n<h2><!-- divi:paragraph -->Complexul Muzeal National Moldova Iasi<\/h2>\n<p><strong>Romania<\/strong><\/p>\n<p>Complexul Muzeal Na\u021bional \u201eMoldova\u201d din Ia\u0219i este una din cele mai mari institu\u021bii muzeale din Rom\u00e2nia. \u00cenfiin\u021bat \u00een 1955, reune\u0219te patru muzee de importan\u021b\u0103 na\u021bional\u0103: Muzeul de Art\u0103, Muzeul de Istorie a Moldovei, Muzeul Etnografic al Moldovei \u0219i Muzeul \u0218tiin\u021bei \u0219i Tehnicii \u201e\u0218tefan Procopiu\u201d, precum \u0219i Centrul de Cercetare \u0219i Conservare-Restaurare a Patrimoniului Cultural. Sec\u021bia Mediere cultural\u0103, proiecte, marketing este responsabil\u0103 de rela\u021bia cu beneficiarii finali, partenerii \u0219i comunitatea \u00een general.  <\/p>\n<p><!-- \/divi:paragraph --><\/p>\n<p>[\/et_pb_text][et_pb_button button_url=&#8221;https:\/\/palatulculturii.ro&#8221; url_new_window=&#8221;on&#8221; button_text=&#8221;Website&#8221; _builder_version=&#8221;4.25.2&#8243; _module_preset=&#8221;default&#8221; global_colors_info=&#8221;{}&#8221;][\/et_pb_button][\/et_pb_column][\/et_pb_row][\/et_pb_section]<\/p>\n","protected":false},"excerpt":{"rendered":"<p>Alto Fran\u0163a Alto este o companie francez\u0103 care creeaz\u0103 tururi audio unice \u0219i imersive. Misiunea sa este de a concepe cea mai potrivit\u0103 solu\u021bie pentru publicurile \u021bint\u0103 ale institu\u021biilor culturale. Cerceteaz\u0103 \u0219i creeaz\u0103 cele mai bune sisteme de completare a vizitei (audioghiduri. ghiduri multimedia, c\u0103\u0219ti cu declan\u0219are automat\u0103, tablete cu realitate augmentat\u0103) pentru muzee, situri [&hellip;]<\/p>\n","protected":false},"author":1,"featured_media":0,"parent":0,"menu_order":0,"comment_status":"closed","ping_status":"closed","template":"","meta":{"_acf_changed":false,"_et_pb_use_builder":"on","_et_pb_old_content":"","_et_gb_content_width":"","footnotes":""},"class_list":["post-1236","page","type-page","status-publish","hentry"],"acf":[],"_links":{"self":[{"href":"https:\/\/react-culture.eu\/ro\/wp-json\/wp\/v2\/pages\/1236","targetHints":{"allow":["GET"]}}],"collection":[{"href":"https:\/\/react-culture.eu\/ro\/wp-json\/wp\/v2\/pages"}],"about":[{"href":"https:\/\/react-culture.eu\/ro\/wp-json\/wp\/v2\/types\/page"}],"author":[{"embeddable":true,"href":"https:\/\/react-culture.eu\/ro\/wp-json\/wp\/v2\/users\/1"}],"replies":[{"embeddable":true,"href":"https:\/\/react-culture.eu\/ro\/wp-json\/wp\/v2\/comments?post=1236"}],"version-history":[{"count":4,"href":"https:\/\/react-culture.eu\/ro\/wp-json\/wp\/v2\/pages\/1236\/revisions"}],"predecessor-version":[{"id":2597,"href":"https:\/\/react-culture.eu\/ro\/wp-json\/wp\/v2\/pages\/1236\/revisions\/2597"}],"wp:attachment":[{"href":"https:\/\/react-culture.eu\/ro\/wp-json\/wp\/v2\/media?parent=1236"}],"curies":[{"name":"wp","href":"https:\/\/api.w.org\/{rel}","templated":true}]}}