{"id":1199,"date":"2024-06-21T12:09:55","date_gmt":"2024-06-21T10:09:55","guid":{"rendered":"https:\/\/react-culture.eu\/home\/"},"modified":"2025-01-20T13:48:02","modified_gmt":"2025-01-20T11:48:02","slug":"home","status":"publish","type":"page","link":"https:\/\/react-culture.eu\/ro\/","title":{"rendered":"Home"},"content":{"rendered":"<p>[et_pb_section fb_built=&#8221;1&#8243; _builder_version=&#8221;4.25.2&#8243; _module_preset=&#8221;default&#8221; custom_margin=&#8221;96px||||false|false&#8221; custom_padding=&#8221;0px||0px||true|false&#8221; border_color_top=&#8221;#5517a5&#8243; global_colors_info=&#8221;{}&#8221;][et_pb_row column_structure=&#8221;2_5,3_5&#8243; use_custom_gutter=&#8221;on&#8221; gutter_width=&#8221;1&#8243; make_equal=&#8221;on&#8221; _builder_version=&#8221;4.24.2&#8243; _module_preset=&#8221;default&#8221; global_colors_info=&#8221;{}&#8221;][et_pb_column type=&#8221;2_5&#8243; _builder_version=&#8221;4.24.2&#8243; _module_preset=&#8221;default&#8221; custom_padding=&#8221;80px|80px|||false|false&#8221; border_color_right=&#8221;#5517A5&#8243; border_color_left=&#8221;#5517A5&#8243; global_colors_info=&#8221;{}&#8221;][et_pb_text _builder_version=&#8221;4.24.2&#8243; _module_preset=&#8221;5a5045e6-61a2-4e58-97da-2046445b98ed&#8221; global_colors_info=&#8221;{}&#8221;]<\/p>\n<h1>REACT<\/h1>\n<p>[\/et_pb_text][et_pb_text _builder_version=&#8221;4.24.2&#8243; _module_preset=&#8221;5a5045e6-61a2-4e58-97da-2046445b98ed&#8221; custom_margin=&#8221;50px||80px||false|false&#8221; global_colors_info=&#8221;{}&#8221;]<\/p>\n<p>\u00cembun\u0103t\u0103\u021bi\u021bi experien\u021bei de vizitare pentru to\u021bi vizitatorii pentru care cultura nu este u\u0219or accesibil\u0103.<\/p>\n<p>[\/et_pb_text][et_pb_button button_text=&#8221;Afla\u021bi mai multe&#8221; _builder_version=&#8221;4.27.4&#8243; _module_preset=&#8221;001e6986-4399-4a44-9263-72b31c68de2f&#8221; hover_enabled=&#8221;0&#8243; global_colors_info=&#8221;{}&#8221; sticky_enabled=&#8221;0&#8243; button_url=&#8221;@ET-DC@eyJkeW5hbWljIjp0cnVlLCJjb250ZW50IjoicG9zdF9saW5rX3VybF9wYWdlIiwic2V0dGluZ3MiOnsicG9zdF9pZCI6IjE1NSJ9fQ==@&#8221; _dynamic_attributes=&#8221;button_url&#8221;][\/et_pb_button][\/et_pb_column][et_pb_column type=&#8221;3_5&#8243; module_class=&#8221;squares m&#8211;hero&#8221; _builder_version=&#8221;4.24.2&#8243; _module_preset=&#8221;default&#8221; custom_padding=&#8221;||||false|false&#8221; global_colors_info=&#8221;{}&#8221;][et_pb_image src=&#8221;https:\/\/react-culture.eu\/wp-content\/uploads\/2024\/06\/nose.png&#8221; title_text=&#8221;nose&#8221; _builder_version=&#8221;4.25.2&#8243; _module_preset=&#8221;6857be18-6882-4da1-a5c0-9d1bb963d0b4&#8243; background_color=&#8221;#F7F7F7&#8243; global_colors_info=&#8221;{}&#8221;][\/et_pb_image][et_pb_image src=&#8221;https:\/\/react-culture.eu\/wp-content\/uploads\/2024\/06\/eye.png&#8221; title_text=&#8221;eye&#8221; _builder_version=&#8221;4.25.2&#8243; _module_preset=&#8221;6857be18-6882-4da1-a5c0-9d1bb963d0b4&#8243; background_color=&#8221;#F7F7F7&#8243; global_colors_info=&#8221;{}&#8221;][\/et_pb_image][et_pb_image src=&#8221;https:\/\/react-culture.eu\/wp-content\/uploads\/2024\/06\/ear.png&#8221; title_text=&#8221;ear&#8221; _builder_version=&#8221;4.25.2&#8243; _module_preset=&#8221;6857be18-6882-4da1-a5c0-9d1bb963d0b4&#8243; background_color=&#8221;#F7F7F7&#8243; global_colors_info=&#8221;{}&#8221;][\/et_pb_image][et_pb_image src=&#8221;https:\/\/react-culture.eu\/wp-content\/uploads\/2024\/06\/ear.png&#8221; title_text=&#8221;ear&#8221; _builder_version=&#8221;4.25.2&#8243; _module_preset=&#8221;6857be18-6882-4da1-a5c0-9d1bb963d0b4&#8243; background_color=&#8221;#F7F7F7&#8243; global_colors_info=&#8221;{}&#8221;][\/et_pb_image][et_pb_image src=&#8221;https:\/\/react-culture.eu\/wp-content\/uploads\/2024\/06\/mouth.png&#8221; title_text=&#8221;mouth&#8221; _builder_version=&#8221;4.25.2&#8243; _module_preset=&#8221;6857be18-6882-4da1-a5c0-9d1bb963d0b4&#8243; background_color=&#8221;#F7F7F7&#8243; global_colors_info=&#8221;{}&#8221;][\/et_pb_image][et_pb_image src=&#8221;https:\/\/react-culture.eu\/wp-content\/uploads\/2024\/06\/nose.png&#8221; title_text=&#8221;nose&#8221; _builder_version=&#8221;4.25.2&#8243; _module_preset=&#8221;6857be18-6882-4da1-a5c0-9d1bb963d0b4&#8243; background_color=&#8221;#F7F7F7&#8243; global_colors_info=&#8221;{}&#8221;][\/et_pb_image][et_pb_image src=&#8221;https:\/\/react-culture.eu\/wp-content\/uploads\/2024\/06\/nose.png&#8221; title_text=&#8221;nose&#8221; _builder_version=&#8221;4.25.2&#8243; _module_preset=&#8221;6857be18-6882-4da1-a5c0-9d1bb963d0b4&#8243; background_color=&#8221;#F7F7F7&#8243; global_colors_info=&#8221;{}&#8221;][\/et_pb_image][et_pb_image src=&#8221;https:\/\/react-culture.eu\/wp-content\/uploads\/2024\/06\/eye.png&#8221; title_text=&#8221;eye&#8221; _builder_version=&#8221;4.25.2&#8243; _module_preset=&#8221;6857be18-6882-4da1-a5c0-9d1bb963d0b4&#8243; background_color=&#8221;#F7F7F7&#8243; global_colors_info=&#8221;{}&#8221;][\/et_pb_image][et_pb_image src=&#8221;https:\/\/react-culture.eu\/wp-content\/uploads\/2024\/06\/ear.png&#8221; title_text=&#8221;ear&#8221; _builder_version=&#8221;4.25.2&#8243; _module_preset=&#8221;6857be18-6882-4da1-a5c0-9d1bb963d0b4&#8243; background_color=&#8221;#F7F7F7&#8243; global_colors_info=&#8221;{}&#8221;][\/et_pb_image][\/et_pb_column][\/et_pb_row][\/et_pb_section][et_pb_section fb_built=&#8221;1&#8243; _builder_version=&#8221;4.25.2&#8243; _module_preset=&#8221;default&#8221; custom_margin=&#8221;||||false|false&#8221; custom_padding=&#8221;0px||0px||true|false&#8221; border_width_top=&#8221;2px&#8221; border_color_top=&#8221;#5517a5&#8243; global_colors_info=&#8221;{}&#8221;][et_pb_row column_structure=&#8221;2_5,3_5&#8243; use_custom_gutter=&#8221;on&#8221; gutter_width=&#8221;1&#8243; make_equal=&#8221;on&#8221; _builder_version=&#8221;4.24.2&#8243; _module_preset=&#8221;default&#8221; use_background_color_gradient=&#8221;on&#8221; background_color_gradient_direction=&#8221;65deg&#8221; background_color_gradient_stops=&#8221;#edf8b1 0%|rgba(237,248,177,0) 60%&#8221; background_size=&#8221;contain&#8221; global_colors_info=&#8221;{}&#8221;][et_pb_column type=&#8221;2_5&#8243; _builder_version=&#8221;4.24.2&#8243; _module_preset=&#8221;default&#8221; background_image=&#8221;https:\/\/react-culture.eu\/wp-content\/uploads\/2024\/06\/inspired.png&#8221; background_size=&#8221;contain&#8221; custom_css_main_element=&#8221;background-size: 75%;&#8221; border_width_left=&#8221;2px&#8221; border_color_left=&#8221;#5517A5&#8243; global_colors_info=&#8221;{}&#8221;][\/et_pb_column][et_pb_column type=&#8221;3_5&#8243; _builder_version=&#8221;4.24.2&#8243; _module_preset=&#8221;default&#8221; custom_padding=&#8221;10%|||10%|false|false&#8221; border_width_left=&#8221;2px&#8221; border_color_left=&#8221;#5517A5&#8243; global_colors_info=&#8221;{}&#8221;][et_pb_text _builder_version=&#8221;4.24.2&#8243; _module_preset=&#8221;5a5045e6-61a2-4e58-97da-2046445b98ed&#8221; global_colors_info=&#8221;{}&#8221;]<\/p>\n<h2>Ob\u021bine\u021bi inspira\u021bi<\/h2>\n<p>[\/et_pb_text][et_pb_text _builder_version=&#8221;4.25.2&#8243; _module_preset=&#8221;5a5045e6-61a2-4e58-97da-2046445b98ed&#8221; custom_margin=&#8221;50px||80px||false|false&#8221; global_colors_info=&#8221;{}&#8221;]<\/p>\n<p>Descoperi\u021bi o surs\u0103 de inspira\u021bie \u00een proiecte de accesibilizare din \u00eentreaga Europ\u0103.<\/p>\n<p>[\/et_pb_text][et_pb_button button_url=&#8221;@ET-DC@eyJkeW5hbWljIjp0cnVlLCJjb250ZW50IjoicG9zdF9saW5rX3VybF9wYWdlIiwic2V0dGluZ3MiOnsicG9zdF9pZCI6Ijg3In19@&#8221; button_text=&#8221;Afla\u021bi mai multe&#8221; _builder_version=&#8221;4.25.2&#8243; _dynamic_attributes=&#8221;button_url&#8221; _module_preset=&#8221;001e6986-4399-4a44-9263-72b31c68de2f&#8221; global_colors_info=&#8221;{}&#8221;][\/et_pb_button][\/et_pb_column][\/et_pb_row][\/et_pb_section][et_pb_section fb_built=&#8221;1&#8243; _builder_version=&#8221;4.25.2&#8243; _module_preset=&#8221;default&#8221; custom_padding=&#8221;0px||0px||true|false&#8221; border_width_top=&#8221;2px&#8221; border_color_top=&#8221;#5517a5&#8243; global_colors_info=&#8221;{}&#8221;][et_pb_row column_structure=&#8221;3_5,2_5&#8243; use_custom_gutter=&#8221;on&#8221; gutter_width=&#8221;1&#8243; make_equal=&#8221;on&#8221; _builder_version=&#8221;4.24.2&#8243; _module_preset=&#8221;default&#8221; use_background_color_gradient=&#8221;on&#8221; background_color_gradient_direction=&#8221;115deg&#8221; background_color_gradient_stops=&#8221;rgba(64,178,192,0) 40%|#40b2c0 100%&#8221; global_colors_info=&#8221;{}&#8221;][et_pb_column type=&#8221;3_5&#8243; _builder_version=&#8221;4.24.2&#8243; _module_preset=&#8221;default&#8221; custom_padding=&#8221;10%|10%|||false|false&#8221; border_width_right=&#8221;2px&#8221; border_color_right=&#8221;#5517A5&#8243; global_colors_info=&#8221;{}&#8221;][et_pb_text _builder_version=&#8221;4.24.2&#8243; _module_preset=&#8221;5a5045e6-61a2-4e58-97da-2046445b98ed&#8221; global_colors_info=&#8221;{}&#8221;]<\/p>\n<h2>Ob\u021bine\u021bi solu\u021bii<\/h2>\n<p>[\/et_pb_text][et_pb_text _builder_version=&#8221;4.25.2&#8243; _module_preset=&#8221;5a5045e6-61a2-4e58-97da-2046445b98ed&#8221; custom_margin=&#8221;50px||80px||false|false&#8221; global_colors_info=&#8221;{}&#8221;]<\/p>\n<p>Parcurge\u021bi un panel de instrumente \u0219i organiza\u021bii pentru a afla care de ce ave\u021bi nevoie pentru a \u00eembun\u0103t\u0103\u021bi accesibilitatea organiza\u021biei Dvs.<\/p>\n<p>[\/et_pb_text][et_pb_button button_url=&#8221;@ET-DC@eyJkeW5hbWljIjp0cnVlLCJjb250ZW50IjoicG9zdF9saW5rX3VybF9wYWdlIiwic2V0dGluZ3MiOnsicG9zdF9pZCI6IjE4MCJ9fQ==@&#8221; button_text=&#8221;Afla\u021bi mai multe&#8221; _builder_version=&#8221;4.25.2&#8243; _dynamic_attributes=&#8221;button_url&#8221; _module_preset=&#8221;001e6986-4399-4a44-9263-72b31c68de2f&#8221; global_colors_info=&#8221;{}&#8221;][\/et_pb_button][\/et_pb_column][et_pb_column type=&#8221;2_5&#8243; _builder_version=&#8221;4.24.2&#8243; _module_preset=&#8221;default&#8221; background_image=&#8221;https:\/\/react-culture.eu\/wp-content\/uploads\/2024\/06\/equipped.png&#8221; background_size=&#8221;contain&#8221; custom_css_main_element=&#8221;background-size: 75%;&#8221; border_width_right=&#8221;2px&#8221; border_color_right=&#8221;#5517A5&#8243; global_colors_info=&#8221;{}&#8221;][\/et_pb_column][\/et_pb_row][\/et_pb_section][et_pb_section fb_built=&#8221;1&#8243; _builder_version=&#8221;4.25.2&#8243; _module_preset=&#8221;default&#8221; custom_padding=&#8221;0px||0px||true|false&#8221; border_width_top=&#8221;2px&#8221; border_color_top=&#8221;#5517a5&#8243; global_colors_info=&#8221;{}&#8221;][et_pb_row column_structure=&#8221;2_5,3_5&#8243; use_custom_gutter=&#8221;on&#8221; gutter_width=&#8221;1&#8243; make_equal=&#8221;on&#8221; _builder_version=&#8221;4.24.2&#8243; _module_preset=&#8221;default&#8221; use_background_color_gradient=&#8221;on&#8221; background_color_gradient_direction=&#8221;65deg&#8221; background_color_gradient_stops=&#8221;#feec9f 0%|rgba(254,236,159,0) 60%&#8221; global_colors_info=&#8221;{}&#8221;][et_pb_column type=&#8221;2_5&#8243; _builder_version=&#8221;4.24.2&#8243; _module_preset=&#8221;default&#8221; background_image=&#8221;https:\/\/react-culture.eu\/wp-content\/uploads\/2024\/06\/certified.png&#8221; background_size=&#8221;contain&#8221; custom_css_main_element=&#8221;background-size: 75%;&#8221; border_width_left=&#8221;2px&#8221; border_color_left=&#8221;#5517A5&#8243; global_colors_info=&#8221;{}&#8221;][\/et_pb_column][et_pb_column type=&#8221;3_5&#8243; _builder_version=&#8221;4.24.2&#8243; _module_preset=&#8221;default&#8221; custom_padding=&#8221;10%|||10%|false|false&#8221; border_width_left=&#8221;2px&#8221; border_color_left=&#8221;#5517A5&#8243; global_colors_info=&#8221;{}&#8221;][et_pb_text _builder_version=&#8221;4.24.2&#8243; _module_preset=&#8221;5a5045e6-61a2-4e58-97da-2046445b98ed&#8221; global_colors_info=&#8221;{}&#8221;]<\/p>\n<h2>Ob\u021bine\u021bi certificare<\/h2>\n<p>[\/et_pb_text][et_pb_text _builder_version=&#8221;4.25.2&#8243; _module_preset=&#8221;5a5045e6-61a2-4e58-97da-2046445b98ed&#8221; custom_margin=&#8221;50px||80px||false|false&#8221; global_colors_info=&#8221;{}&#8221;]<\/p>\n<p>Accesa\u021bi un program gratuit de formare pentr ua \u00eembun\u0103t\u0103\u021bi \u00een\u021belegerea provoc\u0103rilor \u0219i solu\u021biilor de accesibilizare.<\/p>\n<p>[\/et_pb_text][et_pb_button button_url=&#8221;@ET-DC@eyJkeW5hbWljIjp0cnVlLCJjb250ZW50IjoicG9zdF9saW5rX3VybF9wYWdlIiwic2V0dGluZ3MiOnsicG9zdF9pZCI6IjE4MyJ9fQ==@&#8221; button_text=&#8221;Afla\u021bi mai multe&#8221; _builder_version=&#8221;4.25.2&#8243; _dynamic_attributes=&#8221;button_url&#8221; _module_preset=&#8221;001e6986-4399-4a44-9263-72b31c68de2f&#8221; global_colors_info=&#8221;{}&#8221;][\/et_pb_button][\/et_pb_column][\/et_pb_row][\/et_pb_section][et_pb_section fb_built=&#8221;1&#8243; _builder_version=&#8221;4.25.2&#8243; _module_preset=&#8221;default&#8221; custom_padding=&#8221;0px||0px||true|false&#8221; border_width_top=&#8221;2px&#8221; border_color_top=&#8221;#5517a5&#8243; global_colors_info=&#8221;{}&#8221;][et_pb_row column_structure=&#8221;2_5,3_5&#8243; use_custom_gutter=&#8221;on&#8221; gutter_width=&#8221;1&#8243; make_equal=&#8221;on&#8221; _builder_version=&#8221;4.24.2&#8243; _module_preset=&#8221;default&#8221; custom_padding=&#8221;80px||80px||true|false&#8221; global_colors_info=&#8221;{}&#8221;][et_pb_column type=&#8221;2_5&#8243; _builder_version=&#8221;4.24.2&#8243; _module_preset=&#8221;default&#8221; custom_padding=&#8221;||||false|false&#8221; border_color_right=&#8221;#5517A5&#8243; border_color_left=&#8221;#5517A5&#8243; global_colors_info=&#8221;{}&#8221;][et_pb_text _builder_version=&#8221;4.24.2&#8243; _module_preset=&#8221;5a5045e6-61a2-4e58-97da-2046445b98ed&#8221; header_2_font_size=&#8221;3.75rem&#8221; global_colors_info=&#8221;{}&#8221;]<\/p>\n<h2>Un parteneriat european<\/h2>\n<p>[\/et_pb_text][\/et_pb_column][et_pb_column type=&#8221;3_5&#8243; module_class=&#8221;squares&#8221; _builder_version=&#8221;4.24.2&#8243; _module_preset=&#8221;default&#8221; custom_padding=&#8221;||||false|false&#8221; global_colors_info=&#8221;{}&#8221;][et_pb_image src=&#8221;https:\/\/react-culture.eu\/wp-content\/uploads\/2024\/06\/alto.png&#8221; title_text=&#8221;alto&#8221; _builder_version=&#8221;4.25.2&#8243; _module_preset=&#8221;6857be18-6882-4da1-a5c0-9d1bb963d0b4&#8243; background_color=&#8221;#F7F7F7&#8243; global_colors_info=&#8221;{}&#8221;][\/et_pb_image][et_pb_image src=&#8221;https:\/\/react-culture.eu\/wp-content\/uploads\/2024\/06\/complexul-muzeal-national-moldova-iasi.png&#8221; title_text=&#8221;complexul-muzeal-national-moldova-iasi&#8221; _builder_version=&#8221;4.25.2&#8243; _module_preset=&#8221;6857be18-6882-4da1-a5c0-9d1bb963d0b4&#8243; background_color=&#8221;#F7F7F7&#8243; global_colors_info=&#8221;{}&#8221;][\/et_pb_image][et_pb_image src=&#8221;https:\/\/react-culture.eu\/wp-content\/uploads\/2024\/06\/arteria.png&#8221; title_text=&#8221;arteria&#8221; module_class=&#8221;square m&#8211;arteria&#8221; _builder_version=&#8221;4.25.2&#8243; _module_preset=&#8221;6857be18-6882-4da1-a5c0-9d1bb963d0b4&#8243; background_color=&#8221;#F7F7F7&#8243; global_colors_info=&#8221;{}&#8221;][\/et_pb_image][et_pb_image src=&#8221;https:\/\/react-culture.eu\/wp-content\/uploads\/2024\/06\/lesapprimeurs.png&#8221; title_text=&#8221;lesapprimeurs&#8221; _builder_version=&#8221;4.25.2&#8243; _module_preset=&#8221;6857be18-6882-4da1-a5c0-9d1bb963d0b4&#8243; background_color=&#8221;#F7F7F7&#8243; global_colors_info=&#8221;{}&#8221;][\/et_pb_image][et_pb_image src=&#8221;https:\/\/react-culture.eu\/wp-content\/uploads\/2024\/06\/logpsycom.png&#8221; title_text=&#8221;logpsycom&#8221; _builder_version=&#8221;4.25.2&#8243; _module_preset=&#8221;6857be18-6882-4da1-a5c0-9d1bb963d0b4&#8243; background_color=&#8221;#F7F7F7&#8243; global_colors_info=&#8221;{}&#8221;][\/et_pb_image][et_pb_image src=&#8221;https:\/\/react-culture.eu\/wp-content\/uploads\/2024\/06\/arrow.png&#8221; title_text=&#8221;arrow&#8221; url=&#8221;@ET-DC@eyJkeW5hbWljIjp0cnVlLCJjb250ZW50IjoicG9zdF9saW5rX3VybF9wYWdlIiwic2V0dGluZ3MiOnsicG9zdF9pZCI6IjE5NiJ9fQ==@&#8221; module_class=&#8221;square m&#8211;arrow&#8221; _builder_version=&#8221;4.25.2&#8243; _dynamic_attributes=&#8221;url&#8221; _module_preset=&#8221;6857be18-6882-4da1-a5c0-9d1bb963d0b4&#8243; background_color=&#8221;#5517A5&#8243; global_colors_info=&#8221;{}&#8221; background__hover_enabled=&#8221;on|hover&#8221; background_color__hover=&#8221;#7f61c5&#8243; background_enable_color__hover=&#8221;on&#8221;][\/et_pb_image][\/et_pb_column][\/et_pb_row][\/et_pb_section][et_pb_section fb_built=&#8221;1&#8243; _builder_version=&#8221;4.24.2&#8243; _module_preset=&#8221;default&#8221; custom_css_main_element=&#8221;display: none;&#8221; global_colors_info=&#8221;{}&#8221;][et_pb_row _builder_version=&#8221;4.24.2&#8243; _module_preset=&#8221;default&#8221; global_colors_info=&#8221;{}&#8221;][et_pb_column type=&#8221;4_4&#8243; _builder_version=&#8221;4.24.2&#8243; _module_preset=&#8221;default&#8221; global_colors_info=&#8221;{}&#8221;][et_pb_text _builder_version=&#8221;4.24.2&#8243; _module_preset=&#8221;5a5045e6-61a2-4e58-97da-2046445b98ed&#8221; custom_css_main_element=&#8221;display: none;&#8221; global_colors_info=&#8221;{}&#8221;]<\/p>\n<p>&#8230;<\/p>\n<p>[\/et_pb_text][\/et_pb_column][\/et_pb_row][\/et_pb_section]<\/p>\n","protected":false},"excerpt":{"rendered":"<p>REACT\u00cembun\u0103t\u0103\u021bi\u021bi experien\u021bei de vizitare pentru to\u021bi vizitatorii pentru care cultura nu este u\u0219or accesibil\u0103.Ob\u021bine\u021bi inspira\u021biDescoperi\u021bi o surs\u0103 de inspira\u021bie \u00een proiecte de accesibilizare din \u00eentreaga Europ\u0103.Ob\u021bine\u021bi solu\u021biiParcurge\u021bi un panel de instrumente \u0219i organiza\u021bii pentru a afla care de ce ave\u021bi nevoie pentru a \u00eembun\u0103t\u0103\u021bi accesibilitatea organiza\u021biei Dvs.Ob\u021bine\u021bi certificareAccesa\u021bi un program gratuit de formare pentr ua [&hellip;]<\/p>\n","protected":false},"author":1,"featured_media":0,"parent":0,"menu_order":0,"comment_status":"closed","ping_status":"closed","template":"","meta":{"_acf_changed":false,"_et_pb_use_builder":"on","_et_pb_old_content":"","_et_gb_content_width":"","footnotes":""},"class_list":["post-1199","page","type-page","status-publish","hentry"],"acf":[],"_links":{"self":[{"href":"https:\/\/react-culture.eu\/ro\/wp-json\/wp\/v2\/pages\/1199","targetHints":{"allow":["GET"]}}],"collection":[{"href":"https:\/\/react-culture.eu\/ro\/wp-json\/wp\/v2\/pages"}],"about":[{"href":"https:\/\/react-culture.eu\/ro\/wp-json\/wp\/v2\/types\/page"}],"author":[{"embeddable":true,"href":"https:\/\/react-culture.eu\/ro\/wp-json\/wp\/v2\/users\/1"}],"replies":[{"embeddable":true,"href":"https:\/\/react-culture.eu\/ro\/wp-json\/wp\/v2\/comments?post=1199"}],"version-history":[{"count":4,"href":"https:\/\/react-culture.eu\/ro\/wp-json\/wp\/v2\/pages\/1199\/revisions"}],"predecessor-version":[{"id":1320,"href":"https:\/\/react-culture.eu\/ro\/wp-json\/wp\/v2\/pages\/1199\/revisions\/1320"}],"wp:attachment":[{"href":"https:\/\/react-culture.eu\/ro\/wp-json\/wp\/v2\/media?parent=1199"}],"curies":[{"name":"wp","href":"https:\/\/api.w.org\/{rel}","templated":true}]}}