{"id":1193,"date":"2024-06-25T11:07:27","date_gmt":"2024-06-25T09:07:27","guid":{"rendered":"https:\/\/react-culture.eu\/obtineti-certificare\/"},"modified":"2026-02-24T16:50:38","modified_gmt":"2026-02-24T14:50:38","slug":"obtineti-certificare","status":"publish","type":"page","link":"https:\/\/react-culture.eu\/ro\/obtineti-certificare\/","title":{"rendered":"Ob\u021bine\u021bi certificare"},"content":{"rendered":"<p>[et_pb_section fb_built=&#8221;1&#8243; module_class=&#8221;page-header&#8221; _builder_version=&#8221;4.25.2&#8243; _module_preset=&#8221;83db7f57-1c10-4990-b0d5-086abeb4d5f7&#8243; overflow-x=&#8221;hidden&#8221; custom_padding=&#8221;0px||0px||true|false&#8221; saved_tabs=&#8221;all&#8221; locked=&#8221;off&#8221; global_colors_info=&#8221;{}&#8221;][et_pb_row _builder_version=&#8221;4.25.2&#8243; _module_preset=&#8221;default&#8221; custom_padding=&#8221;100px||100px|5%|true|false&#8221; border_width_left=&#8221;2px&#8221; border_color_left=&#8221;#5517A5&#8243; global_colors_info=&#8221;{}&#8221;][et_pb_column type=&#8221;4_4&#8243; _builder_version=&#8221;4.25.2&#8243; _module_preset=&#8221;default&#8221; global_colors_info=&#8221;{}&#8221;][et_pb_post_title _builder_version=&#8221;4.25.2&#8243; _module_preset=&#8221;df329464-255b-4170-b3e7-f79b6ec89a57&#8243; global_colors_info=&#8221;{}&#8221;][\/et_pb_post_title][et_pb_text _builder_version=&#8221;4.27.4&#8243; _module_preset=&#8221;default&#8221; max_width=&#8221;800px&#8221; hover_enabled=&#8221;0&#8243; sticky_enabled=&#8221;0&#8243;]<\/p>\n<p>Particip\u0103 la un program de formare gratuit care \u00ee\u021bi consolideaz\u0103 \u00een\u021belegerea provoc\u0103rilor \u0219i solu\u021biilor legate de accesibilitate. Parcurge modulele pentru a ob\u021bine un certificat \u0219i pentru a demonstra angajamentul t\u0103u fa\u021b\u0103 de incluziune \u0219i comunicare accesibil\u0103. <\/p>\n<p>[\/et_pb_text][\/et_pb_column][\/et_pb_row][\/et_pb_section][et_pb_section fb_built=&#8221;1&#8243; disabled_on=&#8221;off|off|off&#8221; _builder_version=&#8221;4.27.4&#8243; _module_preset=&#8221;83db7f57-1c10-4990-b0d5-086abeb4d5f7&#8243; custom_padding=&#8221;0px||0px||true|false&#8221; border_width_top=&#8221;2px&#8221; border_color_top=&#8221;#5517A5&#8243; locked=&#8221;off&#8221; global_colors_info=&#8221;{}&#8221;][et_pb_row use_custom_gutter=&#8221;on&#8221; gutter_width=&#8221;1&#8243; make_equal=&#8221;on&#8221; _builder_version=&#8221;4.27.4&#8243; _module_preset=&#8221;961bda81-8cfd-44cb-80fe-90d499824f3c&#8221; background_size=&#8221;initial&#8221; background_position=&#8221;top_left&#8221; background_repeat=&#8221;repeat&#8221; custom_padding=&#8221;100px||100px|5%|true|false&#8221; border_width_left=&#8221;2px&#8221; border_color_left=&#8221;#5517A5&#8243; global_colors_info=&#8221;{}&#8221;][et_pb_column type=&#8221;4_4&#8243; _builder_version=&#8221;4.27.4&#8243; custom_padding=&#8221;||||false|false&#8221; global_colors_info=&#8221;{}&#8221; custom_padding__hover=&#8221;|||&#8221;][et_pb_text _builder_version=&#8221;4.27.4&#8243; background_size=&#8221;initial&#8221; background_position=&#8221;top_left&#8221; background_repeat=&#8221;repeat&#8221; max_width=&#8221;700px&#8221; custom_margin=&#8221;||||false|false&#8221; global_colors_info=&#8221;{}&#8221;]<\/p>\n<p>Bine ai venit la cursul de e-learning <strong>REACT: Construirea de spa\u021bii culturale incluzive prin mediere digital\u0103<\/strong>!<\/p>\n<p>Acest curs este conceput pentru a v\u0103 ghida pas cu pas prin conceptele cheie legate de instrumentele de mediere digital\u0103 accesibile on-site\/ la fa\u021ba locului \u0219i off-site\/ \u00een afara sediului, folosind lec\u021bii scurte, perspective practice \u0219i studii de caz.<\/p>\n<p>Vei \u00eenv\u0103\u021ba \u00een ritmul t\u0103u \u0219i vei avea \u0219ansa de a-\u021bi verifica \u00een\u021belegerea \u0219i de a ob\u021bine la final un certificat.<\/p>\n<p><strong>Fiecare modul se \u00eencheie cu un test. Pentru a finaliza modulul trebuei s\u0103 ob\u021bine\u021bi un scor de minim 65%. <\/strong><\/p>\n<p><strong>Dac\u0103 sunte\u021bi interesat(\u0103), ve\u021bi putea solicita \u0219i un Certificat Europass Mobility. Pute\u021bi relua testul dac\u0103 este necesar. <\/strong><\/p>\n<p>Spor la \u00eenv\u0103\u021bat!<\/p>\n<p>[\/et_pb_text][\/et_pb_column][\/et_pb_row][\/et_pb_section][et_pb_section fb_built=&#8221;1&#8243; disabled_on=&#8221;off|off|off&#8221; _builder_version=&#8221;4.27.4&#8243; _module_preset=&#8221;83db7f57-1c10-4990-b0d5-086abeb4d5f7&#8243; custom_padding=&#8221;0px||0px||true|false&#8221; border_width_top=&#8221;2px&#8221; border_color_top=&#8221;#5517A5&#8243; locked=&#8221;off&#8221; global_colors_info=&#8221;{}&#8221;][et_pb_row column_structure=&#8221;1_3,2_3&#8243; use_custom_gutter=&#8221;on&#8221; gutter_width=&#8221;1&#8243; make_equal=&#8221;on&#8221; _builder_version=&#8221;4.27.4&#8243; _module_preset=&#8221;961bda81-8cfd-44cb-80fe-90d499824f3c&#8221; background_size=&#8221;initial&#8221; background_position=&#8221;top_left&#8221; background_repeat=&#8221;repeat&#8221; global_colors_info=&#8221;{}&#8221;][et_pb_column type=&#8221;1_3&#8243; module_class=&#8221;get-certified__col1&#8243; _builder_version=&#8221;4.27.4&#8243; background_color=&#8221;#e0d8fd&#8221; custom_padding=&#8221;|||&#8221; border_width_left=&#8221;2px&#8221; border_color_left=&#8221;#5517A5&#8243; global_colors_info=&#8221;{}&#8221; custom_padding__hover=&#8221;|||&#8221;][et_pb_button button_url=&#8221;https:\/\/www.youtube.com\/watch?v=J3aRip2BaL4&#8243; url_new_window=&#8221;on&#8221; button_text=&#8221;Urm\u0103ri\u021bi webinarul&#8221; disabled_on=&#8221;off|off|off&#8221; _builder_version=&#8221;4.27.4&#8243; _module_preset=&#8221;default&#8221; global_colors_info=&#8221;{}&#8221;][\/et_pb_button][\/et_pb_column][et_pb_column type=&#8221;2_3&#8243; _builder_version=&#8221;4.27.4&#8243; custom_padding=&#8221;5%|||5%|false|false&#8221; border_width_left=&#8221;2px&#8221; border_color_left=&#8221;#5517A5&#8243; global_colors_info=&#8221;{}&#8221; custom_padding__hover=&#8221;|||&#8221;][et_pb_text _builder_version=&#8221;4.27.4&#8243; background_size=&#8221;initial&#8221; background_position=&#8221;top_left&#8221; background_repeat=&#8221;repeat&#8221; custom_margin=&#8221;||80px||false|false&#8221; global_colors_info=&#8221;{}&#8221;]<\/p>\n<h2><!-- divi:paragraph -->Modulul 1: Muzee incluzive: Crearea de spa\u021bii culturale accesibile<\/h2>\n<p>\ud83c\udfdb\ufe0f Muzeele pot fi mai mult dec\u00e2t locuri de cultur\u0103 &#8211; ele pot deveni medii primitoare pentru toat\u0103 lumea, indiferent de origine, capacitate sau circumstan\u021be.<\/p>\n<p>\ud83d\udca1 \u00cen acest curs, ve\u021bi explora:<\/p>\n<ul style=\"list-style:none; padding-left:0;\">\n<li>\ud83d\udc49 Ce \u00eenseamn\u0103 incluziunea \u0219i accesibilitatea dincolo de rampele \u0219i ascensoarele fizice<\/li>\n<li>\ud83d\udc49 Cum s\u0103 recunoa\u0219tem diversitatea ca un punct forte<\/li>\n<li>\ud83d\udc49 Pa\u0219i mici, cu impact, care nu necesit\u0103 un buget mare<\/li>\n<li>\ud83d\udc49 Instrumente \u0219i mentalit\u0103\u021bi care favorizeaz\u0103 participarea \u0219i conectarea<\/li>\n<\/ul>\n<p>\ud83d\udd0dVe\u021bi descoperi, de asemenea, modul \u00een care muzeele din \u00eentreaga Europ\u0103 utilizeaz\u0103 tehnologia, dialogul intercultural \u0219i programele educa\u021bionale pentru a atrage diverse categorii de public.<\/p>\n<p>\ud83d\udcaa Ca muzeograf, nu v\u0103 adapta\u021bi doar la schimbare, ci o conduce\u021bi.<\/p>\n<p>S\u0103 construim muzee \u00een care to\u021bi vizitatorii s\u0103 se simt\u0103 v\u0103zu\u021bi, asculta\u021bi \u0219i aprecia\u021bi.<\/p>\n<p><!-- \/divi:paragraph --><\/p>\n<p>[\/et_pb_text][et_pb_button button_url=&#8221;https:\/\/react-culture.eu\/ro\/obtineti-certificare\/evaluare-initiala-inainte-de-modul\/?module=1&#8243; button_text=&#8221;\u00cencepe\u021bi modulul 1 (2h30)&#8221; disabled_on=&#8221;off|off|off&#8221; _builder_version=&#8221;4.27.4&#8243; _module_preset=&#8221;default&#8221; global_colors_info=&#8221;{}&#8221;][\/et_pb_button][\/et_pb_column][\/et_pb_row][\/et_pb_section][et_pb_section fb_built=&#8221;1&#8243; disabled_on=&#8221;off|off|off&#8221; _builder_version=&#8221;4.27.4&#8243; _module_preset=&#8221;83db7f57-1c10-4990-b0d5-086abeb4d5f7&#8243; custom_padding=&#8221;0px||0px||true|false&#8221; border_width_top=&#8221;2px&#8221; border_color_top=&#8221;#5517A5&#8243; locked=&#8221;off&#8221; global_colors_info=&#8221;{}&#8221;][et_pb_row column_structure=&#8221;1_3,2_3&#8243; use_custom_gutter=&#8221;on&#8221; gutter_width=&#8221;1&#8243; make_equal=&#8221;on&#8221; _builder_version=&#8221;4.27.4&#8243; _module_preset=&#8221;961bda81-8cfd-44cb-80fe-90d499824f3c&#8221; background_size=&#8221;initial&#8221; background_position=&#8221;top_left&#8221; background_repeat=&#8221;repeat&#8221; global_colors_info=&#8221;{}&#8221;][et_pb_column type=&#8221;1_3&#8243; module_class=&#8221;get-certified__col1&#8243; _builder_version=&#8221;4.27.4&#8243; background_color=&#8221;#e0d8fd&#8221; custom_padding=&#8221;|||&#8221; border_width_left=&#8221;2px&#8221; border_color_left=&#8221;#5517A5&#8243; global_colors_info=&#8221;{}&#8221; custom_padding__hover=&#8221;|||&#8221;][et_pb_button button_url=&#8221;https:\/\/www.youtube.com\/watch?v=gnutlB4XkCk&#8221; url_new_window=&#8221;on&#8221; button_text=&#8221;Urm\u0103ri\u021bi webinarul&#8221; disabled_on=&#8221;off|off|off&#8221; _builder_version=&#8221;4.27.4&#8243; _module_preset=&#8221;default&#8221; global_colors_info=&#8221;{}&#8221;][\/et_pb_button][\/et_pb_column][et_pb_column type=&#8221;2_3&#8243; _builder_version=&#8221;4.27.4&#8243; custom_padding=&#8221;5%|||5%|false|false&#8221; border_width_left=&#8221;2px&#8221; border_color_left=&#8221;#5517A5&#8243; global_colors_info=&#8221;{}&#8221; custom_padding__hover=&#8221;|||&#8221;][et_pb_text _builder_version=&#8221;4.27.4&#8243; background_size=&#8221;initial&#8221; background_position=&#8221;top_left&#8221; background_repeat=&#8221;repeat&#8221; custom_margin=&#8221;||80px||false|false&#8221; global_colors_info=&#8221;{}&#8221;]<\/p>\n<h2><!-- divi:paragraph -->Modulul 2: Medierea digital\u0103 incluziv\u0103 la fa\u021ba locului \u00een muzee<\/h2>\n<p>\ud83e\udde0 Instrumentele de mediere digital\u0103 &#8211; cum ar fi chio\u0219curile interactive, VR \u0219i camerele multimedia &#8211; pot \u00eembun\u0103t\u0103\u021bi experien\u021bele muzeale \u0219i le pot face mai incluzive pentru to\u021bi vizitatorii. Aceste tehnologii merg dincolo de divertisment &#8211; ele ajut\u0103 la eliminarea barierelor tradi\u021bionale de accesibilitate \u0219i sprijin\u0103 nevoile diverse ale vizitatorilor. <\/p>\n<p>\ud83d\udca1 \u00cen acest modul, ve\u021bi \u00eenv\u0103\u021ba:<\/p>\n<ul style=\"list-style:none; padding-left:0;\">\n<li>\ud83d\udc49 Modul \u00een care instrumentele digitale la fa\u021ba locului pot favoriza incluziunea<\/li>\n<li>\ud83d\udc49 Provoc\u0103ri \u00een utilizarea acestor instrumente &#8211; \u0219i cum s\u0103 le abord\u0103m<\/li>\n<li>\ud83d\udc49 Cum s\u0103 personaliza\u021bi c\u0103l\u0103toriile vizitatorilor pentru un impact mai mare<\/li>\n<li>\ud83d\udc49 Studii de caz din lumea real\u0103 din muzee din Europa \u0219i nu numai<\/li>\n<\/ul>\n<p>\ud83d\udee0\ufe0f \u00cen plus, sunt incluse activit\u0103\u021bi practice pentru a v\u0103 ajuta s\u0103 reflecta\u021bi \u0219i s\u0103 aplica\u021bi noile idei \u00een propriul muzeu.<\/p>\n<p>S\u0103 explor\u0103m modul \u00een care medierea digital\u0103 poate transforma muzeele \u00een spa\u021bii care se conecteaz\u0103 cu fiecare vizitator.<\/p>\n<p><!-- \/divi:paragraph -->[\/et_pb_text][et_pb_code _builder_version=&#8221;4.27.4&#8243; _module_preset=&#8221;default&#8221; global_colors_info=&#8221;{}&#8221;][\/et_pb_code][et_pb_button button_url=&#8221;https:\/\/react-culture.eu\/ro\/obtineti-certificare\/evaluare-initiala-inainte-de-modul\/?module=2&#8243; button_text=&#8221;\u00cencepe\u021bi modulul 2 (2h)&#8221; disabled_on=&#8221;off|off|off&#8221; _builder_version=&#8221;4.27.4&#8243; _module_preset=&#8221;default&#8221; global_colors_info=&#8221;{}&#8221;][\/et_pb_button][\/et_pb_column][\/et_pb_row][\/et_pb_section][et_pb_section fb_built=&#8221;1&#8243; disabled_on=&#8221;off|off|off&#8221; _builder_version=&#8221;4.27.4&#8243; _module_preset=&#8221;83db7f57-1c10-4990-b0d5-086abeb4d5f7&#8243; custom_padding=&#8221;0px||0px||true|false&#8221; border_width_top=&#8221;2px&#8221; border_color_top=&#8221;#5517A5&#8243; locked=&#8221;off&#8221; global_colors_info=&#8221;{}&#8221;][et_pb_row column_structure=&#8221;1_3,2_3&#8243; use_custom_gutter=&#8221;on&#8221; gutter_width=&#8221;1&#8243; make_equal=&#8221;on&#8221; _builder_version=&#8221;4.27.4&#8243; _module_preset=&#8221;961bda81-8cfd-44cb-80fe-90d499824f3c&#8221; background_size=&#8221;initial&#8221; background_position=&#8221;top_left&#8221; background_repeat=&#8221;repeat&#8221; global_colors_info=&#8221;{}&#8221;][et_pb_column type=&#8221;1_3&#8243; module_class=&#8221;get-certified__col1&#8243; _builder_version=&#8221;4.27.4&#8243; background_color=&#8221;#e0d8fd&#8221; custom_padding=&#8221;|||&#8221; border_width_left=&#8221;2px&#8221; border_color_left=&#8221;#5517A5&#8243; global_colors_info=&#8221;{}&#8221; custom_padding__hover=&#8221;|||&#8221;][et_pb_button button_url=&#8221;https:\/\/www.youtube.com\/watch?v=4ITEAoQzSUw&#8221; url_new_window=&#8221;on&#8221; button_text=&#8221;Urm\u0103ri\u021bi webinarul&#8221; disabled_on=&#8221;off|off|off&#8221; _builder_version=&#8221;4.27.4&#8243; _module_preset=&#8221;default&#8221; global_colors_info=&#8221;{}&#8221;][\/et_pb_button][\/et_pb_column][et_pb_column type=&#8221;2_3&#8243; _builder_version=&#8221;4.27.4&#8243; custom_padding=&#8221;5%|||5%|false|false&#8221; border_width_left=&#8221;2px&#8221; border_color_left=&#8221;#5517A5&#8243; global_colors_info=&#8221;{}&#8221; custom_padding__hover=&#8221;|||&#8221;][et_pb_text _builder_version=&#8221;4.27.4&#8243; background_size=&#8221;initial&#8221; background_position=&#8221;top_left&#8221; background_repeat=&#8221;repeat&#8221; custom_margin=&#8221;||80px||false|false&#8221; global_colors_info=&#8221;{}&#8221;]<\/p>\n<h2><!-- divi:paragraph -->Modulul 3: Medierea digital\u0103 \u00een afara sitului pentru muzee incluzive<\/h2>\n<p>\ud83d\udda5\ufe0f De la expozi\u021bii virtuale la podcast-uri \u0219i platforme de streaming, medierea off-site ajut\u0103 muzeele s\u0103 ajung\u0103 la audien\u021be \u00eendep\u0103rtate, slab deservite sau interna\u021bionale, f\u0103c\u00e2nd con\u021binutul cultural accesibil tuturor.<\/p>\n<p>\ud83d\udca1 \u00cen acest modul, ve\u021bi \u00eenv\u0103\u021ba:<\/p>\n<ul style=\"list-style:none; padding-left:0;\">\n<li>\ud83d\udc49 Ce este medierea digital\u0103 off-site \u0219i de ce este important\u0103<\/li>\n<li>\ud83d\udc49 Instrumente precum tururi virtuale, expozi\u021bii digitale, buletine informative \u0219i multe altele<\/li>\n<li>\ud83d\udc49 Cum s\u0103 dep\u0103\u0219i\u021bi provoc\u0103rile comune \u00een implicarea la distan\u021b\u0103<\/li>\n<li>\ud83d\udc49 Studii de caz de la muzee care inoveaz\u0103 \u00een acest domeniu<\/li>\n<\/ul>\n<p>\ud83d\udee0\ufe0f Activit\u0103\u021bile \u0219i exemplele v\u0103 vor ghida \u00een dezvoltarea propriei strategii de mediere \u00een afara sediului &#8211; adaptat\u0103 la obiectivele \u0219i publicul institu\u021biei dumneavoastr\u0103.<\/p>\n<p>Haide\u021bi s\u0103 imagin\u0103m noi modalit\u0103\u021bi de a inspira, educa \u0219i conecta &#8211; oriunde s-ar afla vizitatorii dvs.<\/p>\n<p><!-- \/divi:paragraph --><\/p>\n<p>[\/et_pb_text][et_pb_button button_url=&#8221;https:\/\/react-culture.eu\/ro\/obtineti-certificare\/evaluare-initiala-inainte-de-modul\/?module=3&#8243; button_text=&#8221;\u00cencepe\u021bi modulul 3 (2h40)&#8221; disabled_on=&#8221;off|off|off&#8221; _builder_version=&#8221;4.27.4&#8243; _module_preset=&#8221;default&#8221; global_colors_info=&#8221;{}&#8221;][\/et_pb_button][\/et_pb_column][\/et_pb_row][\/et_pb_section]<\/p>\n","protected":false},"excerpt":{"rendered":"<p>Particip\u0103 la un program de formare gratuit care \u00ee\u021bi consolideaz\u0103 \u00een\u021belegerea provoc\u0103rilor \u0219i solu\u021biilor legate de accesibilitate. Parcurge modulele pentru a ob\u021bine un certificat \u0219i pentru a demonstra angajamentul t\u0103u fa\u021b\u0103 de incluziune \u0219i comunicare accesibil\u0103. Bine ai venit la cursul de e-learning REACT: Construirea de spa\u021bii culturale incluzive prin mediere digital\u0103! Acest curs este [&hellip;]<\/p>\n","protected":false},"author":1,"featured_media":0,"parent":0,"menu_order":0,"comment_status":"closed","ping_status":"closed","template":"","meta":{"_acf_changed":false,"_et_pb_use_builder":"on","_et_pb_old_content":"","_et_gb_content_width":"","footnotes":""},"class_list":["post-1193","page","type-page","status-publish","hentry"],"acf":[],"_links":{"self":[{"href":"https:\/\/react-culture.eu\/ro\/wp-json\/wp\/v2\/pages\/1193","targetHints":{"allow":["GET"]}}],"collection":[{"href":"https:\/\/react-culture.eu\/ro\/wp-json\/wp\/v2\/pages"}],"about":[{"href":"https:\/\/react-culture.eu\/ro\/wp-json\/wp\/v2\/types\/page"}],"author":[{"embeddable":true,"href":"https:\/\/react-culture.eu\/ro\/wp-json\/wp\/v2\/users\/1"}],"replies":[{"embeddable":true,"href":"https:\/\/react-culture.eu\/ro\/wp-json\/wp\/v2\/comments?post=1193"}],"version-history":[{"count":12,"href":"https:\/\/react-culture.eu\/ro\/wp-json\/wp\/v2\/pages\/1193\/revisions"}],"predecessor-version":[{"id":3146,"href":"https:\/\/react-culture.eu\/ro\/wp-json\/wp\/v2\/pages\/1193\/revisions\/3146"}],"wp:attachment":[{"href":"https:\/\/react-culture.eu\/ro\/wp-json\/wp\/v2\/media?parent=1193"}],"curies":[{"name":"wp","href":"https:\/\/api.w.org\/{rel}","templated":true}]}}