{"id":1191,"date":"2024-06-25T11:08:23","date_gmt":"2024-06-25T09:08:23","guid":{"rendered":"https:\/\/react-culture.eu\/demo-uri\/"},"modified":"2026-03-02T12:07:30","modified_gmt":"2026-03-02T10:07:30","slug":"cazuri-practice","status":"publish","type":"page","link":"https:\/\/react-culture.eu\/ro\/cazuri-practice\/","title":{"rendered":"Cazuri practice"},"content":{"rendered":"<p>[et_pb_section fb_built=&#8221;1&#8243; module_class=&#8221;page-header&#8221; _builder_version=&#8221;4.25.2&#8243; _module_preset=&#8221;83db7f57-1c10-4990-b0d5-086abeb4d5f7&#8243; overflow-x=&#8221;hidden&#8221; custom_padding=&#8221;0px||0px||true|false&#8221; saved_tabs=&#8221;all&#8221; global_colors_info=&#8221;{}&#8221; disabled_on=&#8221;on|on|on&#8221; disabled=&#8221;on&#8221;][et_pb_row _builder_version=&#8221;4.25.2&#8243; _module_preset=&#8221;default&#8221; custom_padding=&#8221;100px||100px|5%|true|false&#8221; border_width_left=&#8221;2px&#8221; border_color_left=&#8221;#5517A5&#8243; global_colors_info=&#8221;{}&#8221;][et_pb_column type=&#8221;4_4&#8243; _builder_version=&#8221;4.25.2&#8243; _module_preset=&#8221;default&#8221; global_colors_info=&#8221;{}&#8221;][et_pb_post_title _builder_version=&#8221;4.25.2&#8243; _module_preset=&#8221;df329464-255b-4170-b3e7-f79b6ec89a57&#8243; global_colors_info=&#8221;{}&#8221;][\/et_pb_post_title][\/et_pb_column][\/et_pb_row][\/et_pb_section][et_pb_section fb_built=&#8221;1&#8243; _builder_version=&#8221;4.25.2&#8243; _module_preset=&#8221;83db7f57-1c10-4990-b0d5-086abeb4d5f7&#8243; custom_padding=&#8221;0px||0px||true|false&#8221; border_width_top=&#8221;2px&#8221; border_color_top=&#8221;#5517A5&#8243; global_colors_info=&#8221;{}&#8221; disabled_on=&#8221;on|on|on&#8221; disabled=&#8221;on&#8221;][et_pb_row use_custom_gutter=&#8221;on&#8221; gutter_width=&#8221;1&#8243; make_equal=&#8221;on&#8221; _builder_version=&#8221;4.27.4&#8243; _module_preset=&#8221;961bda81-8cfd-44cb-80fe-90d499824f3c&#8221; background_size=&#8221;initial&#8221; background_position=&#8221;top_left&#8221; background_repeat=&#8221;repeat&#8221; global_colors_info=&#8221;{}&#8221;][et_pb_column type=&#8221;4_4&#8243; _builder_version=&#8221;4.27.4&#8243; custom_padding=&#8221;10%|||10%|false|false&#8221; border_width_left=&#8221;2px&#8221; border_color_left=&#8221;#5517A5&#8243; global_colors_info=&#8221;{}&#8221; custom_padding__hover=&#8221;|||&#8221;][et_pb_text _builder_version=&#8221;4.27.4&#8243; background_size=&#8221;initial&#8221; background_position=&#8221;top_left&#8221; background_repeat=&#8221;repeat&#8221; custom_margin=&#8221;||80px||false|false&#8221; global_colors_info=&#8221;{}&#8221;]<\/p>\n<h2>Muzeul Jude\u021bean Boto\u0219ani<\/h2>\n<p><strong>Boto\u0219ani &#8211; Romania<\/strong><\/p>\n<p><!-- \/divi:paragraph -->[\/et_pb_text][et_pb_button button_url=&#8221;https:\/\/react-culture.eu\/wp-content\/uploads\/tours360\/botosani\/&#8221; url_new_window=&#8221;on&#8221; button_text=&#8221;Tur virtual&#8221; _builder_version=&#8221;4.27.4&#8243; _module_preset=&#8221;default&#8221; global_colors_info=&#8221;{}&#8221;][\/et_pb_button][\/et_pb_column][\/et_pb_row][\/et_pb_section][et_pb_section fb_built=&#8221;1&#8243; _builder_version=&#8221;4.25.2&#8243; _module_preset=&#8221;83db7f57-1c10-4990-b0d5-086abeb4d5f7&#8243; custom_padding=&#8221;0px||0px||true|false&#8221; border_width_top=&#8221;2px&#8221; border_color_top=&#8221;#5517A5&#8243; global_colors_info=&#8221;{}&#8221; disabled_on=&#8221;on|on|on&#8221; disabled=&#8221;on&#8221;][et_pb_row use_custom_gutter=&#8221;on&#8221; gutter_width=&#8221;1&#8243; make_equal=&#8221;on&#8221; _builder_version=&#8221;4.27.4&#8243; _module_preset=&#8221;961bda81-8cfd-44cb-80fe-90d499824f3c&#8221; background_size=&#8221;initial&#8221; background_position=&#8221;top_left&#8221; background_repeat=&#8221;repeat&#8221; global_colors_info=&#8221;{}&#8221;][et_pb_column type=&#8221;4_4&#8243; _builder_version=&#8221;4.27.4&#8243; custom_padding=&#8221;10%|||10%|false|false&#8221; border_width_left=&#8221;2px&#8221; border_color_left=&#8221;#5517A5&#8243; global_colors_info=&#8221;{}&#8221; custom_padding__hover=&#8221;|||&#8221;][et_pb_text _builder_version=&#8221;4.27.4&#8243; background_size=&#8221;initial&#8221; background_position=&#8221;top_left&#8221; background_repeat=&#8221;repeat&#8221; custom_margin=&#8221;||80px||false|false&#8221; global_colors_info=&#8221;{}&#8221;]<\/p>\n<h2>Muzeul Arta Lemnului<\/h2>\n<p><strong>Suceava &#8211; Romania<\/strong><\/p>\n<p><!-- \/divi:paragraph --><\/p>\n<p>[\/et_pb_text][et_pb_button button_url=&#8221;https:\/\/react-culture.eu\/wp-content\/uploads\/tours360\/arta-lemnului\/&#8221; url_new_window=&#8221;on&#8221; button_text=&#8221;Tur virtual&#8221; _builder_version=&#8221;4.27.4&#8243; _module_preset=&#8221;default&#8221; global_colors_info=&#8221;{}&#8221;][\/et_pb_button][\/et_pb_column][\/et_pb_row][\/et_pb_section][et_pb_section fb_built=&#8221;1&#8243; _builder_version=&#8221;4.25.2&#8243; _module_preset=&#8221;83db7f57-1c10-4990-b0d5-086abeb4d5f7&#8243; custom_padding=&#8221;0px||0px||true|false&#8221; border_width_top=&#8221;2px&#8221; border_color_top=&#8221;#5517A5&#8243; global_colors_info=&#8221;{}&#8221; disabled_on=&#8221;on|on|on&#8221; disabled=&#8221;on&#8221;][et_pb_row use_custom_gutter=&#8221;on&#8221; gutter_width=&#8221;1&#8243; make_equal=&#8221;on&#8221; _builder_version=&#8221;4.27.4&#8243; _module_preset=&#8221;961bda81-8cfd-44cb-80fe-90d499824f3c&#8221; background_size=&#8221;initial&#8221; background_position=&#8221;top_left&#8221; background_repeat=&#8221;repeat&#8221; global_colors_info=&#8221;{}&#8221;][et_pb_column type=&#8221;4_4&#8243; _builder_version=&#8221;4.27.4&#8243; custom_padding=&#8221;10%|||10%|false|false&#8221; border_width_left=&#8221;2px&#8221; border_color_left=&#8221;#5517A5&#8243; global_colors_info=&#8221;{}&#8221; custom_padding__hover=&#8221;|||&#8221;][et_pb_text _builder_version=&#8221;4.27.4&#8243; background_size=&#8221;initial&#8221; background_position=&#8221;top_left&#8221; background_repeat=&#8221;repeat&#8221; custom_margin=&#8221;||80px||false|false&#8221; global_colors_info=&#8221;{}&#8221;]<\/p>\n<h2>Muzeul Hanul Domnesc<\/h2>\n<p><strong>Suceava &#8211; Romania<\/strong><\/p>\n<p><!-- \/divi:paragraph -->[\/et_pb_text][et_pb_button button_url=&#8221;https:\/\/react-culture.eu\/wp-content\/uploads\/tours360\/the-princely-inn\/&#8221; url_new_window=&#8221;on&#8221; button_text=&#8221;Tur virtual&#8221; _builder_version=&#8221;4.27.4&#8243; _module_preset=&#8221;default&#8221; global_colors_info=&#8221;{}&#8221;][\/et_pb_button][\/et_pb_column][\/et_pb_row][\/et_pb_section][et_pb_section fb_built=&#8221;1&#8243; _builder_version=&#8221;4.25.2&#8243; _module_preset=&#8221;default&#8221; custom_padding=&#8221;0px||||false|false&#8221; global_colors_info=&#8221;{}&#8221; locked=&#8221;off&#8221;][et_pb_row _builder_version=&#8221;4.25.2&#8243; _module_preset=&#8221;default&#8221; custom_padding=&#8221;100px||100px||true|false&#8221; global_colors_info=&#8221;{}&#8221;][et_pb_column type=&#8221;4_4&#8243; _builder_version=&#8221;4.25.2&#8243; _module_preset=&#8221;default&#8221; global_colors_info=&#8221;{}&#8221;][et_pb_post_title _builder_version=&#8221;4.25.2&#8243; _module_preset=&#8221;default&#8221; global_colors_info=&#8221;{}&#8221;][\/et_pb_post_title][et_pb_text _builder_version=&#8221;4.27.4&#8243; _module_preset=&#8221;default&#8221; max_width=&#8221;800px&#8221; hover_enabled=&#8221;0&#8243; global_colors_info=&#8221;{}&#8221; disabled_on=&#8221;off|off|off&#8221; sticky_enabled=&#8221;0&#8243;]<\/p>\n<p>Fiecare dintre exemplele prezentate reflect\u0103 un proces de co-creare: partenerii proiectului REACT \u0219i muzeele asociate au analizat nevoile vizitatorilor, au conceput prototipuri, le-au testat \u00een mediul muzeal \u0219i le-au \u00eembun\u0103t\u0103\u021bit pe baza feedbackului utilizatorilor. Rezultatul este o colec\u021bie de solu\u021bii concrete care arat\u0103 cum tehnologia, participarea \u0219i accesibilitatea pot lucra \u00eempreun\u0103 pentru a crea experien\u021be culturale mai incluzive.<br \/>\u00cempreun\u0103, acestea formeaz\u0103 un set de modele transferabile pe care orice muzeu sau institu\u021bie cultural\u0103 le poate utiliza pentru a-\u0219i dezvolta propriile practici digitale incluzive. <\/p>\n<p>[\/et_pb_text][\/et_pb_column][\/et_pb_row][et_pb_row _builder_version=&#8221;4.25.2&#8243; _module_preset=&#8221;default&#8221; global_colors_info=&#8221;{}&#8221;][et_pb_column type=&#8221;4_4&#8243; _builder_version=&#8221;4.25.2&#8243; _module_preset=&#8221;default&#8221; global_colors_info=&#8221;{}&#8221;][et_pb_code _builder_version=&#8221;4.27.4&#8243; _module_preset=&#8221;default&#8221; hover_enabled=&#8221;0&#8243; global_colors_info=&#8221;{}&#8221; sticky_enabled=&#8221;0&#8243;]<!-- Gridbuilder \u1d42\u1d3e Plugin (https:\/\/wpgridbuilder.com) -->\n<div class=\"wp-grid-builder wpgb-grid-7\" data-options=\"{&quot;id&quot;:7,&quot;type&quot;:&quot;masonry&quot;,&quot;source&quot;:&quot;post_type&quot;,&quot;loader&quot;:false,&quot;layout&quot;:&quot;vertical&quot;,&quot;reveal&quot;:0,&quot;isMainQuery&quot;:0,&quot;lazyLoad&quot;:false,&quot;cardSizes&quot;:{&quot;9999&quot;:{&quot;columns&quot;:3,&quot;height&quot;:240,&quot;gutter&quot;:0,&quot;ratio&quot;:&quot;1.33333&quot;},&quot;1200&quot;:{&quot;columns&quot;:3,&quot;height&quot;:240,&quot;gutter&quot;:0,&quot;ratio&quot;:&quot;1.33333&quot;},&quot;992&quot;:{&quot;columns&quot;:2,&quot;height&quot;:220,&quot;gutter&quot;:0,&quot;ratio&quot;:&quot;1.33333&quot;},&quot;768&quot;:{&quot;columns&quot;:2,&quot;height&quot;:220,&quot;gutter&quot;:0,&quot;ratio&quot;:&quot;1.33333&quot;},&quot;576&quot;:{&quot;columns&quot;:1,&quot;height&quot;:200,&quot;gutter&quot;:0,&quot;ratio&quot;:&quot;1.33333&quot;},&quot;320&quot;:{&quot;columns&quot;:1,&quot;height&quot;:200,&quot;gutter&quot;:0,&quot;ratio&quot;:&quot;1.33333&quot;}},&quot;fitRows&quot;:false,&quot;equalRows&quot;:0,&quot;equalColumns&quot;:true,&quot;fillLastRow&quot;:0,&quot;centerLastRow&quot;:0,&quot;horizontalOrder&quot;:false,&quot;fullWidth&quot;:false,&quot;transitionDelay&quot;:100,&quot;gallerySlideshow&quot;:false,&quot;rowsNumber&quot;:1,&quot;slideAlign&quot;:&quot;left&quot;,&quot;groupCells&quot;:1,&quot;draggable&quot;:true,&quot;initialIndex&quot;:0,&quot;contain&quot;:false,&quot;freeScroll&quot;:false,&quot;freeFriction&quot;:&quot;0.075&quot;,&quot;friction&quot;:&quot;0.285&quot;,&quot;attraction&quot;:&quot;0.025&quot;,&quot;autoPlay&quot;:0,&quot;pageDotAriaLabel&quot;:&quot;Page dot %d&quot;,&quot;isPreview&quot;:false,&quot;isGutenberg&quot;:false,&quot;rightToLeft&quot;:false}\"><div class=\"wpgb-svg-icons\" hidden>\n\t<svg viewBox=\"0 0 120 24\" width=\"0\" height=\"0\">\n\t<defs>\n        <polygon id=\"wpgb-star-svg\" points=\"12 2.5 15.1 8.8 22 9.8 17 14.6 18.2 21.5 12 18.3 5.8 21.5 7 14.6 2 9.8 8.9 8.8\"><\/polygon>\n    <\/defs>\n    <symbol id=\"wpgb-rating-stars-svg\">\n        <use xlink:href=\"#wpgb-star-svg\"><\/use>\n        <use xlink:href=\"#wpgb-star-svg\" x=\"24\"><\/use>\n        <use xlink:href=\"#wpgb-star-svg\" x=\"48\"><\/use>\n        <use xlink:href=\"#wpgb-star-svg\" x=\"72\"><\/use>\n        <use xlink:href=\"#wpgb-star-svg\" x=\"96\"><\/use>\n    <\/symbol>\n<\/svg>\n<\/div>\n<div class=\"wpgb-wrapper\">\n\t<div class=\"wpgb-main\">\n\t<div class=\"wpgb-layout\">\n\t<div class=\"wpgb-viewport\">\n\t\t<div class=\"wpgb-masonry\">\n\t\t\t<article class=\"wpgb-card wpgb-card-1 wpgb-post-3033\" data-col=\"1\" data-row=\"1\" data-format=\"standard\"><div class=\"wpgb-card-wrapper\"><div class=\"wpgb-card-inner\" data-action><div class=\"wpgb-card-content wpgb-scheme-dark\"><div class=\"wpgb-card-body\"><h3 class=\"wpgb-block-1\">Tur &#8222;Masterpieces&#8221; cu descriere audio. Mus\u00e9e Rodin \u2013 Paris \u2013 Fran\u021ba<\/h3><\/div><\/div><a class=\"wpgb-card-layer-link\" aria-label=\"Tur &#8222;Masterpieces&#8221; cu descriere audio. Mus\u00e9e Rodin \u2013 Paris \u2013 Fran\u021ba\" href=\"https:\/\/react-culture.eu\/ro\/cazuri-practice\/tur-audio-pentru-vizitatori-cu-deficiente-de-vedere-tur-masterpieces-cu-descriere-audio-musee-rodin-paris-franta\/\"><\/a><\/div><\/div><\/article><article class=\"wpgb-card wpgb-card-1 wpgb-post-3032\" data-col=\"1\" data-row=\"1\" data-format=\"standard\"><div class=\"wpgb-card-wrapper\"><div class=\"wpgb-card-inner\" data-action><div class=\"wpgb-card-content wpgb-scheme-dark\"><div class=\"wpgb-card-body\"><h3 class=\"wpgb-block-1\">Mundaneum, Mons, Belgia<\/h3><\/div><\/div><a class=\"wpgb-card-layer-link\" aria-label=\"Mundaneum, Mons, Belgia\" href=\"https:\/\/react-culture.eu\/ro\/cazuri-practice\/mundaneum-mons-belgia\/\"><\/a><\/div><\/div><\/article><article class=\"wpgb-card wpgb-card-1 wpgb-post-3020\" data-col=\"1\" data-row=\"1\" data-format=\"standard\"><div class=\"wpgb-card-wrapper\"><div class=\"wpgb-card-inner\" data-action><div class=\"wpgb-card-content wpgb-scheme-dark\"><div class=\"wpgb-card-body\"><h3 class=\"wpgb-block-1\">Edufurniture\/ Edu-mobilier. Espace gallo-romain, Ath, Belgia<\/h3><\/div><\/div><a class=\"wpgb-card-layer-link\" aria-label=\"Edufurniture\/ Edu-mobilier. Espace gallo-romain, Ath, Belgia\" href=\"https:\/\/react-culture.eu\/ro\/cazuri-practice\/edufurniture-edu-mobilier-espace-gallo-romain-ath-belgia\/\"><\/a><\/div><\/div><\/article><article class=\"wpgb-card wpgb-card-1 wpgb-post-3018\" data-col=\"1\" data-row=\"1\" data-format=\"standard\"><div class=\"wpgb-card-wrapper\"><div class=\"wpgb-card-inner\" data-action><div class=\"wpgb-card-content wpgb-scheme-dark\"><div class=\"wpgb-card-body\"><h3 class=\"wpgb-block-1\">Bro\u0219ur\u0103 pentru vizitatori, u\u0219or de citit \u0219i de \u00een\u021beles. Les Franciscaines, Deauville, France<\/h3><\/div><\/div><a class=\"wpgb-card-layer-link\" aria-label=\"Bro\u0219ur\u0103 pentru vizitatori, u\u0219or de citit \u0219i de \u00een\u021beles. Les Franciscaines, Deauville, France\" href=\"https:\/\/react-culture.eu\/ro\/cazuri-practice\/tur-incluziv-brosura-pentru-vizitatori-usor-de-citit-si-de-inteles-fr-facile-a-lire-et-a-comprendre-les-franciscaines-deauville-france\/\"><\/a><\/div><\/div><\/article><article class=\"wpgb-card wpgb-card-1 wpgb-post-3015\" data-col=\"1\" data-row=\"1\" data-format=\"standard\"><div class=\"wpgb-card-wrapper\"><div class=\"wpgb-card-inner\" data-action><div class=\"wpgb-card-content wpgb-scheme-dark\"><div class=\"wpgb-card-body\"><h3 class=\"wpgb-block-1\">Bro\u0219ur\u0103 pentru vizitatori, u\u0219or de citit \u0219i de \u00een\u021beles. Cit\u00e9 de la Mer, Cherbourg-en-Cotentin, Fran\u021ba<\/h3><\/div><\/div><a class=\"wpgb-card-layer-link\" aria-label=\"Bro\u0219ur\u0103 pentru vizitatori, u\u0219or de citit \u0219i de \u00een\u021beles. Cit\u00e9 de la Mer, Cherbourg-en-Cotentin, Fran\u021ba\" href=\"https:\/\/react-culture.eu\/ro\/cazuri-practice\/tur-incluziv-brosura-pentru-vizitatori-usor-de-citit-si-de-inteles-fr-facile-a-lire-et-a-comprendre-cite-de-la-mer-cherbourg-en-cotentin-franta\/\"><\/a><\/div><\/div><\/article><article class=\"wpgb-card wpgb-card-1 wpgb-post-3034\" data-col=\"1\" data-row=\"1\" data-format=\"standard\"><div class=\"wpgb-card-wrapper\"><div class=\"wpgb-card-inner\" data-action><div class=\"wpgb-card-content wpgb-scheme-dark\"><div class=\"wpgb-card-body\"><h3 class=\"wpgb-block-1\">Panouri tactile pentru vizitatorii cu deficien\u021be de vedere \u00een trei muzee rom\u00e2ne\u0219ti<\/h3><\/div><\/div><a class=\"wpgb-card-layer-link\" aria-label=\"Panouri tactile pentru vizitatorii cu deficien\u021be de vedere \u00een trei muzee rom\u00e2ne\u0219ti\" href=\"https:\/\/react-culture.eu\/ro\/cazuri-practice\/panouri-tactile-pentru-vizitatorii-cu-deficiente-de-vedere-in-trei-muzee-romanesti-cu-profil-etnografic\/\"><\/a><\/div><\/div><\/article><article class=\"wpgb-card wpgb-card-1 wpgb-post-3036\" data-col=\"1\" data-row=\"1\" data-format=\"standard\"><div class=\"wpgb-card-wrapper\"><div class=\"wpgb-card-inner\" data-action><div class=\"wpgb-card-content wpgb-scheme-dark\"><div class=\"wpgb-card-body\"><h3 class=\"wpgb-block-1\">Publica\u021bie digital\u0103 \u00een format u\u0219or de citit \u0219i de \u00een\u021beles la Centrul Municipal de Cultur\u0103 \u0219i Art\u0103 din Pyskowice, Polonia<\/h3><\/div><\/div><a class=\"wpgb-card-layer-link\" aria-label=\"Publica\u021bie digital\u0103 \u00een format u\u0219or de citit \u0219i de \u00een\u021beles la Centrul Municipal de Cultur\u0103 \u0219i Art\u0103 din Pyskowice, Polonia\" href=\"https:\/\/react-culture.eu\/ro\/cazuri-practice\/expozitie-pyskowice-orasul-publicatie-digitala-pdf-pentru-toate-tipurile-de-public-de-asemenea-in-etr-centrul-municipal-pentru-cultura-si-arta-pyskowice-polonia\/\"><\/a><\/div><\/div><\/article><article class=\"wpgb-card wpgb-card-1 wpgb-post-3038\" data-col=\"1\" data-row=\"1\" data-format=\"standard\"><div class=\"wpgb-card-wrapper\"><div class=\"wpgb-card-inner\" data-action><div class=\"wpgb-card-content wpgb-scheme-dark\"><div class=\"wpgb-card-body\"><h3 class=\"wpgb-block-1\">Publica\u021bie electronic\u0103 disponibil\u0103 online. Centrul Municipal pentru Cultur\u0103 \u0219i Art\u0103, Pyskowice, Polonia<\/h3><\/div><\/div><a class=\"wpgb-card-layer-link\" aria-label=\"Publica\u021bie electronic\u0103 disponibil\u0103 online. Centrul Municipal pentru Cultur\u0103 \u0219i Art\u0103, Pyskowice, Polonia\" href=\"https:\/\/react-culture.eu\/ro\/cazuri-practice\/expozitie-pyskowice-orasul-publicatie-electronica-disponibila-online-centrul-municipal-pentru-cultura-si-arta-pyskowice-polonia\/\"><\/a><\/div><\/div><\/article><article class=\"wpgb-card wpgb-card-1 wpgb-post-3039\" data-col=\"1\" data-row=\"1\" data-format=\"standard\"><div class=\"wpgb-card-wrapper\"><div class=\"wpgb-card-inner\" data-action><div class=\"wpgb-card-content wpgb-scheme-dark\"><div class=\"wpgb-card-body\"><h3 class=\"wpgb-block-1\">Istorie \u0219i transport feroviar \u2013 ghid audio. Centrul Municipal pentru Cultur\u0103 \u0219i Art\u0103, Pyskowice, Polonia<\/h3><\/div><\/div><a class=\"wpgb-card-layer-link\" aria-label=\"Istorie \u0219i transport feroviar \u2013 ghid audio. Centrul Municipal pentru Cultur\u0103 \u0219i Art\u0103, Pyskowice, Polonia\" href=\"https:\/\/react-culture.eu\/ro\/cazuri-practice\/expozitie-pyskowice-orasul-istorie-si-transport-feroviar-ghid-audio-centrul-municipal-pentru-cultura-si-arta-pyskowice-polonia\/\"><\/a><\/div><\/div><\/article><article class=\"wpgb-card wpgb-card-1 wpgb-post-3022\" data-col=\"1\" data-row=\"1\" data-format=\"standard\"><div class=\"wpgb-card-wrapper\"><div class=\"wpgb-card-inner\" data-action><div class=\"wpgb-card-content wpgb-scheme-dark\"><div class=\"wpgb-card-body\"><h3 class=\"wpgb-block-1\">Tururi 360\u00b0 pentru vizitatori cu mobilitate redus\u0103 \u00een trei muzee rom\u00e2ne\u0219ti<\/h3><\/div><\/div><a class=\"wpgb-card-layer-link\" aria-label=\"Tururi 360\u00b0 pentru vizitatori cu mobilitate redus\u0103 \u00een trei muzee rom\u00e2ne\u0219ti\" href=\"https:\/\/react-culture.eu\/ro\/cazuri-practice\/tururi-360-pentru-vizitatori-cu-mobilitate-redusa-in-trei-muzee-romanesti-cu-profil-etnografic\/\"><\/a><\/div><\/div><\/article>\t\t<\/div>\n\t<\/div>\n\t<\/div>\n\t<\/div>\n\t\t<\/div>\n<\/div>\n[\/et_pb_code][\/et_pb_column][\/et_pb_row][\/et_pb_section]<\/p>\n","protected":false},"excerpt":{"rendered":"<p>[et_pb_section fb_built=&#8221;1&#8243; module_class=&#8221;page-header&#8221; _builder_version=&#8221;4.25.2&#8243; _module_preset=&#8221;83db7f57-1c10-4990-b0d5-086abeb4d5f7&#8243; overflow-x=&#8221;hidden&#8221; custom_padding=&#8221;0px||0px||true|false&#8221; saved_tabs=&#8221;all&#8221; global_colors_info=&#8221;{}&#8221; disabled_on=&#8221;on|on|on&#8221; disabled=&#8221;on&#8221;][et_pb_row _builder_version=&#8221;4.25.2&#8243; _module_preset=&#8221;default&#8221; custom_padding=&#8221;100px||100px|5%|true|false&#8221; border_width_left=&#8221;2px&#8221; border_color_left=&#8221;#5517A5&#8243; global_colors_info=&#8221;{}&#8221;][et_pb_column type=&#8221;4_4&#8243; _builder_version=&#8221;4.25.2&#8243; _module_preset=&#8221;default&#8221; global_colors_info=&#8221;{}&#8221;][et_pb_post_title _builder_version=&#8221;4.25.2&#8243; _module_preset=&#8221;df329464-255b-4170-b3e7-f79b6ec89a57&#8243; global_colors_info=&#8221;{}&#8221;][\/et_pb_post_title][\/et_pb_column][\/et_pb_row][\/et_pb_section][et_pb_section fb_built=&#8221;1&#8243; _builder_version=&#8221;4.25.2&#8243; _module_preset=&#8221;83db7f57-1c10-4990-b0d5-086abeb4d5f7&#8243; custom_padding=&#8221;0px||0px||true|false&#8221; border_width_top=&#8221;2px&#8221; border_color_top=&#8221;#5517A5&#8243; global_colors_info=&#8221;{}&#8221; disabled_on=&#8221;on|on|on&#8221; disabled=&#8221;on&#8221;][et_pb_row use_custom_gutter=&#8221;on&#8221; gutter_width=&#8221;1&#8243; make_equal=&#8221;on&#8221; _builder_version=&#8221;4.27.4&#8243; _module_preset=&#8221;961bda81-8cfd-44cb-80fe-90d499824f3c&#8221; background_size=&#8221;initial&#8221; background_position=&#8221;top_left&#8221; background_repeat=&#8221;repeat&#8221; global_colors_info=&#8221;{}&#8221;][et_pb_column type=&#8221;4_4&#8243; _builder_version=&#8221;4.27.4&#8243; custom_padding=&#8221;10%|||10%|false|false&#8221; border_width_left=&#8221;2px&#8221; border_color_left=&#8221;#5517A5&#8243; global_colors_info=&#8221;{}&#8221; custom_padding__hover=&#8221;|||&#8221;][et_pb_text _builder_version=&#8221;4.27.4&#8243; background_size=&#8221;initial&#8221; background_position=&#8221;top_left&#8221; background_repeat=&#8221;repeat&#8221; custom_margin=&#8221;||80px||false|false&#8221; global_colors_info=&#8221;{}&#8221;] [&hellip;]<\/p>\n","protected":false},"author":1,"featured_media":0,"parent":0,"menu_order":0,"comment_status":"closed","ping_status":"closed","template":"","meta":{"_acf_changed":false,"_et_pb_use_builder":"on","_et_pb_old_content":"","_et_gb_content_width":"","footnotes":""},"class_list":["post-1191","page","type-page","status-publish","hentry"],"acf":[],"_links":{"self":[{"href":"https:\/\/react-culture.eu\/ro\/wp-json\/wp\/v2\/pages\/1191","targetHints":{"allow":["GET"]}}],"collection":[{"href":"https:\/\/react-culture.eu\/ro\/wp-json\/wp\/v2\/pages"}],"about":[{"href":"https:\/\/react-culture.eu\/ro\/wp-json\/wp\/v2\/types\/page"}],"author":[{"embeddable":true,"href":"https:\/\/react-culture.eu\/ro\/wp-json\/wp\/v2\/users\/1"}],"replies":[{"embeddable":true,"href":"https:\/\/react-culture.eu\/ro\/wp-json\/wp\/v2\/comments?post=1191"}],"version-history":[{"count":18,"href":"https:\/\/react-culture.eu\/ro\/wp-json\/wp\/v2\/pages\/1191\/revisions"}],"predecessor-version":[{"id":3227,"href":"https:\/\/react-culture.eu\/ro\/wp-json\/wp\/v2\/pages\/1191\/revisions\/3227"}],"wp:attachment":[{"href":"https:\/\/react-culture.eu\/ro\/wp-json\/wp\/v2\/media?parent=1191"}],"curies":[{"name":"wp","href":"https:\/\/api.w.org\/{rel}","templated":true}]}}