{"id":1232,"date":"2024-06-24T17:12:59","date_gmt":"2024-06-24T15:12:59","guid":{"rendered":"https:\/\/react-culture.eu\/projekt\/"},"modified":"2025-01-17T16:52:20","modified_gmt":"2025-01-17T14:52:20","slug":"projekt","status":"publish","type":"page","link":"https:\/\/react-culture.eu\/pl\/projekt\/","title":{"rendered":"Projekt"},"content":{"rendered":"\n<p>REACT to europejski projekt po\u015bwi\u0119cony poprawie do\u015bwiadcze\u0144 kulturalnych dla wszystkich odwiedzaj\u0105cych, ze szczeg\u00f3lnym uwzgl\u0119dnieniem integracji i dost\u0119pno\u015bci.<\/p>\n\n<p>Wychodz\u0105c naprzeciw potrzebom r\u00f3\u017cnorodnych odbiorc\u00f3w, w tym os\u00f3b z widocznymi i niewidocznymi niepe\u0142nosprawno\u015bciami, REACT wspiera instytucje kulturalne we wdra\u017caniu innowacji cyfrowych.<\/p>\n\n<p>Projekt zapewnia narz\u0119dzia, wiedz\u0119 i wskaz\u00f3wki, kt\u00f3re pomagaj\u0105 muzeom i plac\u00f3wkom kulturalnym w opracowywaniu dost\u0119pnych i integracyjnych tre\u015bci, zar\u00f3wno na miejscu, jak i online.<\/p>\n\n<p>REACT ma na celu wzmocnienie pozycji mniejszych instytucji, umo\u017cliwiaj\u0105c im dotarcie do szerszej publiczno\u015bci i wspieranie zr\u00f3wnowa\u017conych, integracyjnych praktyk kulturalnych.<\/p>\n","protected":false},"excerpt":{"rendered":"<p>REACT to europejski projekt po\u015bwi\u0119cony poprawie do\u015bwiadcze\u0144 kulturalnych dla wszystkich odwiedzaj\u0105cych, ze szczeg\u00f3lnym uwzgl\u0119dnieniem integracji i dost\u0119pno\u015bci. Wychodz\u0105c naprzeciw potrzebom r\u00f3\u017cnorodnych odbiorc\u00f3w, w tym os\u00f3b z widocznymi i niewidocznymi niepe\u0142nosprawno\u015bciami, REACT wspiera instytucje kulturalne we wdra\u017caniu innowacji cyfrowych. Projekt zapewnia narz\u0119dzia, wiedz\u0119 i wskaz\u00f3wki, kt\u00f3re pomagaj\u0105 muzeom i plac\u00f3wkom kulturalnym w opracowywaniu dost\u0119pnych i integracyjnych [&hellip;]<\/p>\n","protected":false},"author":1,"featured_media":0,"parent":0,"menu_order":0,"comment_status":"closed","ping_status":"closed","template":"","meta":{"_acf_changed":false,"_et_pb_use_builder":"on","_et_pb_old_content":"","_et_gb_content_width":"","footnotes":""},"class_list":["post-1232","page","type-page","status-publish","hentry"],"acf":[],"_links":{"self":[{"href":"https:\/\/react-culture.eu\/pl\/wp-json\/wp\/v2\/pages\/1232","targetHints":{"allow":["GET"]}}],"collection":[{"href":"https:\/\/react-culture.eu\/pl\/wp-json\/wp\/v2\/pages"}],"about":[{"href":"https:\/\/react-culture.eu\/pl\/wp-json\/wp\/v2\/types\/page"}],"author":[{"embeddable":true,"href":"https:\/\/react-culture.eu\/pl\/wp-json\/wp\/v2\/users\/1"}],"replies":[{"embeddable":true,"href":"https:\/\/react-culture.eu\/pl\/wp-json\/wp\/v2\/comments?post=1232"}],"version-history":[{"count":1,"href":"https:\/\/react-culture.eu\/pl\/wp-json\/wp\/v2\/pages\/1232\/revisions"}],"predecessor-version":[{"id":1233,"href":"https:\/\/react-culture.eu\/pl\/wp-json\/wp\/v2\/pages\/1232\/revisions\/1233"}],"wp:attachment":[{"href":"https:\/\/react-culture.eu\/pl\/wp-json\/wp\/v2\/media?parent=1232"}],"curies":[{"name":"wp","href":"https:\/\/api.w.org\/{rel}","templated":true}]}}