{"id":1229,"date":"2024-06-25T11:11:37","date_gmt":"2024-06-25T09:11:37","guid":{"rendered":"https:\/\/react-culture.eu\/partnerzy\/"},"modified":"2025-09-17T12:12:25","modified_gmt":"2025-09-17T10:12:25","slug":"partnerzy","status":"publish","type":"page","link":"https:\/\/react-culture.eu\/pl\/partnerzy\/","title":{"rendered":"Partnerzy"},"content":{"rendered":"<p>[et_pb_section fb_built=&#8221;1&#8243; module_class=&#8221;page-header&#8221; _builder_version=&#8221;4.25.2&#8243; _module_preset=&#8221;83db7f57-1c10-4990-b0d5-086abeb4d5f7&#8243; overflow-x=&#8221;hidden&#8221; custom_padding=&#8221;0px||0px||true|false&#8221; saved_tabs=&#8221;all&#8221; global_colors_info=&#8221;{}&#8221;][et_pb_row _builder_version=&#8221;4.25.2&#8243; _module_preset=&#8221;default&#8221; custom_padding=&#8221;100px||100px|5%|true|false&#8221; border_width_left=&#8221;2px&#8221; border_color_left=&#8221;#5517A5&#8243; global_colors_info=&#8221;{}&#8221;][et_pb_column type=&#8221;4_4&#8243; _builder_version=&#8221;4.25.2&#8243; _module_preset=&#8221;default&#8221; global_colors_info=&#8221;{}&#8221;][et_pb_post_title _builder_version=&#8221;4.25.2&#8243; _module_preset=&#8221;df329464-255b-4170-b3e7-f79b6ec89a57&#8243; global_colors_info=&#8221;{}&#8221;][\/et_pb_post_title][\/et_pb_column][\/et_pb_row][\/et_pb_section][et_pb_section fb_built=&#8221;1&#8243; _builder_version=&#8221;4.25.2&#8243; _module_preset=&#8221;83db7f57-1c10-4990-b0d5-086abeb4d5f7&#8243; custom_padding=&#8221;0px||0px||true|false&#8221; border_width_top=&#8221;2px&#8221; border_color_top=&#8221;#5517A5&#8243; global_colors_info=&#8221;{}&#8221;][et_pb_row column_structure=&#8221;1_3,2_3&#8243; use_custom_gutter=&#8221;on&#8221; gutter_width=&#8221;1&#8243; make_equal=&#8221;on&#8221; _builder_version=&#8221;4.25.2&#8243; _module_preset=&#8221;961bda81-8cfd-44cb-80fe-90d499824f3c&#8221; background_size=&#8221;initial&#8221; background_position=&#8221;top_left&#8221; background_repeat=&#8221;repeat&#8221; global_colors_info=&#8221;{}&#8221;][et_pb_column type=&#8221;1_3&#8243; module_class=&#8221;partner__col1&#8243; _builder_version=&#8221;4.25.2&#8243; custom_padding=&#8221;|||&#8221; border_width_left=&#8221;2px&#8221; border_color_left=&#8221;#5517A5&#8243; global_colors_info=&#8221;{}&#8221; custom_padding__hover=&#8221;|||&#8221;][et_pb_image src=&#8221;https:\/\/react-culture.eu\/wp-content\/uploads\/2024\/06\/alto.png&#8221; title_text=&#8221;alto&#8221; show_bottom_space=&#8221;off&#8221; _builder_version=&#8221;4.25.2&#8243; _module_preset=&#8221;default&#8221; custom_margin=&#8221;|0px|||false|false&#8221; global_colors_info=&#8221;{}&#8221;][\/et_pb_image][\/et_pb_column][et_pb_column type=&#8221;2_3&#8243; _builder_version=&#8221;4.25.2&#8243; custom_padding=&#8221;10%|||10%|false|false&#8221; border_width_left=&#8221;2px&#8221; border_color_left=&#8221;#5517A5&#8243; global_colors_info=&#8221;{}&#8221; custom_padding__hover=&#8221;|||&#8221;][et_pb_text _builder_version=&#8221;4.27.2&#8243; background_size=&#8221;initial&#8221; background_position=&#8221;top_left&#8221; background_repeat=&#8221;repeat&#8221; custom_margin=&#8221;||80px||false|false&#8221; global_colors_info=&#8221;{}&#8221;]<\/p>\n<h2><!-- divi:paragraph -->Alto<\/h2>\n<p><strong>Francja<\/strong><\/p>\n<p>Alto to francuska firma, kt\u00f3ra tworzy unikalne i wci\u0105gaj\u0105ce wycieczki audio. Jej misj\u0105 jest projektowanie najbardziej odpowiednich rozwi\u0105za\u0144 dla docelowych odbiorc\u00f3w instytucji kulturalnych. <\/p>\n<p>Wyszukuje i tworzy najlepsze systemy wsparcia zwiedzaj\u0105cych (audioprzewodniki, przewodniki multimedialne, zestawy s\u0142uchawkowe z automatycznym wyzwalaniem, tablety rzeczywisto\u015bci rozszerzonej) dla muze\u00f3w, miejsc historycznych i atrakcji turystycznych.<\/p>\n<p>Zapewniaj\u0105c r\u00f3wnie\u017c obs\u0142ug\u0119 operacyjn\u0105 za po\u015brednictwem odpowiedniego personelu na miejscu, Alto wspiera do\u015bwiadczenia odwiedzaj\u0105cych od A do Z.<\/p>\n<p>&nbsp;<\/p>\n<p><!-- \/divi:paragraph -->[\/et_pb_text][et_pb_button button_url=&#8221;https:\/\/www.alto-onsite.com\/&#8221; url_new_window=&#8221;on&#8221; button_text=&#8221;Strona internetowa&#8221; _builder_version=&#8221;4.25.2&#8243; _module_preset=&#8221;default&#8221; global_colors_info=&#8221;{}&#8221;][\/et_pb_button][\/et_pb_column][\/et_pb_row][\/et_pb_section][et_pb_section fb_built=&#8221;1&#8243; _builder_version=&#8221;4.25.2&#8243; _module_preset=&#8221;83db7f57-1c10-4990-b0d5-086abeb4d5f7&#8243; custom_padding=&#8221;0px||0px||true|false&#8221; border_width_top=&#8221;2px&#8221; border_color_top=&#8221;#5517A5&#8243; global_colors_info=&#8221;{}&#8221;][et_pb_row column_structure=&#8221;1_3,2_3&#8243; use_custom_gutter=&#8221;on&#8221; gutter_width=&#8221;1&#8243; make_equal=&#8221;on&#8221; _builder_version=&#8221;4.25.2&#8243; _module_preset=&#8221;961bda81-8cfd-44cb-80fe-90d499824f3c&#8221; background_size=&#8221;initial&#8221; background_position=&#8221;top_left&#8221; background_repeat=&#8221;repeat&#8221; global_colors_info=&#8221;{}&#8221; border_color_top__hover_enabled=&#8221;off|desktop&#8221;][et_pb_column type=&#8221;1_3&#8243; module_class=&#8221;partner__col1&#8243; _builder_version=&#8221;4.25.2&#8243; custom_padding=&#8221;|||&#8221; border_width_left=&#8221;2px&#8221; border_color_left=&#8221;#5517A5&#8243; global_colors_info=&#8221;{}&#8221; custom_padding__hover=&#8221;|||&#8221;][et_pb_image src=&#8221;https:\/\/react-culture.eu\/wp-content\/uploads\/2024\/06\/lesapprimeurs.png&#8221; title_text=&#8221;lesapprimeurs&#8221; show_bottom_space=&#8221;off&#8221; _builder_version=&#8221;4.25.2&#8243; _module_preset=&#8221;default&#8221; custom_margin=&#8221;|0px|||false|false&#8221; global_colors_info=&#8221;{}&#8221;][\/et_pb_image][\/et_pb_column][et_pb_column type=&#8221;2_3&#8243; _builder_version=&#8221;4.25.2&#8243; custom_padding=&#8221;10%|||10%|false|false&#8221; border_width_left=&#8221;2px&#8221; border_color_left=&#8221;#5517A5&#8243; global_colors_info=&#8221;{}&#8221; custom_padding__hover=&#8221;|||&#8221;][et_pb_text _builder_version=&#8221;4.27.2&#8243; background_size=&#8221;initial&#8221; background_position=&#8221;top_left&#8221; background_repeat=&#8221;repeat&#8221; custom_margin=&#8221;||80px||false|false&#8221; global_colors_info=&#8221;{}&#8221;]<\/p>\n<h2><!-- divi:paragraph -->Les Apprimeurs<\/h2>\n<p><strong>Francja<\/strong><\/p>\n<p>Les Apprimeurs to francuska firma specjalizuj\u0105ca si\u0119 w tworzeniu narz\u0119dzi dostosowanych do potrzeb rozwi\u0105za\u0144 cyfrowych dla sektor\u00f3w edukacji, kultury i szkole\u0144.<\/p>\n<p><!-- \/divi:paragraph --><\/p>\n<p>[\/et_pb_text][et_pb_button button_url=&#8221;https:\/\/lesapprimeurs.com&#8221; url_new_window=&#8221;on&#8221; button_text=&#8221;Strona internetowa&#8221; _builder_version=&#8221;4.25.2&#8243; _module_preset=&#8221;default&#8221; global_colors_info=&#8221;{}&#8221;][\/et_pb_button][\/et_pb_column][\/et_pb_row][\/et_pb_section][et_pb_section fb_built=&#8221;1&#8243; _builder_version=&#8221;4.25.2&#8243; _module_preset=&#8221;83db7f57-1c10-4990-b0d5-086abeb4d5f7&#8243; custom_padding=&#8221;0px||0px||true|false&#8221; border_width_top=&#8221;2px&#8221; border_color_top=&#8221;#5517A5&#8243; global_colors_info=&#8221;{}&#8221;][et_pb_row column_structure=&#8221;1_3,2_3&#8243; use_custom_gutter=&#8221;on&#8221; gutter_width=&#8221;1&#8243; make_equal=&#8221;on&#8221; _builder_version=&#8221;4.25.2&#8243; _module_preset=&#8221;961bda81-8cfd-44cb-80fe-90d499824f3c&#8221; background_size=&#8221;initial&#8221; background_position=&#8221;top_left&#8221; background_repeat=&#8221;repeat&#8221; global_colors_info=&#8221;{}&#8221; border_color_top__hover_enabled=&#8221;off|desktop&#8221;][et_pb_column type=&#8221;1_3&#8243; module_class=&#8221;partner__col1&#8243; _builder_version=&#8221;4.25.2&#8243; custom_padding=&#8221;|||&#8221; border_width_left=&#8221;2px&#8221; border_color_left=&#8221;#5517A5&#8243; global_colors_info=&#8221;{}&#8221; custom_padding__hover=&#8221;|||&#8221;][et_pb_image src=&#8221;https:\/\/react-culture.eu\/wp-content\/uploads\/2024\/06\/logpsycom.png&#8221; title_text=&#8221;logpsycom&#8221; show_bottom_space=&#8221;off&#8221; _builder_version=&#8221;4.25.2&#8243; _module_preset=&#8221;default&#8221; custom_margin=&#8221;|0px|||false|false&#8221; global_colors_info=&#8221;{}&#8221;][\/et_pb_image][\/et_pb_column][et_pb_column type=&#8221;2_3&#8243; _builder_version=&#8221;4.25.2&#8243; custom_padding=&#8221;10%|||10%|false|false&#8221; border_width_left=&#8221;2px&#8221; border_color_left=&#8221;#5517A5&#8243; global_colors_info=&#8221;{}&#8221; custom_padding__hover=&#8221;|||&#8221;][et_pb_text _builder_version=&#8221;4.27.2&#8243; background_size=&#8221;initial&#8221; background_position=&#8221;top_left&#8221; background_repeat=&#8221;repeat&#8221; custom_margin=&#8221;||80px||false|false&#8221; global_colors_info=&#8221;{}&#8221;]<\/p>\n<h2><!-- divi:paragraph -->SCS LogoPsyCom<\/h2>\n<p><strong>Belgia<\/strong><\/p>\n<p>Logopsycom to centrum innowacji edukacyjnych specjalizuj\u0105ce si\u0119 w tworzeniu i wdra\u017caniu alternatywnych metod i narz\u0119dzi (cyfrowych lub analogowych) wspieraj\u0105cych szko\u0142y, o\u015brodki kszta\u0142cenia i szkolenia zawodowego, organizacje edukacyjne, m\u0142odzie\u017c i rodzic\u00f3w. Pocz\u0105tkowo koncentrowano si\u0119 na zaburzeniach uczenia si\u0119, w szczeg\u00f3lno\u015bci na specyficznych trudno\u015bciach w uczeniu si\u0119 (SLD), takich jak dyspraksja, dysfazja i dysleksja. Organizacja wnosi do\u015bwiadczenie w zakresie dost\u0119pno\u015bci tre\u015bci do wszystkich swoich projekt\u00f3w. Dzi\u0119ki dzia\u0142aniach w ponad 80 projektach Erasmus + KA2, ich praca rozszerzy\u0142a si\u0119 na tworzenie holistycznych, integracyjnych rozwi\u0105za\u0144 dla r\u00f3\u017cnych poziom\u00f3w nauczania.  <\/p>\n<p><!-- \/divi:paragraph --><\/p>\n<p>[\/et_pb_text][et_pb_button button_url=&#8221;https:\/\/logopsycom.com&#8221; url_new_window=&#8221;on&#8221; button_text=&#8221;Strona internetowa&#8221; _builder_version=&#8221;4.25.2&#8243; _module_preset=&#8221;default&#8221; global_colors_info=&#8221;{}&#8221;][\/et_pb_button][\/et_pb_column][\/et_pb_row][\/et_pb_section][et_pb_section fb_built=&#8221;1&#8243; _builder_version=&#8221;4.25.2&#8243; _module_preset=&#8221;83db7f57-1c10-4990-b0d5-086abeb4d5f7&#8243; custom_padding=&#8221;0px||0px||true|false&#8221; border_width_top=&#8221;2px&#8221; border_color_top=&#8221;#5517A5&#8243; global_colors_info=&#8221;{}&#8221;][et_pb_row column_structure=&#8221;1_3,2_3&#8243; use_custom_gutter=&#8221;on&#8221; gutter_width=&#8221;1&#8243; make_equal=&#8221;on&#8221; _builder_version=&#8221;4.25.2&#8243; _module_preset=&#8221;961bda81-8cfd-44cb-80fe-90d499824f3c&#8221; background_size=&#8221;initial&#8221; background_position=&#8221;top_left&#8221; background_repeat=&#8221;repeat&#8221; global_colors_info=&#8221;{}&#8221; border_color_top__hover_enabled=&#8221;off|desktop&#8221;][et_pb_column type=&#8221;1_3&#8243; module_class=&#8221;partner__col1&#8243; _builder_version=&#8221;4.25.2&#8243; custom_padding=&#8221;|||&#8221; border_width_left=&#8221;2px&#8221; border_color_left=&#8221;#5517A5&#8243; global_colors_info=&#8221;{}&#8221; custom_padding__hover=&#8221;|||&#8221;][et_pb_image src=&#8221;https:\/\/react-culture.eu\/wp-content\/uploads\/2024\/06\/arteria.png&#8221; title_text=&#8221;arteria&#8221; show_bottom_space=&#8221;off&#8221; _builder_version=&#8221;4.25.2&#8243; _module_preset=&#8221;default&#8221; custom_margin=&#8221;|0px|||false|false&#8221; global_colors_info=&#8221;{}&#8221;][\/et_pb_image][\/et_pb_column][et_pb_column type=&#8221;2_3&#8243; _builder_version=&#8221;4.25.2&#8243; custom_padding=&#8221;10%|||10%|false|false&#8221; border_width_left=&#8221;2px&#8221; border_color_left=&#8221;#5517A5&#8243; global_colors_info=&#8221;{}&#8221; custom_padding__hover=&#8221;|||&#8221;][et_pb_text _builder_version=&#8221;4.27.2&#8243; background_size=&#8221;initial&#8221; background_position=&#8221;top_left&#8221; background_repeat=&#8221;repeat&#8221; custom_margin=&#8221;||80px||false|false&#8221; global_colors_info=&#8221;{}&#8221;]<\/p>\n<h2><!-- divi:paragraph -->Fundacja ARTeria<\/h2>\n<p><strong>Polska<br \/><\/strong><\/p>\n<p>Fundacja ARTeria zosta\u0142a za\u0142o\u017cona w 2006 roku, jako pozarz\u0105dowa organizacja non-profit. Realizuje r\u00f3\u017cnorodne projekty i programy, zwi\u0105zane przede wszystkim ze wspieraniem artyst\u00f3w i przedstawicieli dziedzin kreatywnych, rozwojem szeroko poj\u0119tego sektora kultury i sektora kreatywnego, a tak\u017ce spo\u0142eczno\u015bci lokalnych, poprzez r\u00f3\u017cnorodne dzia\u0142ania i projekty oparte na trzech ideach: kultury bez granic, innowacyjnej edukacji i wielowymiarowej wsp\u00f3\u0142pracy. <\/p>\n<p>Naszym celem jest promocja, popularyzacja i rozw\u00f3j kultury i sztuki w duchu otwarto\u015bci, poszanowania r\u00f3\u017cnic kulturowych i dialogu mi\u0119dzykulturowego, tworzenie forum dla fascynuj\u0105cych ludzi &#8211; \u015bcierania si\u0119 pogl\u0105d\u00f3w i poszukiwania wzajemnych warto\u015bci.<\/p>\n<p>Stawiamy na wielowymiarow\u0105, nowoczesn\u0105 edukacj\u0119 &#8211; poszukiwanie i testowanie innowacji zar\u00f3wno w edukacji artystycznej, jak i og\u00f3lnej, poprzez wykorzystanie kultury i sztuki. Wierzymy w uczenie si\u0119 przez ca\u0142e \u017cycie, edukacj\u0119 pozaformaln\u0105 i nieformaln\u0105. <\/p>\n<p>ARTeria jest cz\u0142onkiem dw\u00f3ch mi\u0119dzynarodowych sieci: Culture Action Europe i ENCATC. Jest cz\u0142onkiem Pact for Skills i sygnatariuszem Creative Pact for Skills. <\/p>\n<p><!-- \/divi:paragraph --><\/p>\n<p>[\/et_pb_text][et_pb_button button_url=&#8221;https:\/\/fundacja-arteria.org&#8221; url_new_window=&#8221;on&#8221; button_text=&#8221;Strona internetowa&#8221; _builder_version=&#8221;4.25.2&#8243; _module_preset=&#8221;default&#8221; global_colors_info=&#8221;{}&#8221;][\/et_pb_button][\/et_pb_column][\/et_pb_row][\/et_pb_section][et_pb_section fb_built=&#8221;1&#8243; _builder_version=&#8221;4.25.2&#8243; _module_preset=&#8221;83db7f57-1c10-4990-b0d5-086abeb4d5f7&#8243; custom_padding=&#8221;0px||0px||true|false&#8221; border_width_top=&#8221;2px&#8221; border_color_top=&#8221;#5517A5&#8243; global_colors_info=&#8221;{}&#8221;][et_pb_row column_structure=&#8221;1_3,2_3&#8243; use_custom_gutter=&#8221;on&#8221; gutter_width=&#8221;1&#8243; make_equal=&#8221;on&#8221; _builder_version=&#8221;4.25.2&#8243; _module_preset=&#8221;961bda81-8cfd-44cb-80fe-90d499824f3c&#8221; background_size=&#8221;initial&#8221; background_position=&#8221;top_left&#8221; background_repeat=&#8221;repeat&#8221; global_colors_info=&#8221;{}&#8221; border_color_top__hover_enabled=&#8221;off|desktop&#8221;][et_pb_column type=&#8221;1_3&#8243; module_class=&#8221;partner__col1&#8243; _builder_version=&#8221;4.25.2&#8243; custom_padding=&#8221;|||&#8221; border_width_left=&#8221;2px&#8221; border_color_left=&#8221;#5517A5&#8243; global_colors_info=&#8221;{}&#8221; custom_padding__hover=&#8221;|||&#8221;][et_pb_image src=&#8221;https:\/\/react-culture.eu\/wp-content\/uploads\/2024\/06\/complexul-muzeal-national-moldova-iasi.png&#8221; title_text=&#8221;complexul-muzeal-national-moldova-iasi&#8221; show_bottom_space=&#8221;off&#8221; _builder_version=&#8221;4.25.2&#8243; _module_preset=&#8221;default&#8221; custom_margin=&#8221;|0px|||false|false&#8221; global_colors_info=&#8221;{}&#8221;][\/et_pb_image][\/et_pb_column][et_pb_column type=&#8221;2_3&#8243; _builder_version=&#8221;4.25.2&#8243; custom_padding=&#8221;10%|||10%|false|false&#8221; border_width_left=&#8221;2px&#8221; border_color_left=&#8221;#5517A5&#8243; global_colors_info=&#8221;{}&#8221; custom_padding__hover=&#8221;|||&#8221;][et_pb_text _builder_version=&#8221;4.27.2&#8243; background_size=&#8221;initial&#8221; background_position=&#8221;top_left&#8221; background_repeat=&#8221;repeat&#8221; custom_margin=&#8221;||80px||false|false&#8221; global_colors_info=&#8221;{}&#8221;]<\/p>\n<h2><!-- divi:paragraph -->Complexul Muzeal National Moldova Iasi<\/h2>\n<p><strong>Rumunia<\/strong><\/p>\n<p>Complexul Muzeal Na\u021bional \u201eMoldova\u201d w Jassach w Rumunii jest jedn\u0105 z najwi\u0119kszych organizacji muzealnych w kraju. Powsta\u0142a w 1955 r., \u0142\u0105cz\u0105c cztery muzea o znaczeniu krajowym: Muzeum Sztuki, Muzeum Historii Mo\u0142dawii, Muzeum Etnograficzne Mo\u0142dawii i Muzeum Nauki i Techniki \u201e\u0218tefan Procopiu\u201d oraz Centrum Bada\u0144 i Konserwacji Dziedzictwa Kulturowego. Dzia\u0142 Mediacji Kulturalnej, Projekt\u00f3w i Marketingu jest odpowiedzialny za relacje z u\u017cytkownikami ko\u0144cowymi, partnerami i spo\u0142eczno\u015bci\u0105 w og\u00f3lnym tego s\u0142owa znaczeniu.  <\/p>\n<p><!-- \/divi:paragraph --><\/p>\n<p>[\/et_pb_text][et_pb_button button_url=&#8221;https:\/\/palatulculturii.ro&#8221; url_new_window=&#8221;on&#8221; button_text=&#8221;Strona internetowa&#8221; _builder_version=&#8221;4.25.2&#8243; _module_preset=&#8221;default&#8221; global_colors_info=&#8221;{}&#8221;][\/et_pb_button][\/et_pb_column][\/et_pb_row][\/et_pb_section]<\/p>\n","protected":false},"excerpt":{"rendered":"<p>Alto Francja Alto to francuska firma, kt\u00f3ra tworzy unikalne i wci\u0105gaj\u0105ce wycieczki audio. Jej misj\u0105 jest projektowanie najbardziej odpowiednich rozwi\u0105za\u0144 dla docelowych odbiorc\u00f3w instytucji kulturalnych. Wyszukuje i tworzy najlepsze systemy wsparcia zwiedzaj\u0105cych (audioprzewodniki, przewodniki multimedialne, zestawy s\u0142uchawkowe z automatycznym wyzwalaniem, tablety rzeczywisto\u015bci rozszerzonej) dla muze\u00f3w, miejsc historycznych i atrakcji turystycznych. Zapewniaj\u0105c r\u00f3wnie\u017c obs\u0142ug\u0119 operacyjn\u0105 za [&hellip;]<\/p>\n","protected":false},"author":1,"featured_media":0,"parent":0,"menu_order":0,"comment_status":"closed","ping_status":"closed","template":"","meta":{"_acf_changed":false,"_et_pb_use_builder":"on","_et_pb_old_content":"","_et_gb_content_width":"","footnotes":""},"class_list":["post-1229","page","type-page","status-publish","hentry"],"acf":[],"_links":{"self":[{"href":"https:\/\/react-culture.eu\/pl\/wp-json\/wp\/v2\/pages\/1229","targetHints":{"allow":["GET"]}}],"collection":[{"href":"https:\/\/react-culture.eu\/pl\/wp-json\/wp\/v2\/pages"}],"about":[{"href":"https:\/\/react-culture.eu\/pl\/wp-json\/wp\/v2\/types\/page"}],"author":[{"embeddable":true,"href":"https:\/\/react-culture.eu\/pl\/wp-json\/wp\/v2\/users\/1"}],"replies":[{"embeddable":true,"href":"https:\/\/react-culture.eu\/pl\/wp-json\/wp\/v2\/comments?post=1229"}],"version-history":[{"count":4,"href":"https:\/\/react-culture.eu\/pl\/wp-json\/wp\/v2\/pages\/1229\/revisions"}],"predecessor-version":[{"id":2595,"href":"https:\/\/react-culture.eu\/pl\/wp-json\/wp\/v2\/pages\/1229\/revisions\/2595"}],"wp:attachment":[{"href":"https:\/\/react-culture.eu\/pl\/wp-json\/wp\/v2\/media?parent=1229"}],"curies":[{"name":"wp","href":"https:\/\/api.w.org\/{rel}","templated":true}]}}