{"id":1223,"date":"2024-06-25T11:07:27","date_gmt":"2024-06-25T09:07:27","guid":{"rendered":"https:\/\/react-culture.eu\/zdobadz-certyfikat\/"},"modified":"2026-02-24T16:49:40","modified_gmt":"2026-02-24T14:49:40","slug":"zdobadz-certyfikat","status":"publish","type":"page","link":"https:\/\/react-culture.eu\/pl\/zdobadz-certyfikat\/","title":{"rendered":"Zdob\u0105d\u017a certyfikat"},"content":{"rendered":"<p>[et_pb_section fb_built=&#8221;1&#8243; module_class=&#8221;page-header&#8221; _builder_version=&#8221;4.25.2&#8243; _module_preset=&#8221;83db7f57-1c10-4990-b0d5-086abeb4d5f7&#8243; overflow-x=&#8221;hidden&#8221; custom_padding=&#8221;0px||0px||true|false&#8221; saved_tabs=&#8221;all&#8221; locked=&#8221;off&#8221; global_colors_info=&#8221;{}&#8221;][et_pb_row _builder_version=&#8221;4.25.2&#8243; _module_preset=&#8221;default&#8221; custom_padding=&#8221;100px||100px|5%|true|false&#8221; border_width_left=&#8221;2px&#8221; border_color_left=&#8221;#5517A5&#8243; global_colors_info=&#8221;{}&#8221;][et_pb_column type=&#8221;4_4&#8243; _builder_version=&#8221;4.25.2&#8243; _module_preset=&#8221;default&#8221; global_colors_info=&#8221;{}&#8221;][et_pb_post_title _builder_version=&#8221;4.25.2&#8243; _module_preset=&#8221;df329464-255b-4170-b3e7-f79b6ec89a57&#8243; global_colors_info=&#8221;{}&#8221;][\/et_pb_post_title][et_pb_text _builder_version=&#8221;4.27.4&#8243; _module_preset=&#8221;default&#8221; max_width=&#8221;800px&#8221; hover_enabled=&#8221;0&#8243; sticky_enabled=&#8221;0&#8243;]<\/p>\n<p>We\u017a udzia\u0142 w bezp\u0142atnym programie szkoleniowym, kt\u00f3ry pog\u0142\u0119bia zrozumienie wyzwa\u0144 i rozwi\u0105za\u0144 zwi\u0105zanych z dost\u0119pno\u015bci\u0105. Uko\u0144cz modu\u0142y, aby otrzyma\u0107 certyfikat i wyrazi\u0107 swoje zaanga\u017cowanie na rzecz w\u0142\u0105czania oraz komunikacji dost\u0119pnej. <\/p>\n<p>[\/et_pb_text][\/et_pb_column][\/et_pb_row][\/et_pb_section][et_pb_section fb_built=&#8221;1&#8243; disabled_on=&#8221;off|off|off&#8221; _builder_version=&#8221;4.27.4&#8243; _module_preset=&#8221;83db7f57-1c10-4990-b0d5-086abeb4d5f7&#8243; custom_padding=&#8221;0px||0px||true|false&#8221; border_width_top=&#8221;2px&#8221; border_color_top=&#8221;#5517A5&#8243; locked=&#8221;off&#8221; global_colors_info=&#8221;{}&#8221;][et_pb_row use_custom_gutter=&#8221;on&#8221; gutter_width=&#8221;1&#8243; make_equal=&#8221;on&#8221; _builder_version=&#8221;4.27.4&#8243; _module_preset=&#8221;961bda81-8cfd-44cb-80fe-90d499824f3c&#8221; background_size=&#8221;initial&#8221; background_position=&#8221;top_left&#8221; background_repeat=&#8221;repeat&#8221; custom_padding=&#8221;100px||100px|5%|true|false&#8221; border_width_left=&#8221;2px&#8221; border_color_left=&#8221;#5517A5&#8243; global_colors_info=&#8221;{}&#8221;][et_pb_column type=&#8221;4_4&#8243; _builder_version=&#8221;4.27.4&#8243; custom_padding=&#8221;||||false|false&#8221; global_colors_info=&#8221;{}&#8221; custom_padding__hover=&#8221;|||&#8221;][et_pb_text _builder_version=&#8221;4.27.4&#8243; background_size=&#8221;initial&#8221; background_position=&#8221;top_left&#8221; background_repeat=&#8221;repeat&#8221; max_width=&#8221;700px&#8221; custom_margin=&#8221;||||false|false&#8221; global_colors_info=&#8221;{}&#8221;]<\/p>\n<p>Witamy na kursie e-learningowym <strong>REACT: Tworzenie inkluzywnych przestrzeni kulturowych dzi\u0119ki mediacji cyfrowej<\/strong>!<\/p>\n<p>Kurs ten ma na celu przeprowadzenie Ci\u0119 krok po kroku przez kluczowe poj\u0119cia zwi\u0105zane z cyfrowymi narz\u0119dziami mediacji dost\u0119pnymi w muzeach i poza nimi, wykorzystuj\u0105c kr\u00f3tkie lekcje, praktyczne spostrze\u017cenia i studia przypadk\u00f3w.<\/p>\n<p>B\u0119dziesz uczy\u0107 si\u0119 we w\u0142asnym tempie i b\u0119dziesz mie\u0107 mo\u017cliwo\u015b\u0107 sprawdzenia swojej wiedzy oraz uzyskania certyfikatu na koniec kursu.<\/p>\n<p><strong>Ka\u017cdy modu\u0142 ko\u0144czy si\u0119 quizem. Aby uko\u0144czy\u0107 modu\u0142, nale\u017cy uzyska\u0107 co najmniej 65% punkt\u00f3w. <\/strong><\/p>\n<p><strong>Je\u015bli jeste\u015b zainteresowany(-a), mo\u017cesz r\u00f3wnie\u017c otrzyma\u0107 certyfikat Europass Mobility. W razie potrzeby mo\u017cesz ponownie rozwi\u0105za\u0107 quiz. <\/strong><\/p>\n<p>Mi\u0142ej nauki!<\/p>\n<p>[\/et_pb_text][\/et_pb_column][\/et_pb_row][\/et_pb_section][et_pb_section fb_built=&#8221;1&#8243; disabled_on=&#8221;off|off|off&#8221; _builder_version=&#8221;4.27.4&#8243; _module_preset=&#8221;83db7f57-1c10-4990-b0d5-086abeb4d5f7&#8243; custom_padding=&#8221;0px||0px||true|false&#8221; border_width_top=&#8221;2px&#8221; border_color_top=&#8221;#5517A5&#8243; locked=&#8221;off&#8221; global_colors_info=&#8221;{}&#8221;][et_pb_row column_structure=&#8221;1_3,2_3&#8243; use_custom_gutter=&#8221;on&#8221; gutter_width=&#8221;1&#8243; make_equal=&#8221;on&#8221; _builder_version=&#8221;4.27.4&#8243; _module_preset=&#8221;961bda81-8cfd-44cb-80fe-90d499824f3c&#8221; background_size=&#8221;initial&#8221; background_position=&#8221;top_left&#8221; background_repeat=&#8221;repeat&#8221; global_colors_info=&#8221;{}&#8221;][et_pb_column type=&#8221;1_3&#8243; module_class=&#8221;get-certified__col1&#8243; _builder_version=&#8221;4.27.4&#8243; background_color=&#8221;#e0d8fd&#8221; custom_padding=&#8221;|||&#8221; border_width_left=&#8221;2px&#8221; border_color_left=&#8221;#5517A5&#8243; global_colors_info=&#8221;{}&#8221; custom_padding__hover=&#8221;|||&#8221;][et_pb_button button_url=&#8221;https:\/\/www.youtube.com\/watch?v=J3aRip2BaL4&#8243; url_new_window=&#8221;on&#8221; button_text=&#8221;Obejrzyj webinar&#8221; disabled_on=&#8221;off|off|off&#8221; _builder_version=&#8221;4.27.4&#8243; _module_preset=&#8221;default&#8221; global_colors_info=&#8221;{}&#8221;][\/et_pb_button][\/et_pb_column][et_pb_column type=&#8221;2_3&#8243; _builder_version=&#8221;4.27.4&#8243; custom_padding=&#8221;5%|||5%|false|false&#8221; border_width_left=&#8221;2px&#8221; border_color_left=&#8221;#5517A5&#8243; global_colors_info=&#8221;{}&#8221; custom_padding__hover=&#8221;|||&#8221;][et_pb_text _builder_version=&#8221;4.27.4&#8243; background_size=&#8221;initial&#8221; background_position=&#8221;top_left&#8221; background_repeat=&#8221;repeat&#8221; custom_margin=&#8221;||80px||false|false&#8221; global_colors_info=&#8221;{}&#8221;]<\/p>\n<h2><!-- divi:paragraph -->Modu\u0142 1: Muzea w\u0142\u0105czaj\u0105ce: tworzenie dost\u0119pnych przestrzeni kulturowych<\/h2>\n<p>\ud83c\udfdb\ufe0f Muzea mog\u0105 by\u0107 czym\u015b wi\u0119cej ni\u017c tylko miejscami kultury &#8211; mog\u0105 sta\u0107 si\u0119 przyjaznym \u015brodowiskiem dla wszystkich, bez wzgl\u0119du na pochodzenie, umiej\u0119tno\u015bci czy okoliczno\u015bci.<\/p>\n<p>\ud83d\udca1 W tym kursie dowiesz si\u0119:<\/p>\n<ul style=\"list-style:none; padding-left:0;\">\n<li>\ud83d\udc49 Co integracja i dost\u0119pno\u015b\u0107 oznaczaj\u0105 poza fizycznymi rampami i windami?<\/li>\n<li>\ud83d\udc49 Jak rozpozna\u0107 r\u00f3\u017cnorodno\u015b\u0107 jako mocn\u0105 stron\u0119?<\/li>\n<li>\ud83d\udc49 Jakie s\u0105 ma\u0142e, skuteczne kroki, kt\u00f3re nie wymagaj\u0105 du\u017cego bud\u017cetu.<\/li>\n<li>\ud83d\udc49 Jakie s\u0105 narz\u0119dzia i spos\u00f3b my\u015blenia, kt\u00f3re sprzyjaj\u0105 uczestnictwu i nawi\u0105zywaniu kontakt\u00f3w.<\/li>\n<\/ul>\n<p>\ud83d\udd0d Dowiesz si\u0119 r\u00f3wnie\u017c, w jaki spos\u00f3b muzea w ca\u0142ej Europie wykorzystuj\u0105 technologi\u0119, dialog mi\u0119dzykulturowy i programy edukacyjne, aby zaanga\u017cowa\u0107 r\u00f3\u017cnorodnych odbiorc\u00f3w.<\/p>\n<p>\ud83d\udcaa Jako pracownik muzeum nie tylko dostosowujesz si\u0119 do zmian &#8211; jeste\u015b ich prekursorem.<\/p>\n<p>Budujmy muzea, w kt\u00f3rych wszyscy odwiedzaj\u0105cy czuj\u0105 si\u0119 widziani, s\u0142yszani i doceniani.<\/p>\n<p><!-- \/divi:paragraph --><\/p>\n<p>[\/et_pb_text][et_pb_button button_url=&#8221;https:\/\/react-culture.eu\/pl\/zdobadz-certyfikat\/ocena-wstepna-przed-przystapieniem-do-modulu\/?module=1&#8243; button_text=&#8221;Rozpocznij modu\u0142 1 (2h30)&#8221; disabled_on=&#8221;off|off|off&#8221; _builder_version=&#8221;4.27.4&#8243; _module_preset=&#8221;default&#8221; global_colors_info=&#8221;{}&#8221;][\/et_pb_button][\/et_pb_column][\/et_pb_row][\/et_pb_section][et_pb_section fb_built=&#8221;1&#8243; disabled_on=&#8221;off|off|off&#8221; _builder_version=&#8221;4.27.4&#8243; _module_preset=&#8221;83db7f57-1c10-4990-b0d5-086abeb4d5f7&#8243; custom_padding=&#8221;0px||0px||true|false&#8221; border_width_top=&#8221;2px&#8221; border_color_top=&#8221;#5517A5&#8243; locked=&#8221;off&#8221; global_colors_info=&#8221;{}&#8221;][et_pb_row column_structure=&#8221;1_3,2_3&#8243; use_custom_gutter=&#8221;on&#8221; gutter_width=&#8221;1&#8243; make_equal=&#8221;on&#8221; _builder_version=&#8221;4.27.4&#8243; _module_preset=&#8221;961bda81-8cfd-44cb-80fe-90d499824f3c&#8221; background_size=&#8221;initial&#8221; background_position=&#8221;top_left&#8221; background_repeat=&#8221;repeat&#8221; global_colors_info=&#8221;{}&#8221;][et_pb_column type=&#8221;1_3&#8243; module_class=&#8221;get-certified__col1&#8243; _builder_version=&#8221;4.27.4&#8243; background_color=&#8221;#e0d8fd&#8221; custom_padding=&#8221;|||&#8221; border_width_left=&#8221;2px&#8221; border_color_left=&#8221;#5517A5&#8243; global_colors_info=&#8221;{}&#8221; custom_padding__hover=&#8221;|||&#8221;][et_pb_button button_url=&#8221;https:\/\/www.youtube.com\/watch?v=gnutlB4XkCk&#8221; url_new_window=&#8221;on&#8221; button_text=&#8221;Obejrzyj webinar&#8221; disabled_on=&#8221;off|off|off&#8221; _builder_version=&#8221;4.27.4&#8243; _module_preset=&#8221;default&#8221; global_colors_info=&#8221;{}&#8221;][\/et_pb_button][\/et_pb_column][et_pb_column type=&#8221;2_3&#8243; _builder_version=&#8221;4.27.4&#8243; custom_padding=&#8221;5%|||5%|false|false&#8221; border_width_left=&#8221;2px&#8221; border_color_left=&#8221;#5517A5&#8243; global_colors_info=&#8221;{}&#8221; custom_padding__hover=&#8221;|||&#8221;][et_pb_text _builder_version=&#8221;4.27.4&#8243; background_size=&#8221;initial&#8221; background_position=&#8221;top_left&#8221; background_repeat=&#8221;repeat&#8221; custom_margin=&#8221;||80px||false|false&#8221; global_colors_info=&#8221;{}&#8221;]<\/p>\n<h2><!-- divi:paragraph -->Modu\u0142 2: W\u0142\u0105czaj\u0105ca mediacja cyfrowa na miejscu w muzeach<\/h2>\n<p>\ud83e\udde0 Narz\u0119dzia mediacji cyfrowej &#8211; takie jak interaktywne kioski, VR i sale multimedialne &#8211; mog\u0105 wzbogaci\u0107 do\u015bwiadczenia muzealne i uczyni\u0107 je bardziej integracyjnymi dla wszystkich odwiedzaj\u0105cych. Technologie te wykraczaj\u0105 poza rozrywk\u0119 &#8211; pomagaj\u0105 usuwa\u0107 tradycyjne bariery dost\u0119pno\u015bci i wspiera\u0107 r\u00f3\u017cnorodne potrzeby zwiedzaj\u0105cych. <\/p>\n<p>\ud83d\udca1 W tym module dowiesz si\u0119:<\/p>\n<ul style=\"list-style:none; padding-left:0;\">\n<li>\ud83d\udc49 Jak narz\u0119dzia cyfrowe na miejscu mog\u0105 sprzyja\u0107 w\u0142\u0105czeniu spo\u0142ecznemu?<\/li>\n<li>\ud83d\udc49 Jakie s\u0105 wyzwania zwi\u0105zane z korzystaniem z tych narz\u0119dzi &#8211; i sposoby radzenia sobie z nimi<\/li>\n<li>\ud83d\udc49 Jak spersonalizowa\u0107 podr\u00f3\u017ce odwiedzaj\u0105cych, aby uzyska\u0107 wi\u0119kszy wp\u0142yw?<\/li>\n<li>\ud83d\udc49 O studiach przypadk\u00f3w z muze\u00f3w w ca\u0142ej Europie i poza ni\u0105<\/li>\n<\/ul>\n<p>\ud83d\udee0\ufe0f Ponadto modu\u0142 zawiera praktyczne \u0107wiczenia, kt\u00f3re pomog\u0105 ci zastanowi\u0107 si\u0119 i zastosowa\u0107 nowe pomys\u0142y we w\u0142asnym muzeum.<\/p>\n<p>Zbadajmy, w jaki spos\u00f3b mediacja cyfrowa mo\u017ce przekszta\u0142ci\u0107 muzea w przestrzenie, kt\u00f3re \u0142\u0105cz\u0105 si\u0119 z ka\u017cdym odwiedzaj\u0105cym.<\/p>\n<p><!-- \/divi:paragraph -->[\/et_pb_text][et_pb_code _builder_version=&#8221;4.27.4&#8243; _module_preset=&#8221;default&#8221; global_colors_info=&#8221;{}&#8221;][\/et_pb_code][et_pb_button button_url=&#8221;https:\/\/react-culture.eu\/pl\/zdobadz-certyfikat\/ocena-wstepna-przed-przystapieniem-do-modulu\/?module=2&#8243; button_text=&#8221;Rozpocznij modu\u0142 2 (2 godz.)&#8221; disabled_on=&#8221;off|off|off&#8221; _builder_version=&#8221;4.27.4&#8243; _module_preset=&#8221;default&#8221; global_colors_info=&#8221;{}&#8221;][\/et_pb_button][\/et_pb_column][\/et_pb_row][\/et_pb_section][et_pb_section fb_built=&#8221;1&#8243; disabled_on=&#8221;off|off|off&#8221; _builder_version=&#8221;4.27.4&#8243; _module_preset=&#8221;83db7f57-1c10-4990-b0d5-086abeb4d5f7&#8243; custom_padding=&#8221;0px||0px||true|false&#8221; border_width_top=&#8221;2px&#8221; border_color_top=&#8221;#5517A5&#8243; locked=&#8221;off&#8221; global_colors_info=&#8221;{}&#8221;][et_pb_row column_structure=&#8221;1_3,2_3&#8243; use_custom_gutter=&#8221;on&#8221; gutter_width=&#8221;1&#8243; make_equal=&#8221;on&#8221; _builder_version=&#8221;4.27.4&#8243; _module_preset=&#8221;961bda81-8cfd-44cb-80fe-90d499824f3c&#8221; background_size=&#8221;initial&#8221; background_position=&#8221;top_left&#8221; background_repeat=&#8221;repeat&#8221; global_colors_info=&#8221;{}&#8221;][et_pb_column type=&#8221;1_3&#8243; module_class=&#8221;get-certified__col1&#8243; _builder_version=&#8221;4.27.4&#8243; background_color=&#8221;#e0d8fd&#8221; custom_padding=&#8221;|||&#8221; border_width_left=&#8221;2px&#8221; border_color_left=&#8221;#5517A5&#8243; global_colors_info=&#8221;{}&#8221; custom_padding__hover=&#8221;|||&#8221;][et_pb_button button_url=&#8221;https:\/\/www.youtube.com\/watch?v=4ITEAoQzSUw&#8221; url_new_window=&#8221;on&#8221; button_text=&#8221;Obejrzyj webinar&#8221; disabled_on=&#8221;off|off|off&#8221; _builder_version=&#8221;4.27.4&#8243; _module_preset=&#8221;default&#8221; global_colors_info=&#8221;{}&#8221;][\/et_pb_button][\/et_pb_column][et_pb_column type=&#8221;2_3&#8243; _builder_version=&#8221;4.27.4&#8243; custom_padding=&#8221;5%|||5%|false|false&#8221; border_width_left=&#8221;2px&#8221; border_color_left=&#8221;#5517A5&#8243; global_colors_info=&#8221;{}&#8221; custom_padding__hover=&#8221;|||&#8221;][et_pb_text _builder_version=&#8221;4.27.4&#8243; background_size=&#8221;initial&#8221; background_position=&#8221;top_left&#8221; background_repeat=&#8221;repeat&#8221; custom_margin=&#8221;||80px||false|false&#8221; global_colors_info=&#8221;{}&#8221;]<\/p>\n<h2><!-- divi:paragraph -->Modu\u0142 3: Mediacja cyfrowa poza siedzib\u0105 muzeum dla muze\u00f3w w\u0142\u0105czaj\u0105cych<\/h2>\n<p>\ud83d\udda5\ufe0f Od wirtualnych wystaw po podcasty i platformy streamingowe, mediacja poza siedzib\u0105 pomaga muzeom dotrze\u0107 do odleg\u0142ych, niedocenianych lub mi\u0119dzynarodowych odbiorc\u00f3w, dzi\u0119ki czemu tre\u015bci kulturalne s\u0105 dost\u0119pne dla wszystkich.<\/p>\n<p>\ud83d\udca1 W tym module dowiesz si\u0119:<\/p>\n<ul style=\"list-style:none; padding-left:0;\">\n<li>\ud83d\udc49 Czym jest mediacja cyfrowa poza murami instytucji i dlaczego ma znaczenie?<\/li>\n<li>\ud83d\udc49 O narz\u0119dziach takich jak wirtualne wycieczki, cyfrowe wystawy, biuletyny i inne.<\/li>\n<li>\ud83d\udc49 Jak pokona\u0107 typowe wyzwania zwi\u0105zane ze zdalnym zaanga\u017cowaniem?<\/li>\n<li>\ud83d\udc49 O studiach przypadk\u00f3w z muze\u00f3w, kt\u00f3re wprowadzaj\u0105 innowacje w tej przestrzeni<\/li>\n<\/ul>\n<p>\ud83d\udee0\ufe0f \u0106wiczenia i przyk\u0142ady pomog\u0105 ci opracowa\u0107 w\u0142asn\u0105 strategi\u0119 mediacji poza murami instytucji &#8211; dostosowan\u0105 do jej cel\u00f3w i odbiorc\u00f3w.<\/p>\n<p>Wyobra\u017amy sobie nowe sposoby inspirowania, edukowania i \u0142\u0105czenia &#8211; gdziekolwiek s\u0105 Twoi odwiedzaj\u0105cy.<\/p>\n<p><!-- \/divi:paragraph --><\/p>\n<p>[\/et_pb_text][et_pb_button button_url=&#8221;https:\/\/react-culture.eu\/pl\/zdobadz-certyfikat\/ocena-wstepna-przed-przystapieniem-do-modulu\/?module=3&#8243; button_text=&#8221;Rozpocznij modu\u0142 3 (2h40)&#8221; disabled_on=&#8221;off|off|off&#8221; _builder_version=&#8221;4.27.4&#8243; _module_preset=&#8221;default&#8221; global_colors_info=&#8221;{}&#8221;][\/et_pb_button][\/et_pb_column][\/et_pb_row][\/et_pb_section]<\/p>\n","protected":false},"excerpt":{"rendered":"<p>We\u017a udzia\u0142 w bezp\u0142atnym programie szkoleniowym, kt\u00f3ry pog\u0142\u0119bia zrozumienie wyzwa\u0144 i rozwi\u0105za\u0144 zwi\u0105zanych z dost\u0119pno\u015bci\u0105. Uko\u0144cz modu\u0142y, aby otrzyma\u0107 certyfikat i wyrazi\u0107 swoje zaanga\u017cowanie na rzecz w\u0142\u0105czania oraz komunikacji dost\u0119pnej. Witamy na kursie e-learningowym REACT: Tworzenie inkluzywnych przestrzeni kulturowych dzi\u0119ki mediacji cyfrowej! Kurs ten ma na celu przeprowadzenie Ci\u0119 krok po kroku przez kluczowe poj\u0119cia [&hellip;]<\/p>\n","protected":false},"author":1,"featured_media":0,"parent":0,"menu_order":0,"comment_status":"closed","ping_status":"closed","template":"","meta":{"_acf_changed":false,"_et_pb_use_builder":"on","_et_pb_old_content":"","_et_gb_content_width":"","footnotes":""},"class_list":["post-1223","page","type-page","status-publish","hentry"],"acf":[],"_links":{"self":[{"href":"https:\/\/react-culture.eu\/pl\/wp-json\/wp\/v2\/pages\/1223","targetHints":{"allow":["GET"]}}],"collection":[{"href":"https:\/\/react-culture.eu\/pl\/wp-json\/wp\/v2\/pages"}],"about":[{"href":"https:\/\/react-culture.eu\/pl\/wp-json\/wp\/v2\/types\/page"}],"author":[{"embeddable":true,"href":"https:\/\/react-culture.eu\/pl\/wp-json\/wp\/v2\/users\/1"}],"replies":[{"embeddable":true,"href":"https:\/\/react-culture.eu\/pl\/wp-json\/wp\/v2\/comments?post=1223"}],"version-history":[{"count":12,"href":"https:\/\/react-culture.eu\/pl\/wp-json\/wp\/v2\/pages\/1223\/revisions"}],"predecessor-version":[{"id":3143,"href":"https:\/\/react-culture.eu\/pl\/wp-json\/wp\/v2\/pages\/1223\/revisions\/3143"}],"wp:attachment":[{"href":"https:\/\/react-culture.eu\/pl\/wp-json\/wp\/v2\/media?parent=1223"}],"curies":[{"name":"wp","href":"https:\/\/api.w.org\/{rel}","templated":true}]}}