{"id":1221,"date":"2024-06-25T11:08:23","date_gmt":"2024-06-25T09:08:23","guid":{"rendered":"https:\/\/react-culture.eu\/demo\/"},"modified":"2026-02-26T18:16:24","modified_gmt":"2026-02-26T16:16:24","slug":"praktyczne-przyklady","status":"publish","type":"page","link":"https:\/\/react-culture.eu\/pl\/praktyczne-przyklady\/","title":{"rendered":"Praktyczne przyk\u0142ady"},"content":{"rendered":"<p>[et_pb_section fb_built=&#8221;1&#8243; module_class=&#8221;page-header&#8221; _builder_version=&#8221;4.25.2&#8243; _module_preset=&#8221;83db7f57-1c10-4990-b0d5-086abeb4d5f7&#8243; overflow-x=&#8221;hidden&#8221; custom_padding=&#8221;0px||0px||true|false&#8221; saved_tabs=&#8221;all&#8221; global_colors_info=&#8221;{}&#8221; disabled_on=&#8221;on|on|on&#8221; disabled=&#8221;on&#8221;][et_pb_row _builder_version=&#8221;4.25.2&#8243; _module_preset=&#8221;default&#8221; custom_padding=&#8221;100px||100px|5%|true|false&#8221; border_width_left=&#8221;2px&#8221; border_color_left=&#8221;#5517A5&#8243; global_colors_info=&#8221;{}&#8221;][et_pb_column type=&#8221;4_4&#8243; _builder_version=&#8221;4.25.2&#8243; _module_preset=&#8221;default&#8221; global_colors_info=&#8221;{}&#8221;][et_pb_post_title _builder_version=&#8221;4.25.2&#8243; _module_preset=&#8221;df329464-255b-4170-b3e7-f79b6ec89a57&#8243; global_colors_info=&#8221;{}&#8221;][\/et_pb_post_title][\/et_pb_column][\/et_pb_row][\/et_pb_section][et_pb_section fb_built=&#8221;1&#8243; _builder_version=&#8221;4.25.2&#8243; _module_preset=&#8221;83db7f57-1c10-4990-b0d5-086abeb4d5f7&#8243; custom_padding=&#8221;0px||0px||true|false&#8221; border_width_top=&#8221;2px&#8221; border_color_top=&#8221;#5517A5&#8243; global_colors_info=&#8221;{}&#8221; disabled_on=&#8221;on|on|on&#8221; disabled=&#8221;on&#8221;][et_pb_row use_custom_gutter=&#8221;on&#8221; gutter_width=&#8221;1&#8243; make_equal=&#8221;on&#8221; _builder_version=&#8221;4.27.4&#8243; _module_preset=&#8221;961bda81-8cfd-44cb-80fe-90d499824f3c&#8221; background_size=&#8221;initial&#8221; background_position=&#8221;top_left&#8221; background_repeat=&#8221;repeat&#8221; global_colors_info=&#8221;{}&#8221;][et_pb_column type=&#8221;4_4&#8243; _builder_version=&#8221;4.27.4&#8243; custom_padding=&#8221;10%|||10%|false|false&#8221; border_width_left=&#8221;2px&#8221; border_color_left=&#8221;#5517A5&#8243; global_colors_info=&#8221;{}&#8221; custom_padding__hover=&#8221;|||&#8221;][et_pb_text _builder_version=&#8221;4.27.4&#8243; background_size=&#8221;initial&#8221; background_position=&#8221;top_left&#8221; background_repeat=&#8221;repeat&#8221; custom_margin=&#8221;||80px||false|false&#8221; global_colors_info=&#8221;{}&#8221;]<\/p>\n<h2>Boto\u0219ani County Museum<\/h2>\n<p><strong>Botosani &#8211; Romania<\/strong><\/p>\n<p><!-- \/divi:paragraph -->[\/et_pb_text][et_pb_button button_url=&#8221;https:\/\/react-culture.eu\/wp-content\/uploads\/tours360\/botosani\/&#8221; url_new_window=&#8221;on&#8221; button_text=&#8221;Virtual tour&#8221; _builder_version=&#8221;4.27.4&#8243; _module_preset=&#8221;default&#8221; global_colors_info=&#8221;{}&#8221;][\/et_pb_button][\/et_pb_column][\/et_pb_row][\/et_pb_section][et_pb_section fb_built=&#8221;1&#8243; _builder_version=&#8221;4.25.2&#8243; _module_preset=&#8221;83db7f57-1c10-4990-b0d5-086abeb4d5f7&#8243; custom_padding=&#8221;0px||0px||true|false&#8221; border_width_top=&#8221;2px&#8221; border_color_top=&#8221;#5517A5&#8243; global_colors_info=&#8221;{}&#8221; disabled_on=&#8221;on|on|on&#8221; disabled=&#8221;on&#8221;][et_pb_row use_custom_gutter=&#8221;on&#8221; gutter_width=&#8221;1&#8243; make_equal=&#8221;on&#8221; _builder_version=&#8221;4.27.4&#8243; _module_preset=&#8221;961bda81-8cfd-44cb-80fe-90d499824f3c&#8221; background_size=&#8221;initial&#8221; background_position=&#8221;top_left&#8221; background_repeat=&#8221;repeat&#8221; global_colors_info=&#8221;{}&#8221;][et_pb_column type=&#8221;4_4&#8243; _builder_version=&#8221;4.27.4&#8243; custom_padding=&#8221;10%|||10%|false|false&#8221; border_width_left=&#8221;2px&#8221; border_color_left=&#8221;#5517A5&#8243; global_colors_info=&#8221;{}&#8221; custom_padding__hover=&#8221;|||&#8221;][et_pb_text _builder_version=&#8221;4.27.4&#8243; background_size=&#8221;initial&#8221; background_position=&#8221;top_left&#8221; background_repeat=&#8221;repeat&#8221; custom_margin=&#8221;||80px||false|false&#8221; global_colors_info=&#8221;{}&#8221;]<\/p>\n<h2>Arta Lemnului Museum<\/h2>\n<p><strong>Suceava &#8211; Romania<\/strong><\/p>\n<p><!-- \/divi:paragraph --><\/p>\n<p>[\/et_pb_text][et_pb_button button_url=&#8221;&lt;!&#8211;&#091;CDATA&#091;https:\/\/react-culture.eu\/wp-content\/uploads\/tours360\/arta-lemnului\/&#093;&#093;&#8211;&gt;&#8221; url_new_window=&#8221;on&#8221; button_text=&#8221;Virtual tour&#8221; _builder_version=&#8221;4.27.4&#8243; _module_preset=&#8221;default&#8221; global_colors_info=&#8221;{}&#8221;][\/et_pb_button][\/et_pb_column][\/et_pb_row][\/et_pb_section][et_pb_section fb_built=&#8221;1&#8243; _builder_version=&#8221;4.25.2&#8243; _module_preset=&#8221;83db7f57-1c10-4990-b0d5-086abeb4d5f7&#8243; custom_padding=&#8221;0px||0px||true|false&#8221; border_width_top=&#8221;2px&#8221; border_color_top=&#8221;#5517A5&#8243; global_colors_info=&#8221;{}&#8221; disabled_on=&#8221;on|on|on&#8221; disabled=&#8221;on&#8221;][et_pb_row use_custom_gutter=&#8221;on&#8221; gutter_width=&#8221;1&#8243; make_equal=&#8221;on&#8221; _builder_version=&#8221;4.27.4&#8243; _module_preset=&#8221;961bda81-8cfd-44cb-80fe-90d499824f3c&#8221; background_size=&#8221;initial&#8221; background_position=&#8221;top_left&#8221; background_repeat=&#8221;repeat&#8221; global_colors_info=&#8221;{}&#8221;][et_pb_column type=&#8221;4_4&#8243; _builder_version=&#8221;4.27.4&#8243; custom_padding=&#8221;10%|||10%|false|false&#8221; border_width_left=&#8221;2px&#8221; border_color_left=&#8221;#5517A5&#8243; global_colors_info=&#8221;{}&#8221; custom_padding__hover=&#8221;|||&#8221;][et_pb_text _builder_version=&#8221;4.27.4&#8243; background_size=&#8221;initial&#8221; background_position=&#8221;top_left&#8221; background_repeat=&#8221;repeat&#8221; custom_margin=&#8221;||80px||false|false&#8221; global_colors_info=&#8221;{}&#8221;]<\/p>\n<h2>The princely Inn<\/h2>\n<p><strong>Suceava &#8211; Romania<\/strong><\/p>\n<p><!-- \/divi:paragraph -->[\/et_pb_text][et_pb_button button_url=&#8221;&lt;!&#8211;&#091;CDATA&#091;https:\/\/react-culture.eu\/wp-content\/uploads\/tours360\/the-princely-inn\/&#093;&#093;&#8211;&gt;&#8221; url_new_window=&#8221;on&#8221; button_text=&#8221;Virtual tour&#8221; _builder_version=&#8221;4.27.4&#8243; _module_preset=&#8221;default&#8221; global_colors_info=&#8221;{}&#8221;][\/et_pb_button][\/et_pb_column][\/et_pb_row][\/et_pb_section][et_pb_section fb_built=&#8221;1&#8243; _builder_version=&#8221;4.25.2&#8243; _module_preset=&#8221;default&#8221; custom_padding=&#8221;0px||||false|false&#8221; global_colors_info=&#8221;{}&#8221; locked=&#8221;off&#8221;][et_pb_row _builder_version=&#8221;4.25.2&#8243; _module_preset=&#8221;default&#8221; custom_padding=&#8221;100px||100px||true|false&#8221; global_colors_info=&#8221;{}&#8221;][et_pb_column type=&#8221;4_4&#8243; _builder_version=&#8221;4.25.2&#8243; _module_preset=&#8221;default&#8221; global_colors_info=&#8221;{}&#8221;][et_pb_post_title _builder_version=&#8221;4.25.2&#8243; _module_preset=&#8221;default&#8221; global_colors_info=&#8221;{}&#8221;][\/et_pb_post_title][et_pb_text _builder_version=&#8221;4.27.4&#8243; _module_preset=&#8221;default&#8221; max_width=&#8221;800px&#8221; hover_enabled=&#8221;0&#8243; global_colors_info=&#8221;{}&#8221; disabled_on=&#8221;off|off|off&#8221; sticky_enabled=&#8221;0&#8243;]<\/p>\n<p>Ka\u017cdy z przedstawionych przyk\u0142ad\u00f3w odzwierciedla proces wsp\u00f3\u0142tworzenia: partnerzy projektu REACT oraz wsp\u00f3\u0142pracuj\u0105ce muzea analizowali potrzeby zwiedzaj\u0105cych, opracowywali prototypy, testowali je w przestrzeni muzealnej, a nast\u0119pnie udoskonalali na podstawie informacji zwrotnej od u\u017cytkownik\u00f3w. Efektem jest zbi\u00f3r konkretnych rozwi\u0105za\u0144 pokazuj\u0105cych, w jaki spos\u00f3b technologia, partycypacja i dost\u0119pno\u015b\u0107 mog\u0105 wsp\u00f3lnie tworzy\u0107 bardziej inkluzywne do\u015bwiadczenia kulturowe.<br \/>Razem tworz\u0105 one zestaw modeli mo\u017cliwych do przeniesienia, z kt\u00f3rych ka\u017cde muzeum lub instytucja kultury mo\u017ce skorzysta\u0107, aby rozwija\u0107 w\u0142asne inkluzywne praktyki cyfrowe. <\/p>\n<p>[\/et_pb_text][\/et_pb_column][\/et_pb_row][et_pb_row _builder_version=&#8221;4.25.2&#8243; _module_preset=&#8221;default&#8221; global_colors_info=&#8221;{}&#8221;][et_pb_column type=&#8221;4_4&#8243; _builder_version=&#8221;4.25.2&#8243; _module_preset=&#8221;default&#8221; global_colors_info=&#8221;{}&#8221;][et_pb_code _builder_version=&#8221;4.27.4&#8243; _module_preset=&#8221;default&#8221; hover_enabled=&#8221;0&#8243; global_colors_info=&#8221;{}&#8221; sticky_enabled=&#8221;0&#8243;]<!-- Gridbuilder \u1d42\u1d3e Plugin (https:\/\/wpgridbuilder.com) -->\n<div class=\"wp-grid-builder wpgb-grid-7\" data-options=\"{&quot;id&quot;:7,&quot;type&quot;:&quot;masonry&quot;,&quot;source&quot;:&quot;post_type&quot;,&quot;loader&quot;:false,&quot;layout&quot;:&quot;vertical&quot;,&quot;reveal&quot;:0,&quot;isMainQuery&quot;:0,&quot;lazyLoad&quot;:false,&quot;cardSizes&quot;:{&quot;9999&quot;:{&quot;columns&quot;:3,&quot;height&quot;:240,&quot;gutter&quot;:0,&quot;ratio&quot;:&quot;1.33333&quot;},&quot;1200&quot;:{&quot;columns&quot;:3,&quot;height&quot;:240,&quot;gutter&quot;:0,&quot;ratio&quot;:&quot;1.33333&quot;},&quot;992&quot;:{&quot;columns&quot;:2,&quot;height&quot;:220,&quot;gutter&quot;:0,&quot;ratio&quot;:&quot;1.33333&quot;},&quot;768&quot;:{&quot;columns&quot;:2,&quot;height&quot;:220,&quot;gutter&quot;:0,&quot;ratio&quot;:&quot;1.33333&quot;},&quot;576&quot;:{&quot;columns&quot;:1,&quot;height&quot;:200,&quot;gutter&quot;:0,&quot;ratio&quot;:&quot;1.33333&quot;},&quot;320&quot;:{&quot;columns&quot;:1,&quot;height&quot;:200,&quot;gutter&quot;:0,&quot;ratio&quot;:&quot;1.33333&quot;}},&quot;fitRows&quot;:false,&quot;equalRows&quot;:0,&quot;equalColumns&quot;:true,&quot;fillLastRow&quot;:0,&quot;centerLastRow&quot;:0,&quot;horizontalOrder&quot;:false,&quot;fullWidth&quot;:false,&quot;transitionDelay&quot;:100,&quot;gallerySlideshow&quot;:false,&quot;rowsNumber&quot;:1,&quot;slideAlign&quot;:&quot;left&quot;,&quot;groupCells&quot;:1,&quot;draggable&quot;:true,&quot;initialIndex&quot;:0,&quot;contain&quot;:false,&quot;freeScroll&quot;:false,&quot;freeFriction&quot;:&quot;0.075&quot;,&quot;friction&quot;:&quot;0.285&quot;,&quot;attraction&quot;:&quot;0.025&quot;,&quot;autoPlay&quot;:0,&quot;pageDotAriaLabel&quot;:&quot;Page dot %d&quot;,&quot;isPreview&quot;:false,&quot;isGutenberg&quot;:false,&quot;rightToLeft&quot;:false}\"><div class=\"wpgb-svg-icons\" hidden>\n\t<svg viewBox=\"0 0 120 24\" width=\"0\" height=\"0\">\n\t<defs>\n        <polygon id=\"wpgb-star-svg\" points=\"12 2.5 15.1 8.8 22 9.8 17 14.6 18.2 21.5 12 18.3 5.8 21.5 7 14.6 2 9.8 8.9 8.8\"><\/polygon>\n    <\/defs>\n    <symbol id=\"wpgb-rating-stars-svg\">\n        <use xlink:href=\"#wpgb-star-svg\"><\/use>\n        <use xlink:href=\"#wpgb-star-svg\" x=\"24\"><\/use>\n        <use xlink:href=\"#wpgb-star-svg\" x=\"48\"><\/use>\n        <use xlink:href=\"#wpgb-star-svg\" x=\"72\"><\/use>\n        <use xlink:href=\"#wpgb-star-svg\" x=\"96\"><\/use>\n    <\/symbol>\n<\/svg>\n<\/div>\n<div class=\"wpgb-wrapper\">\n\t<div class=\"wpgb-main\">\n\t<div class=\"wpgb-layout\">\n\t<div class=\"wpgb-viewport\">\n\t\t<div class=\"wpgb-masonry\">\n\t\t\t<article class=\"wpgb-card wpgb-card-1 wpgb-post-2983\" data-col=\"1\" data-row=\"1\" data-format=\"standard\"><div class=\"wpgb-card-wrapper\"><div class=\"wpgb-card-inner\" data-action><div class=\"wpgb-card-content wpgb-scheme-dark\"><div class=\"wpgb-card-body\"><h3 class=\"wpgb-block-1\">Wycieczka \u201eArcydzie\u0142a\u201d z audio deskrypcj\u0105. Muzeum Rodina, Pary\u017c, Francja<\/h3><\/div><\/div><a class=\"wpgb-card-layer-link\" aria-label=\"Wycieczka \u201eArcydzie\u0142a\u201d z audio deskrypcj\u0105. Muzeum Rodina, Pary\u017c, Francja\" href=\"https:\/\/react-culture.eu\/pl\/praktyczne-przyklady\/wycieczka-z-audio-przewodnikiem-dla-osob-z-dysfunkcja-wzroku-wycieczka-arcydziela-z-audio-deskrypcja-muzeum-rodina-paryz-francja\/\"><\/a><\/div><\/div><\/article><article class=\"wpgb-card wpgb-card-1 wpgb-post-2989\" data-col=\"1\" data-row=\"1\" data-format=\"standard\"><div class=\"wpgb-card-wrapper\"><div class=\"wpgb-card-inner\" data-action><div class=\"wpgb-card-content wpgb-scheme-dark\"><div class=\"wpgb-card-body\"><h3 class=\"wpgb-block-1\">Mundaneum, Mons, Belgia<\/h3><\/div><\/div><a class=\"wpgb-card-layer-link\" aria-label=\"Mundaneum, Mons, Belgia\" href=\"https:\/\/react-culture.eu\/pl\/praktyczne-przyklady\/mundaneum-mons-belgia\/\"><\/a><\/div><\/div><\/article><article class=\"wpgb-card wpgb-card-1 wpgb-post-2987\" data-col=\"1\" data-row=\"1\" data-format=\"standard\"><div class=\"wpgb-card-wrapper\"><div class=\"wpgb-card-inner\" data-action><div class=\"wpgb-card-content wpgb-scheme-dark\"><div class=\"wpgb-card-body\"><h3 class=\"wpgb-block-1\">Edufurniture (meble edukacyjne). Espace gallo-romain, Ath, Belgia<\/h3><\/div><\/div><a class=\"wpgb-card-layer-link\" aria-label=\"Edufurniture (meble edukacyjne). Espace gallo-romain, Ath, Belgia\" href=\"https:\/\/react-culture.eu\/pl\/praktyczne-przyklady\/edufurniture-meble-edukacyjne-espace-gallo-romain-ath-belgia\/\"><\/a><\/div><\/div><\/article><article class=\"wpgb-card wpgb-card-1 wpgb-post-2988\" data-col=\"1\" data-row=\"1\" data-format=\"standard\"><div class=\"wpgb-card-wrapper\"><div class=\"wpgb-card-inner\" data-action><div class=\"wpgb-card-content wpgb-scheme-dark\"><div class=\"wpgb-card-body\"><h3 class=\"wpgb-block-1\">\u0141atwa do przeczytania i zrozumienia broszura dla zwiedzaj\u0105cych. Les Franciscaines, Deauville, Francja<\/h3><\/div><\/div><a class=\"wpgb-card-layer-link\" aria-label=\"\u0141atwa do przeczytania i zrozumienia broszura dla zwiedzaj\u0105cych. Les Franciscaines, Deauville, Francja\" href=\"https:\/\/react-culture.eu\/pl\/praktyczne-przyklady\/wycieczka-integracyjna-latwa-do-przeczytania-i-zrozumienia-broszura-dla-zwiedzajacych-facile-a-lire-et-a-comprendre-les-franciscaines-deauville-francja\/\"><\/a><\/div><\/div><\/article><article class=\"wpgb-card wpgb-card-1 wpgb-post-2985\" data-col=\"1\" data-row=\"1\" data-format=\"standard\"><div class=\"wpgb-card-wrapper\"><div class=\"wpgb-card-inner\" data-action><div class=\"wpgb-card-content wpgb-scheme-dark\"><div class=\"wpgb-card-body\"><h3 class=\"wpgb-block-1\">\u0141atwa do przeczytania i zrozumienia broszura dla zwiedzaj\u0105cych. Cit\u00e9 de la Mer, Cherbourg-en-Cotentin, Francja<\/h3><\/div><\/div><a class=\"wpgb-card-layer-link\" aria-label=\"\u0141atwa do przeczytania i zrozumienia broszura dla zwiedzaj\u0105cych. Cit\u00e9 de la Mer, Cherbourg-en-Cotentin, Francja\" href=\"https:\/\/react-culture.eu\/pl\/praktyczne-przyklady\/wycieczka-integracyjna-broszura-dla-zwiedzajacych-latwa-do-przeczytania-i-zrozumienia-facile-a-lire-et-a-comprendre-cite-de-la-mer-cherbourg-en-cotentin-francja\/\"><\/a><\/div><\/div><\/article><article class=\"wpgb-card wpgb-card-1 wpgb-post-2992\" data-col=\"1\" data-row=\"1\" data-format=\"standard\"><div class=\"wpgb-card-wrapper\"><div class=\"wpgb-card-inner\" data-action><div class=\"wpgb-card-content wpgb-scheme-dark\"><div class=\"wpgb-card-body\"><h3 class=\"wpgb-block-1\">Panele dotykowe dla os\u00f3b niedowidz\u0105cych w trzech rumu\u0144skich muzeach o profilu etnograficznym<\/h3><\/div><\/div><a class=\"wpgb-card-layer-link\" aria-label=\"Panele dotykowe dla os\u00f3b niedowidz\u0105cych w trzech rumu\u0144skich muzeach o profilu etnograficznym\" href=\"https:\/\/react-culture.eu\/pl\/praktyczne-przyklady\/panele-dotykowe-dla-osob-niedowidzacych-odwiedzajacych-trzy-rumunskie-muzea-o-profilu-etnograficznym\/\"><\/a><\/div><\/div><\/article><article class=\"wpgb-card wpgb-card-1 wpgb-post-2986\" data-col=\"1\" data-row=\"1\" data-format=\"standard\"><div class=\"wpgb-card-wrapper\"><div class=\"wpgb-card-inner\" data-action><div class=\"wpgb-card-content wpgb-scheme-dark\"><div class=\"wpgb-card-body\"><h3 class=\"wpgb-block-1\">E-publikacja dost\u0119pna online. Miejski O\u015brodek Kultury i Sztuki, Pyskowice, Polska<\/h3><\/div><\/div><a class=\"wpgb-card-layer-link\" aria-label=\"E-publikacja dost\u0119pna online. Miejski O\u015brodek Kultury i Sztuki, Pyskowice, Polska\" href=\"https:\/\/react-culture.eu\/pl\/praktyczne-przyklady\/wystawa-pyskowice-miasto-e-publikacja-dostepna-online-miejski-osrodek-kultury-i-sztuki-pyskowice-poland\/\"><\/a><\/div><\/div><\/article><article class=\"wpgb-card wpgb-card-1 wpgb-post-2990\" data-col=\"1\" data-row=\"1\" data-format=\"standard\"><div class=\"wpgb-card-wrapper\"><div class=\"wpgb-card-inner\" data-action><div class=\"wpgb-card-content wpgb-scheme-dark\"><div class=\"wpgb-card-body\"><h3 class=\"wpgb-block-1\">Publikacja cyfrowa PDF dla wszystkich odbiorc\u00f3w (oraz w ETR &#8211; Easy To Read).<\/h3><\/div><\/div><a class=\"wpgb-card-layer-link\" aria-label=\"Publikacja cyfrowa PDF dla wszystkich odbiorc\u00f3w (oraz w ETR &#8211; Easy To Read).\" href=\"https:\/\/react-culture.eu\/pl\/praktyczne-przyklady\/wystawa-pyskowice-miasto-publikacja-cyfrowa-pdf-dla-wszystkich-odbiorcow-oraz-w-etr-easy-to-read\/\"><\/a><\/div><\/div><\/article><article class=\"wpgb-card wpgb-card-1 wpgb-post-2984\" data-col=\"1\" data-row=\"1\" data-format=\"standard\"><div class=\"wpgb-card-wrapper\"><div class=\"wpgb-card-inner\" data-action><div class=\"wpgb-card-content wpgb-scheme-dark\"><div class=\"wpgb-card-body\"><h3 class=\"wpgb-block-1\">Audio-przewodnik po historii i kolei. Miejski O\u015brodek Kultury i Sztuki, Pyskowice, Polska<\/h3><\/div><\/div><a class=\"wpgb-card-layer-link\" aria-label=\"Audio-przewodnik po historii i kolei. Miejski O\u015brodek Kultury i Sztuki, Pyskowice, Polska\" href=\"https:\/\/react-culture.eu\/pl\/praktyczne-przyklady\/wystawa-pyskowice-miasto-audio-przewodnik-po-historii-i-kolei-miejski-osrodek-kultury-i-sztuki-pyskowice-poland\/\"><\/a><\/div><\/div><\/article><article class=\"wpgb-card wpgb-card-1 wpgb-post-2982\" data-col=\"1\" data-row=\"1\" data-format=\"standard\"><div class=\"wpgb-card-wrapper\"><div class=\"wpgb-card-inner\" data-action><div class=\"wpgb-card-content wpgb-scheme-dark\"><div class=\"wpgb-card-body\"><h3 class=\"wpgb-block-1\">Wycieczki 360\u00b0 dla os\u00f3b o ograniczonej sprawno\u015bci ruchowej w trzech rumu\u0144skich muzeach<\/h3><\/div><\/div><a class=\"wpgb-card-layer-link\" aria-label=\"Wycieczki 360\u00b0 dla os\u00f3b o ograniczonej sprawno\u015bci ruchowej w trzech rumu\u0144skich muzeach\" href=\"https:\/\/react-culture.eu\/pl\/praktyczne-przyklady\/wycieczki-360o-dla-osob-o-ograniczonej-sprawnosci-ruchowej-w-trzech-rumunskich-muzeach-o-profilu-etnograficznym\/\"><\/a><\/div><\/div><\/article>\t\t<\/div>\n\t<\/div>\n\t<\/div>\n\t<\/div>\n\t\t<\/div>\n<\/div>\n[\/et_pb_code][\/et_pb_column][\/et_pb_row][\/et_pb_section]<\/p>\n","protected":false},"excerpt":{"rendered":"<p>[et_pb_section fb_built=&#8221;1&#8243; module_class=&#8221;page-header&#8221; _builder_version=&#8221;4.25.2&#8243; _module_preset=&#8221;83db7f57-1c10-4990-b0d5-086abeb4d5f7&#8243; overflow-x=&#8221;hidden&#8221; custom_padding=&#8221;0px||0px||true|false&#8221; saved_tabs=&#8221;all&#8221; global_colors_info=&#8221;{}&#8221; disabled_on=&#8221;on|on|on&#8221; disabled=&#8221;on&#8221;][et_pb_row _builder_version=&#8221;4.25.2&#8243; _module_preset=&#8221;default&#8221; custom_padding=&#8221;100px||100px|5%|true|false&#8221; border_width_left=&#8221;2px&#8221; border_color_left=&#8221;#5517A5&#8243; global_colors_info=&#8221;{}&#8221;][et_pb_column type=&#8221;4_4&#8243; _builder_version=&#8221;4.25.2&#8243; _module_preset=&#8221;default&#8221; global_colors_info=&#8221;{}&#8221;][et_pb_post_title _builder_version=&#8221;4.25.2&#8243; _module_preset=&#8221;df329464-255b-4170-b3e7-f79b6ec89a57&#8243; global_colors_info=&#8221;{}&#8221;][\/et_pb_post_title][\/et_pb_column][\/et_pb_row][\/et_pb_section][et_pb_section fb_built=&#8221;1&#8243; _builder_version=&#8221;4.25.2&#8243; _module_preset=&#8221;83db7f57-1c10-4990-b0d5-086abeb4d5f7&#8243; custom_padding=&#8221;0px||0px||true|false&#8221; border_width_top=&#8221;2px&#8221; border_color_top=&#8221;#5517A5&#8243; global_colors_info=&#8221;{}&#8221; disabled_on=&#8221;on|on|on&#8221; disabled=&#8221;on&#8221;][et_pb_row use_custom_gutter=&#8221;on&#8221; gutter_width=&#8221;1&#8243; make_equal=&#8221;on&#8221; _builder_version=&#8221;4.27.4&#8243; _module_preset=&#8221;961bda81-8cfd-44cb-80fe-90d499824f3c&#8221; background_size=&#8221;initial&#8221; background_position=&#8221;top_left&#8221; background_repeat=&#8221;repeat&#8221; global_colors_info=&#8221;{}&#8221;][et_pb_column type=&#8221;4_4&#8243; _builder_version=&#8221;4.27.4&#8243; custom_padding=&#8221;10%|||10%|false|false&#8221; border_width_left=&#8221;2px&#8221; border_color_left=&#8221;#5517A5&#8243; global_colors_info=&#8221;{}&#8221; custom_padding__hover=&#8221;|||&#8221;][et_pb_text _builder_version=&#8221;4.27.4&#8243; background_size=&#8221;initial&#8221; background_position=&#8221;top_left&#8221; background_repeat=&#8221;repeat&#8221; custom_margin=&#8221;||80px||false|false&#8221; global_colors_info=&#8221;{}&#8221;] [&hellip;]<\/p>\n","protected":false},"author":1,"featured_media":0,"parent":0,"menu_order":0,"comment_status":"closed","ping_status":"closed","template":"","meta":{"_acf_changed":false,"_et_pb_use_builder":"on","_et_pb_old_content":"","_et_gb_content_width":"","footnotes":""},"class_list":["post-1221","page","type-page","status-publish","hentry"],"acf":[],"_links":{"self":[{"href":"https:\/\/react-culture.eu\/pl\/wp-json\/wp\/v2\/pages\/1221","targetHints":{"allow":["GET"]}}],"collection":[{"href":"https:\/\/react-culture.eu\/pl\/wp-json\/wp\/v2\/pages"}],"about":[{"href":"https:\/\/react-culture.eu\/pl\/wp-json\/wp\/v2\/types\/page"}],"author":[{"embeddable":true,"href":"https:\/\/react-culture.eu\/pl\/wp-json\/wp\/v2\/users\/1"}],"replies":[{"embeddable":true,"href":"https:\/\/react-culture.eu\/pl\/wp-json\/wp\/v2\/comments?post=1221"}],"version-history":[{"count":10,"href":"https:\/\/react-culture.eu\/pl\/wp-json\/wp\/v2\/pages\/1221\/revisions"}],"predecessor-version":[{"id":3221,"href":"https:\/\/react-culture.eu\/pl\/wp-json\/wp\/v2\/pages\/1221\/revisions\/3221"}],"wp:attachment":[{"href":"https:\/\/react-culture.eu\/pl\/wp-json\/wp\/v2\/media?parent=1221"}],"curies":[{"name":"wp","href":"https:\/\/api.w.org\/{rel}","templated":true}]}}