{"id":1218,"date":"2024-09-30T10:53:35","date_gmt":"2024-09-30T08:53:35","guid":{"rendered":"https:\/\/react-culture.eu\/blog\/"},"modified":"2025-01-17T16:35:36","modified_gmt":"2025-01-17T14:35:36","slug":"blog","status":"publish","type":"page","link":"https:\/\/react-culture.eu\/pl\/blog\/","title":{"rendered":"Blog"},"content":{"rendered":"<p>[et_pb_section fb_built=&#8221;1&#8243; _builder_version=&#8221;4.25.2&#8243; _module_preset=&#8221;default&#8221; custom_padding=&#8221;0px||||false|false&#8221; locked=&#8221;off&#8221; global_colors_info=&#8221;{}&#8221; theme_builder_area=&#8221;post_content&#8221;][et_pb_row _builder_version=&#8221;4.25.2&#8243; _module_preset=&#8221;default&#8221; custom_padding=&#8221;100px||100px||true|false&#8221; global_colors_info=&#8221;{}&#8221; theme_builder_area=&#8221;post_content&#8221;][et_pb_column type=&#8221;4_4&#8243; _builder_version=&#8221;4.25.2&#8243; _module_preset=&#8221;default&#8221; global_colors_info=&#8221;{}&#8221; theme_builder_area=&#8221;post_content&#8221;][et_pb_post_title _builder_version=&#8221;4.25.2&#8243; _module_preset=&#8221;default&#8221; global_colors_info=&#8221;{}&#8221; theme_builder_area=&#8221;post_content&#8221;][\/et_pb_post_title][\/et_pb_column][\/et_pb_row][et_pb_row _builder_version=&#8221;4.25.2&#8243; _module_preset=&#8221;default&#8221; global_colors_info=&#8221;{}&#8221; theme_builder_area=&#8221;post_content&#8221;][et_pb_column type=&#8221;4_4&#8243; _builder_version=&#8221;4.25.2&#8243; _module_preset=&#8221;default&#8221; global_colors_info=&#8221;{}&#8221; theme_builder_area=&#8221;post_content&#8221;][et_pb_code _builder_version=&#8221;4.27.0&#8243; _module_preset=&#8221;default&#8221; hover_enabled=&#8221;0&#8243; global_colors_info=&#8221;{}&#8221; theme_builder_area=&#8221;post_content&#8221; sticky_enabled=&#8221;0&#8243;]<!-- Gridbuilder \u1d42\u1d3e Plugin (https:\/\/wpgridbuilder.com) -->\n<div class=\"wp-grid-builder wpgb-grid-5\" data-options=\"{&quot;id&quot;:5,&quot;type&quot;:&quot;masonry&quot;,&quot;source&quot;:&quot;post_type&quot;,&quot;loader&quot;:false,&quot;layout&quot;:&quot;vertical&quot;,&quot;reveal&quot;:0,&quot;isMainQuery&quot;:0,&quot;lazyLoad&quot;:false,&quot;cardSizes&quot;:{&quot;9999&quot;:{&quot;columns&quot;:3,&quot;height&quot;:240,&quot;gutter&quot;:0,&quot;ratio&quot;:&quot;1.33333&quot;},&quot;1200&quot;:{&quot;columns&quot;:3,&quot;height&quot;:240,&quot;gutter&quot;:0,&quot;ratio&quot;:&quot;1.33333&quot;},&quot;992&quot;:{&quot;columns&quot;:2,&quot;height&quot;:220,&quot;gutter&quot;:0,&quot;ratio&quot;:&quot;1.33333&quot;},&quot;768&quot;:{&quot;columns&quot;:2,&quot;height&quot;:220,&quot;gutter&quot;:0,&quot;ratio&quot;:&quot;1.33333&quot;},&quot;576&quot;:{&quot;columns&quot;:1,&quot;height&quot;:200,&quot;gutter&quot;:0,&quot;ratio&quot;:&quot;1.33333&quot;},&quot;320&quot;:{&quot;columns&quot;:1,&quot;height&quot;:200,&quot;gutter&quot;:0,&quot;ratio&quot;:&quot;1.33333&quot;}},&quot;fitRows&quot;:false,&quot;equalRows&quot;:0,&quot;equalColumns&quot;:true,&quot;fillLastRow&quot;:0,&quot;centerLastRow&quot;:0,&quot;horizontalOrder&quot;:false,&quot;fullWidth&quot;:false,&quot;transitionDelay&quot;:100,&quot;gallerySlideshow&quot;:false,&quot;rowsNumber&quot;:1,&quot;slideAlign&quot;:&quot;left&quot;,&quot;groupCells&quot;:1,&quot;draggable&quot;:true,&quot;initialIndex&quot;:0,&quot;contain&quot;:false,&quot;freeScroll&quot;:false,&quot;freeFriction&quot;:&quot;0.075&quot;,&quot;friction&quot;:&quot;0.285&quot;,&quot;attraction&quot;:&quot;0.025&quot;,&quot;autoPlay&quot;:0,&quot;pageDotAriaLabel&quot;:&quot;Page dot %d&quot;,&quot;isPreview&quot;:false,&quot;isGutenberg&quot;:false,&quot;rightToLeft&quot;:false}\"><div class=\"wpgb-svg-icons\" hidden>\n\t<svg viewBox=\"0 0 120 24\" width=\"0\" height=\"0\">\n\t<defs>\n        <polygon id=\"wpgb-star-svg\" points=\"12 2.5 15.1 8.8 22 9.8 17 14.6 18.2 21.5 12 18.3 5.8 21.5 7 14.6 2 9.8 8.9 8.8\"><\/polygon>\n    <\/defs>\n    <symbol id=\"wpgb-rating-stars-svg\">\n        <use xlink:href=\"#wpgb-star-svg\"><\/use>\n        <use xlink:href=\"#wpgb-star-svg\" x=\"24\"><\/use>\n        <use xlink:href=\"#wpgb-star-svg\" x=\"48\"><\/use>\n        <use xlink:href=\"#wpgb-star-svg\" x=\"72\"><\/use>\n        <use xlink:href=\"#wpgb-star-svg\" x=\"96\"><\/use>\n    <\/symbol>\n<\/svg>\n<\/div>\n<div class=\"wpgb-wrapper\">\n\t<div class=\"wpgb-main\">\n\t<div class=\"wpgb-layout\">\n\t<div class=\"wpgb-viewport\">\n\t\t<div class=\"wpgb-masonry\">\n\t\t\t<article class=\"wpgb-card wpgb-card-1 wpgb-post-3069\" data-col=\"1\" data-row=\"1\" data-format=\"standard\"><div class=\"wpgb-card-wrapper\"><div class=\"wpgb-card-inner\" data-action><div class=\"wpgb-card-content wpgb-scheme-dark\"><div class=\"wpgb-card-body\"><h3 class=\"wpgb-block-1\">Kiedy muzea s\u0142uchaj\u0105: REACT i sztuka dost\u0119pno\u015bci<\/h3><\/div><\/div><a class=\"wpgb-card-layer-link\" aria-label=\"Kiedy muzea s\u0142uchaj\u0105: REACT i sztuka dost\u0119pno\u015bci\" href=\"https:\/\/react-culture.eu\/pl\/blog\/kiedy-muzea-sluchaja-react-i-sztuka-dostepnosci\/\"><\/a><\/div><\/div><\/article><article class=\"wpgb-card wpgb-card-1 wpgb-post-2895\" data-col=\"1\" data-row=\"1\" data-format=\"standard\"><div class=\"wpgb-card-wrapper\"><div class=\"wpgb-card-inner\" data-action><div class=\"wpgb-card-content wpgb-scheme-dark\"><div class=\"wpgb-card-body\"><h3 class=\"wpgb-block-1\">\u201eA to wszystko ogl\u0105daj\u0105 tylko myszy i ja\u201d<\/h3><\/div><\/div><a class=\"wpgb-card-layer-link\" aria-label=\"\u201eA to wszystko ogl\u0105daj\u0105 tylko myszy i ja\u201d\" href=\"https:\/\/react-culture.eu\/pl\/blog\/a-to-wszystko-ogladaja-tylko-myszy-i-ja\/\"><\/a><\/div><\/div><\/article><article class=\"wpgb-card wpgb-card-1 wpgb-post-2890\" data-col=\"1\" data-row=\"1\" data-format=\"standard\"><div class=\"wpgb-card-wrapper\"><div class=\"wpgb-card-inner\" data-action><div class=\"wpgb-card-content wpgb-scheme-dark\"><div class=\"wpgb-card-body\"><h3 class=\"wpgb-block-1\">Dlaczego wsp\u00f3\u0142praca europejska ma znaczenie dla dost\u0119pno\u015bci kultury<\/h3><\/div><\/div><a class=\"wpgb-card-layer-link\" aria-label=\"Dlaczego wsp\u00f3\u0142praca europejska ma znaczenie dla dost\u0119pno\u015bci kultury\" href=\"https:\/\/react-culture.eu\/pl\/blog\/dlaczego-wspolpraca-europejska-ma-znaczenie-dla-dostepnosci-kultury\/\"><\/a><\/div><\/div><\/article><article class=\"wpgb-card wpgb-card-1 wpgb-post-2463\" data-col=\"1\" data-row=\"1\" data-format=\"standard\"><div class=\"wpgb-card-wrapper\"><div class=\"wpgb-card-inner\" data-action><div class=\"wpgb-card-content wpgb-scheme-dark\"><div class=\"wpgb-card-body\"><h3 class=\"wpgb-block-1\">Benefity wsp\u00f3\u0142pracy, czyli jak efektywnie \u0142\u0105czy\u0107 r\u00f3\u017cne profesje, aby zaanga\u017cowa\u0107 publiczno\u015b\u0107 odwiedzaj\u0105c\u0105 instytucj\u0119 kultury<\/h3><\/div><\/div><a class=\"wpgb-card-layer-link\" aria-label=\"Benefity wsp\u00f3\u0142pracy, czyli jak efektywnie \u0142\u0105czy\u0107 r\u00f3\u017cne profesje, aby zaanga\u017cowa\u0107 publiczno\u015b\u0107 odwiedzaj\u0105c\u0105 instytucj\u0119 kultury\" href=\"https:\/\/react-culture.eu\/pl\/blog\/benefity-wspolpracy-czyli-jak-efektywnie-laczyc-rozne-profesje-aby-zaangazowac-publicznosc-odwiedzajaca-instytucje-kultury\/\"><\/a><\/div><\/div><\/article><article class=\"wpgb-card wpgb-card-1 wpgb-post-2403\" data-col=\"1\" data-row=\"1\" data-format=\"standard\"><div class=\"wpgb-card-wrapper\"><div class=\"wpgb-card-inner\" data-action><div class=\"wpgb-card-content wpgb-scheme-dark\"><div class=\"wpgb-card-body\"><h3 class=\"wpgb-block-1\">Kto pyta, nie b\u0142\u0105dzi<\/h3><\/div><\/div><a class=\"wpgb-card-layer-link\" aria-label=\"Kto pyta, nie b\u0142\u0105dzi\" href=\"https:\/\/react-culture.eu\/pl\/blog\/kto-pyta-nie-bladzi\/\"><\/a><\/div><\/div><\/article><article class=\"wpgb-card wpgb-card-1 wpgb-post-2407\" data-col=\"1\" data-row=\"1\" data-format=\"standard\"><div class=\"wpgb-card-wrapper\"><div class=\"wpgb-card-inner\" data-action><div class=\"wpgb-card-content wpgb-scheme-dark\"><div class=\"wpgb-card-body\"><h3 class=\"wpgb-block-1\">Wystawa \u201eWorld Unseen\u201d w Pa\u0142acu Kultury w Jassach<\/h3><\/div><\/div><a class=\"wpgb-card-layer-link\" aria-label=\"Wystawa \u201eWorld Unseen\u201d w Pa\u0142acu Kultury w Jassach\" href=\"https:\/\/react-culture.eu\/pl\/blog\/wystawa-world-unseen-w-palacu-kultury-w-jassach\/\"><\/a><\/div><\/div><\/article><article class=\"wpgb-card wpgb-card-1 wpgb-post-2128\" data-col=\"1\" data-row=\"1\" data-format=\"standard\"><div class=\"wpgb-card-wrapper\"><div class=\"wpgb-card-inner\" data-action><div class=\"wpgb-card-content wpgb-scheme-dark\"><div class=\"wpgb-card-body\"><h3 class=\"wpgb-block-1\">Dost\u0119pno\u015b\u0107 w dzia\u0142aniu: refleksje na temat naszego immersyjnego szkolenia w trzech paryskich muzeach<\/h3><\/div><\/div><a class=\"wpgb-card-layer-link\" aria-label=\"Dost\u0119pno\u015b\u0107 w dzia\u0142aniu: refleksje na temat naszego immersyjnego szkolenia w trzech paryskich muzeach\" href=\"https:\/\/react-culture.eu\/pl\/blog\/dostepnosc-w-dzialaniu-refleksje-na-temat-naszego-immersyjnego-szkolenia-w-trzech-paryskich-muzeach\/\"><\/a><\/div><\/div><\/article><article class=\"wpgb-card wpgb-card-1 wpgb-post-1537\" data-col=\"1\" data-row=\"1\" data-format=\"standard\"><div class=\"wpgb-card-wrapper\"><div class=\"wpgb-card-inner\" data-action><div class=\"wpgb-card-content wpgb-scheme-dark\"><div class=\"wpgb-card-body\"><h3 class=\"wpgb-block-1\">Dlaczego warto korzysta\u0107 <br>z metody e-learningu?<\/h3><\/div><\/div><a class=\"wpgb-card-layer-link\" aria-label=\"Dlaczego warto korzysta\u0107 &lt;br&gt;z metody e-learningu?\" href=\"https:\/\/react-culture.eu\/pl\/blog\/dlaczego-warto-korzystac-z-metody-e-learningu\/\"><\/a><\/div><\/div><\/article><article class=\"wpgb-card wpgb-card-1 wpgb-post-1445\" data-col=\"1\" data-row=\"1\" data-format=\"standard\"><div class=\"wpgb-card-wrapper\"><div class=\"wpgb-card-inner\" data-action><div class=\"wpgb-card-content wpgb-scheme-dark\"><div class=\"wpgb-card-body\"><h3 class=\"wpgb-block-1\">Rola przeszkolonego personelu w tworzeniu prawdziwie inkluzywnych instytucji kulturalnych<\/h3><\/div><\/div><a class=\"wpgb-card-layer-link\" aria-label=\"Rola przeszkolonego personelu w tworzeniu prawdziwie inkluzywnych instytucji kulturalnych\" href=\"https:\/\/react-culture.eu\/pl\/blog\/rola-przeszkolonego-personelu-w-tworzeniu-prawdziwie-inkluzywnych-instytucji-kulturalnych\/\"><\/a><\/div><\/div><\/article><article class=\"wpgb-card wpgb-card-1 wpgb-post-1396\" data-col=\"1\" data-row=\"1\" data-format=\"standard\"><div class=\"wpgb-card-wrapper\"><div class=\"wpgb-card-inner\" data-action><div class=\"wpgb-card-content wpgb-scheme-dark\"><div class=\"wpgb-card-body\"><h3 class=\"wpgb-block-1\">Do\u015bwiadczenie muzealne dla os\u00f3b z niepe\u0142nosprawno\u015bci\u0105 poznawcz\u0105: w kierunku skutecznej integracji<\/h3><\/div><\/div><a class=\"wpgb-card-layer-link\" aria-label=\"Do\u015bwiadczenie muzealne dla os\u00f3b z niepe\u0142nosprawno\u015bci\u0105 poznawcz\u0105: w kierunku skutecznej integracji\" href=\"https:\/\/react-culture.eu\/pl\/blog\/doswiadczenie-muzealne-dla-osob-z-niepelnosprawnoscia-poznawcza-w-kierunku-skutecznej-integracji\/\"><\/a><\/div><\/div><\/article><article class=\"wpgb-card wpgb-card-1 wpgb-post-1371\" data-col=\"1\" data-row=\"1\" data-format=\"standard\"><div class=\"wpgb-card-wrapper\"><div class=\"wpgb-card-inner\" data-action><div class=\"wpgb-card-content wpgb-scheme-dark\"><div class=\"wpgb-card-body\"><h3 class=\"wpgb-block-1\">Dost\u0119pno\u015b\u0107 cyfrowa <br>i jej znaczenie <br>dla muze\u00f3w<\/h3><\/div><\/div><a class=\"wpgb-card-layer-link\" aria-label=\"Dost\u0119pno\u015b\u0107 cyfrowa &lt;br&gt;i jej znaczenie &lt;br&gt;dla muze\u00f3w\" href=\"https:\/\/react-culture.eu\/pl\/blog\/dostepnosc-cyfrowai-jej-znaczeniedla-muzeow\/\"><\/a><\/div><\/div><\/article><article class=\"wpgb-card wpgb-card-1 wpgb-post-1002\" data-col=\"1\" data-row=\"1\" data-format=\"standard\"><div class=\"wpgb-card-wrapper\"><div class=\"wpgb-card-inner\" data-action><div class=\"wpgb-card-content wpgb-scheme-dark\"><div class=\"wpgb-card-body\"><h3 class=\"wpgb-block-1\">Audiodeskrypcja jako pomoc dla os\u00f3b z upo\u015bledzeniem wzroku: jak uczyni\u0107 sztuk\u0119 bardziej dost\u0119pn\u0105? &#8211; cz.3<\/h3><\/div><\/div><a class=\"wpgb-card-layer-link\" aria-label=\"Audiodeskrypcja jako pomoc dla os\u00f3b z upo\u015bledzeniem wzroku: jak uczyni\u0107 sztuk\u0119 bardziej dost\u0119pn\u0105? &#8211; cz.3\" href=\"https:\/\/react-culture.eu\/pl\/blog\/audiodeskrypcja-jako-pomoc-dla-osob-z-niepelnosprawnoscia-wzroku-jak-uczynic-sztuke-dostepna\/\"><\/a><\/div><\/div><\/article><article class=\"wpgb-card wpgb-card-1 wpgb-post-929\" data-col=\"1\" data-row=\"1\" data-format=\"standard\"><div class=\"wpgb-card-wrapper\"><div class=\"wpgb-card-inner\" data-action><div class=\"wpgb-card-content wpgb-scheme-dark\"><div class=\"wpgb-card-body\"><h3 class=\"wpgb-block-1\">Audiodeskrypcja jako pomoc dla os\u00f3b z upo\u015bledzeniem wzroku: jak uczyni\u0107 sztuk\u0119 bardziej dost\u0119pn\u0105? &#8211; cz.2<\/h3><\/div><\/div><a class=\"wpgb-card-layer-link\" aria-label=\"Audiodeskrypcja jako pomoc dla os\u00f3b z upo\u015bledzeniem wzroku: jak uczyni\u0107 sztuk\u0119 bardziej dost\u0119pn\u0105? &#8211; cz.2\" href=\"https:\/\/react-culture.eu\/pl\/blog\/audiodeskrypcja-jako-pomoc-dla-osob-z-niepelnosprawnoscia-wzroku-jak-uczynic-sztuke-dostepna-czesc-2\/\"><\/a><\/div><\/div><\/article><article class=\"wpgb-card wpgb-card-1 wpgb-post-892\" data-col=\"1\" data-row=\"1\" data-format=\"standard\"><div class=\"wpgb-card-wrapper\"><div class=\"wpgb-card-inner\" data-action><div class=\"wpgb-card-content wpgb-scheme-dark\"><div class=\"wpgb-card-body\"><h3 class=\"wpgb-block-1\">Audiodeskrypcja jako pomoc dla os\u00f3b z upo\u015bledzeniem wzroku: jak uczyni\u0107 sztuk\u0119 bardziej dost\u0119pn\u0105?<\/h3><\/div><\/div><a class=\"wpgb-card-layer-link\" aria-label=\"Audiodeskrypcja jako pomoc dla os\u00f3b z upo\u015bledzeniem wzroku: jak uczyni\u0107 sztuk\u0119 bardziej dost\u0119pn\u0105?\" href=\"https:\/\/react-culture.eu\/pl\/blog\/audiodeskrypcja-jako-pomoc-dla-osob-z-niepelnosprawnoscia-wzroku-jak-uczynic-sztuke-bardziej-dostepna\/\"><\/a><\/div><\/div><\/article>\t\t<\/div>\n\t<\/div>\n\t<\/div>\n\t<\/div>\n\t\t<\/div>\n<\/div>\n[\/et_pb_code][\/et_pb_column][\/et_pb_row][\/et_pb_section]<\/p>\n","protected":false},"excerpt":{"rendered":"<p>[et_pb_section fb_built=&#8221;1&#8243; _builder_version=&#8221;4.25.2&#8243; _module_preset=&#8221;default&#8221; custom_padding=&#8221;0px||||false|false&#8221; locked=&#8221;off&#8221; global_colors_info=&#8221;{}&#8221; theme_builder_area=&#8221;post_content&#8221;][et_pb_row _builder_version=&#8221;4.25.2&#8243; _module_preset=&#8221;default&#8221; custom_padding=&#8221;100px||100px||true|false&#8221; global_colors_info=&#8221;{}&#8221; theme_builder_area=&#8221;post_content&#8221;][et_pb_column type=&#8221;4_4&#8243; _builder_version=&#8221;4.25.2&#8243; _module_preset=&#8221;default&#8221; global_colors_info=&#8221;{}&#8221; theme_builder_area=&#8221;post_content&#8221;][et_pb_post_title _builder_version=&#8221;4.25.2&#8243; _module_preset=&#8221;default&#8221; global_colors_info=&#8221;{}&#8221; theme_builder_area=&#8221;post_content&#8221;][\/et_pb_post_title][\/et_pb_column][\/et_pb_row][et_pb_row _builder_version=&#8221;4.25.2&#8243; _module_preset=&#8221;default&#8221; global_colors_info=&#8221;{}&#8221; theme_builder_area=&#8221;post_content&#8221;][et_pb_column type=&#8221;4_4&#8243; _builder_version=&#8221;4.25.2&#8243; _module_preset=&#8221;default&#8221; global_colors_info=&#8221;{}&#8221; theme_builder_area=&#8221;post_content&#8221;][et_pb_code _builder_version=&#8221;4.27.0&#8243; _module_preset=&#8221;default&#8221; hover_enabled=&#8221;0&#8243; global_colors_info=&#8221;{}&#8221; theme_builder_area=&#8221;post_content&#8221; sticky_enabled=&#8221;0&#8243;][\/et_pb_code][\/et_pb_column][\/et_pb_row][\/et_pb_section]<\/p>\n","protected":false},"author":1,"featured_media":0,"parent":0,"menu_order":0,"comment_status":"closed","ping_status":"closed","template":"","meta":{"_acf_changed":false,"_et_pb_use_builder":"on","_et_pb_old_content":"","_et_gb_content_width":"","footnotes":""},"class_list":["post-1218","page","type-page","status-publish","hentry"],"acf":[],"_links":{"self":[{"href":"https:\/\/react-culture.eu\/pl\/wp-json\/wp\/v2\/pages\/1218","targetHints":{"allow":["GET"]}}],"collection":[{"href":"https:\/\/react-culture.eu\/pl\/wp-json\/wp\/v2\/pages"}],"about":[{"href":"https:\/\/react-culture.eu\/pl\/wp-json\/wp\/v2\/types\/page"}],"author":[{"embeddable":true,"href":"https:\/\/react-culture.eu\/pl\/wp-json\/wp\/v2\/users\/1"}],"replies":[{"embeddable":true,"href":"https:\/\/react-culture.eu\/pl\/wp-json\/wp\/v2\/comments?post=1218"}],"version-history":[{"count":1,"href":"https:\/\/react-culture.eu\/pl\/wp-json\/wp\/v2\/pages\/1218\/revisions"}],"predecessor-version":[{"id":1219,"href":"https:\/\/react-culture.eu\/pl\/wp-json\/wp\/v2\/pages\/1218\/revisions\/1219"}],"wp:attachment":[{"href":"https:\/\/react-culture.eu\/pl\/wp-json\/wp\/v2\/media?parent=1218"}],"curies":[{"name":"wp","href":"https:\/\/api.w.org\/{rel}","templated":true}]}}