{"id":1215,"date":"2024-06-21T12:09:55","date_gmt":"2024-06-21T10:09:55","guid":{"rendered":"https:\/\/react-culture.eu\/strona-glowna\/"},"modified":"2025-01-20T13:47:36","modified_gmt":"2025-01-20T11:47:36","slug":"strona-glowna","status":"publish","type":"page","link":"https:\/\/react-culture.eu\/pl\/","title":{"rendered":"Strona g\u0142\u00f3wna"},"content":{"rendered":"<p>[et_pb_section fb_built=&#8221;1&#8243; _builder_version=&#8221;4.25.2&#8243; _module_preset=&#8221;default&#8221; custom_margin=&#8221;96px||||false|false&#8221; custom_padding=&#8221;0px||0px||true|false&#8221; border_color_top=&#8221;#5517a5&#8243; global_colors_info=&#8221;{}&#8221;][et_pb_row column_structure=&#8221;2_5,3_5&#8243; use_custom_gutter=&#8221;on&#8221; gutter_width=&#8221;1&#8243; make_equal=&#8221;on&#8221; _builder_version=&#8221;4.24.2&#8243; _module_preset=&#8221;default&#8221; global_colors_info=&#8221;{}&#8221;][et_pb_column type=&#8221;2_5&#8243; _builder_version=&#8221;4.24.2&#8243; _module_preset=&#8221;default&#8221; custom_padding=&#8221;80px|80px|||false|false&#8221; border_color_right=&#8221;#5517A5&#8243; border_color_left=&#8221;#5517A5&#8243; global_colors_info=&#8221;{}&#8221;][et_pb_text _builder_version=&#8221;4.24.2&#8243; _module_preset=&#8221;5a5045e6-61a2-4e58-97da-2046445b98ed&#8221; global_colors_info=&#8221;{}&#8221;]<\/p>\n<h1>REACT<\/h1>\n<p>[\/et_pb_text][et_pb_text _builder_version=&#8221;4.24.2&#8243; _module_preset=&#8221;5a5045e6-61a2-4e58-97da-2046445b98ed&#8221; custom_margin=&#8221;50px||80px||false|false&#8221; global_colors_info=&#8221;{}&#8221;]<\/p>\n<p>Poprawa wra\u017ce\u0144 wszystkich odwiedzaj\u0105cych \u017cyj\u0105cych z dala od kultury.<\/p>\n<p>[\/et_pb_text][et_pb_button button_text=&#8221;Dowiedz si\u0119 wi\u0119cej&#8221; _builder_version=&#8221;4.27.4&#8243; _module_preset=&#8221;001e6986-4399-4a44-9263-72b31c68de2f&#8221; hover_enabled=&#8221;0&#8243; global_colors_info=&#8221;{}&#8221; sticky_enabled=&#8221;0&#8243; button_url=&#8221;@ET-DC@eyJkeW5hbWljIjp0cnVlLCJjb250ZW50IjoicG9zdF9saW5rX3VybF9wYWdlIiwic2V0dGluZ3MiOnsicG9zdF9pZCI6IjE1NSJ9fQ==@&#8221; _dynamic_attributes=&#8221;button_url&#8221;][\/et_pb_button][\/et_pb_column][et_pb_column type=&#8221;3_5&#8243; module_class=&#8221;squares m&#8211;hero&#8221; _builder_version=&#8221;4.24.2&#8243; _module_preset=&#8221;default&#8221; custom_padding=&#8221;||||false|false&#8221; global_colors_info=&#8221;{}&#8221;][et_pb_image src=&#8221;https:\/\/react-culture.eu\/wp-content\/uploads\/2024\/06\/nose.png&#8221; title_text=&#8221;nose&#8221; _builder_version=&#8221;4.25.2&#8243; _module_preset=&#8221;6857be18-6882-4da1-a5c0-9d1bb963d0b4&#8243; background_color=&#8221;#F7F7F7&#8243; global_colors_info=&#8221;{}&#8221;][\/et_pb_image][et_pb_image src=&#8221;https:\/\/react-culture.eu\/wp-content\/uploads\/2024\/06\/eye.png&#8221; title_text=&#8221;eye&#8221; _builder_version=&#8221;4.25.2&#8243; _module_preset=&#8221;6857be18-6882-4da1-a5c0-9d1bb963d0b4&#8243; background_color=&#8221;#F7F7F7&#8243; global_colors_info=&#8221;{}&#8221;][\/et_pb_image][et_pb_image src=&#8221;https:\/\/react-culture.eu\/wp-content\/uploads\/2024\/06\/ear.png&#8221; title_text=&#8221;ear&#8221; _builder_version=&#8221;4.25.2&#8243; _module_preset=&#8221;6857be18-6882-4da1-a5c0-9d1bb963d0b4&#8243; background_color=&#8221;#F7F7F7&#8243; global_colors_info=&#8221;{}&#8221;][\/et_pb_image][et_pb_image src=&#8221;https:\/\/react-culture.eu\/wp-content\/uploads\/2024\/06\/ear.png&#8221; title_text=&#8221;ear&#8221; _builder_version=&#8221;4.25.2&#8243; _module_preset=&#8221;6857be18-6882-4da1-a5c0-9d1bb963d0b4&#8243; background_color=&#8221;#F7F7F7&#8243; global_colors_info=&#8221;{}&#8221;][\/et_pb_image][et_pb_image src=&#8221;https:\/\/react-culture.eu\/wp-content\/uploads\/2024\/06\/mouth.png&#8221; title_text=&#8221;mouth&#8221; _builder_version=&#8221;4.25.2&#8243; _module_preset=&#8221;6857be18-6882-4da1-a5c0-9d1bb963d0b4&#8243; background_color=&#8221;#F7F7F7&#8243; global_colors_info=&#8221;{}&#8221;][\/et_pb_image][et_pb_image src=&#8221;https:\/\/react-culture.eu\/wp-content\/uploads\/2024\/06\/nose.png&#8221; title_text=&#8221;nose&#8221; _builder_version=&#8221;4.25.2&#8243; _module_preset=&#8221;6857be18-6882-4da1-a5c0-9d1bb963d0b4&#8243; background_color=&#8221;#F7F7F7&#8243; global_colors_info=&#8221;{}&#8221;][\/et_pb_image][et_pb_image src=&#8221;https:\/\/react-culture.eu\/wp-content\/uploads\/2024\/06\/nose.png&#8221; title_text=&#8221;nose&#8221; _builder_version=&#8221;4.25.2&#8243; _module_preset=&#8221;6857be18-6882-4da1-a5c0-9d1bb963d0b4&#8243; background_color=&#8221;#F7F7F7&#8243; global_colors_info=&#8221;{}&#8221;][\/et_pb_image][et_pb_image src=&#8221;https:\/\/react-culture.eu\/wp-content\/uploads\/2024\/06\/eye.png&#8221; title_text=&#8221;eye&#8221; _builder_version=&#8221;4.25.2&#8243; _module_preset=&#8221;6857be18-6882-4da1-a5c0-9d1bb963d0b4&#8243; background_color=&#8221;#F7F7F7&#8243; global_colors_info=&#8221;{}&#8221;][\/et_pb_image][et_pb_image src=&#8221;https:\/\/react-culture.eu\/wp-content\/uploads\/2024\/06\/ear.png&#8221; title_text=&#8221;ear&#8221; _builder_version=&#8221;4.25.2&#8243; _module_preset=&#8221;6857be18-6882-4da1-a5c0-9d1bb963d0b4&#8243; background_color=&#8221;#F7F7F7&#8243; global_colors_info=&#8221;{}&#8221;][\/et_pb_image][\/et_pb_column][\/et_pb_row][\/et_pb_section][et_pb_section fb_built=&#8221;1&#8243; _builder_version=&#8221;4.25.2&#8243; _module_preset=&#8221;default&#8221; custom_margin=&#8221;||||false|false&#8221; custom_padding=&#8221;0px||0px||true|false&#8221; border_width_top=&#8221;2px&#8221; border_color_top=&#8221;#5517a5&#8243; global_colors_info=&#8221;{}&#8221;][et_pb_row column_structure=&#8221;2_5,3_5&#8243; use_custom_gutter=&#8221;on&#8221; gutter_width=&#8221;1&#8243; make_equal=&#8221;on&#8221; _builder_version=&#8221;4.24.2&#8243; _module_preset=&#8221;default&#8221; use_background_color_gradient=&#8221;on&#8221; background_color_gradient_direction=&#8221;65deg&#8221; background_color_gradient_stops=&#8221;#edf8b1 0%|rgba(237,248,177,0) 60%&#8221; background_size=&#8221;contain&#8221; global_colors_info=&#8221;{}&#8221;][et_pb_column type=&#8221;2_5&#8243; _builder_version=&#8221;4.24.2&#8243; _module_preset=&#8221;default&#8221; background_image=&#8221;https:\/\/react-culture.eu\/wp-content\/uploads\/2024\/06\/inspired.png&#8221; background_size=&#8221;contain&#8221; custom_css_main_element=&#8221;background-size: 75%;&#8221; border_width_left=&#8221;2px&#8221; border_color_left=&#8221;#5517A5&#8243; global_colors_info=&#8221;{}&#8221;][\/et_pb_column][et_pb_column type=&#8221;3_5&#8243; _builder_version=&#8221;4.24.2&#8243; _module_preset=&#8221;default&#8221; custom_padding=&#8221;10%|||10%|false|false&#8221; border_width_left=&#8221;2px&#8221; border_color_left=&#8221;#5517A5&#8243; global_colors_info=&#8221;{}&#8221;][et_pb_text _builder_version=&#8221;4.24.2&#8243; _module_preset=&#8221;5a5045e6-61a2-4e58-97da-2046445b98ed&#8221; global_colors_info=&#8221;{}&#8221;]<\/p>\n<h2>Zainspiruj si\u0119<\/h2>\n<p>[\/et_pb_text][et_pb_text _builder_version=&#8221;4.25.2&#8243; _module_preset=&#8221;5a5045e6-61a2-4e58-97da-2046445b98ed&#8221; custom_margin=&#8221;50px||80px||false|false&#8221; global_colors_info=&#8221;{}&#8221;]<\/p>\n<p>Odkryj inspiruj\u0105cy projekt dotycz\u0105cy dost\u0119pno\u015bci w ca\u0142ej Europie.<\/p>\n<p>[\/et_pb_text][et_pb_button button_url=&#8221;@ET-DC@eyJkeW5hbWljIjp0cnVlLCJjb250ZW50IjoicG9zdF9saW5rX3VybF9wYWdlIiwic2V0dGluZ3MiOnsicG9zdF9pZCI6Ijg3In19@&#8221; button_text=&#8221;Dowiedz si\u0119 wi\u0119cej&#8221; _builder_version=&#8221;4.25.2&#8243; _dynamic_attributes=&#8221;button_url&#8221; _module_preset=&#8221;001e6986-4399-4a44-9263-72b31c68de2f&#8221; global_colors_info=&#8221;{}&#8221;][\/et_pb_button][\/et_pb_column][\/et_pb_row][\/et_pb_section][et_pb_section fb_built=&#8221;1&#8243; _builder_version=&#8221;4.25.2&#8243; _module_preset=&#8221;default&#8221; custom_padding=&#8221;0px||0px||true|false&#8221; border_width_top=&#8221;2px&#8221; border_color_top=&#8221;#5517a5&#8243; global_colors_info=&#8221;{}&#8221;][et_pb_row column_structure=&#8221;3_5,2_5&#8243; use_custom_gutter=&#8221;on&#8221; gutter_width=&#8221;1&#8243; make_equal=&#8221;on&#8221; _builder_version=&#8221;4.24.2&#8243; _module_preset=&#8221;default&#8221; use_background_color_gradient=&#8221;on&#8221; background_color_gradient_direction=&#8221;115deg&#8221; background_color_gradient_stops=&#8221;rgba(64,178,192,0) 40%|#40b2c0 100%&#8221; global_colors_info=&#8221;{}&#8221;][et_pb_column type=&#8221;3_5&#8243; _builder_version=&#8221;4.24.2&#8243; _module_preset=&#8221;default&#8221; custom_padding=&#8221;10%|10%|||false|false&#8221; border_width_right=&#8221;2px&#8221; border_color_right=&#8221;#5517A5&#8243; global_colors_info=&#8221;{}&#8221;][et_pb_text _builder_version=&#8221;4.24.2&#8243; _module_preset=&#8221;5a5045e6-61a2-4e58-97da-2046445b98ed&#8221; global_colors_info=&#8221;{}&#8221;]<\/p>\n<h2>Wyposa\u017c si\u0119<\/h2>\n<p>[\/et_pb_text][et_pb_text _builder_version=&#8221;4.25.2&#8243; _module_preset=&#8221;5a5045e6-61a2-4e58-97da-2046445b98ed&#8221; custom_margin=&#8221;50px||80px||false|false&#8221; global_colors_info=&#8221;{}&#8221;]<\/p>\n<p>Przejrzyj panel przydatnych narz\u0119dzi i organizacji, aby znale\u017a\u0107 to, czego potrzebujesz, i poprawi\u0107 swoj\u0105 dost\u0119pno\u015b\u0107.<\/p>\n<p>[\/et_pb_text][et_pb_button button_url=&#8221;@ET-DC@eyJkeW5hbWljIjp0cnVlLCJjb250ZW50IjoicG9zdF9saW5rX3VybF9wYWdlIiwic2V0dGluZ3MiOnsicG9zdF9pZCI6IjE4MCJ9fQ==@&#8221; button_text=&#8221;Dowiedz si\u0119 wi\u0119cej&#8221; _builder_version=&#8221;4.25.2&#8243; _dynamic_attributes=&#8221;button_url&#8221; _module_preset=&#8221;001e6986-4399-4a44-9263-72b31c68de2f&#8221; global_colors_info=&#8221;{}&#8221;][\/et_pb_button][\/et_pb_column][et_pb_column type=&#8221;2_5&#8243; _builder_version=&#8221;4.24.2&#8243; _module_preset=&#8221;default&#8221; background_image=&#8221;https:\/\/react-culture.eu\/wp-content\/uploads\/2024\/06\/equipped.png&#8221; background_size=&#8221;contain&#8221; custom_css_main_element=&#8221;background-size: 75%;&#8221; border_width_right=&#8221;2px&#8221; border_color_right=&#8221;#5517A5&#8243; global_colors_info=&#8221;{}&#8221;][\/et_pb_column][\/et_pb_row][\/et_pb_section][et_pb_section fb_built=&#8221;1&#8243; _builder_version=&#8221;4.25.2&#8243; _module_preset=&#8221;default&#8221; custom_padding=&#8221;0px||0px||true|false&#8221; border_width_top=&#8221;2px&#8221; border_color_top=&#8221;#5517a5&#8243; global_colors_info=&#8221;{}&#8221;][et_pb_row column_structure=&#8221;2_5,3_5&#8243; use_custom_gutter=&#8221;on&#8221; gutter_width=&#8221;1&#8243; make_equal=&#8221;on&#8221; _builder_version=&#8221;4.24.2&#8243; _module_preset=&#8221;default&#8221; use_background_color_gradient=&#8221;on&#8221; background_color_gradient_direction=&#8221;65deg&#8221; background_color_gradient_stops=&#8221;#feec9f 0%|rgba(254,236,159,0) 60%&#8221; global_colors_info=&#8221;{}&#8221;][et_pb_column type=&#8221;2_5&#8243; _builder_version=&#8221;4.24.2&#8243; _module_preset=&#8221;default&#8221; background_image=&#8221;https:\/\/react-culture.eu\/wp-content\/uploads\/2024\/06\/certified.png&#8221; background_size=&#8221;contain&#8221; custom_css_main_element=&#8221;background-size: 75%;&#8221; border_width_left=&#8221;2px&#8221; border_color_left=&#8221;#5517A5&#8243; global_colors_info=&#8221;{}&#8221;][\/et_pb_column][et_pb_column type=&#8221;3_5&#8243; _builder_version=&#8221;4.24.2&#8243; _module_preset=&#8221;default&#8221; custom_padding=&#8221;10%|||10%|false|false&#8221; border_width_left=&#8221;2px&#8221; border_color_left=&#8221;#5517A5&#8243; global_colors_info=&#8221;{}&#8221;][et_pb_text _builder_version=&#8221;4.24.2&#8243; _module_preset=&#8221;5a5045e6-61a2-4e58-97da-2046445b98ed&#8221; global_colors_info=&#8221;{}&#8221;]<\/p>\n<h2>Zdob\u0105d\u017a certyfikat<\/h2>\n<p>[\/et_pb_text][et_pb_text _builder_version=&#8221;4.25.2&#8243; _module_preset=&#8221;5a5045e6-61a2-4e58-97da-2046445b98ed&#8221; custom_margin=&#8221;50px||80px||false|false&#8221; global_colors_info=&#8221;{}&#8221;]<\/p>\n<p>Uzyskaj dost\u0119p do bezp\u0142atnego programu szkoleniowego, aby lepiej zrozumie\u0107 wyzwania i rozwi\u0105zania dotycz\u0105ce dost\u0119pno\u015bci.<\/p>\n<p>[\/et_pb_text][et_pb_button button_url=&#8221;@ET-DC@eyJkeW5hbWljIjp0cnVlLCJjb250ZW50IjoicG9zdF9saW5rX3VybF9wYWdlIiwic2V0dGluZ3MiOnsicG9zdF9pZCI6IjE4MyJ9fQ==@&#8221; button_text=&#8221;Dowiedz si\u0119 wi\u0119cej&#8221; _builder_version=&#8221;4.25.2&#8243; _dynamic_attributes=&#8221;button_url&#8221; _module_preset=&#8221;001e6986-4399-4a44-9263-72b31c68de2f&#8221; global_colors_info=&#8221;{}&#8221;][\/et_pb_button][\/et_pb_column][\/et_pb_row][\/et_pb_section][et_pb_section fb_built=&#8221;1&#8243; _builder_version=&#8221;4.25.2&#8243; _module_preset=&#8221;default&#8221; custom_padding=&#8221;0px||0px||true|false&#8221; border_width_top=&#8221;2px&#8221; border_color_top=&#8221;#5517a5&#8243; global_colors_info=&#8221;{}&#8221;][et_pb_row column_structure=&#8221;2_5,3_5&#8243; use_custom_gutter=&#8221;on&#8221; gutter_width=&#8221;1&#8243; make_equal=&#8221;on&#8221; _builder_version=&#8221;4.24.2&#8243; _module_preset=&#8221;default&#8221; custom_padding=&#8221;80px||80px||true|false&#8221; global_colors_info=&#8221;{}&#8221;][et_pb_column type=&#8221;2_5&#8243; _builder_version=&#8221;4.24.2&#8243; _module_preset=&#8221;default&#8221; custom_padding=&#8221;||||false|false&#8221; border_color_right=&#8221;#5517A5&#8243; border_color_left=&#8221;#5517A5&#8243; global_colors_info=&#8221;{}&#8221;][et_pb_text _builder_version=&#8221;4.24.2&#8243; _module_preset=&#8221;5a5045e6-61a2-4e58-97da-2046445b98ed&#8221; header_2_font_size=&#8221;3.75rem&#8221; global_colors_info=&#8221;{}&#8221;]<\/p>\n<h2>Europejskie partnerstwo<\/h2>\n<p>[\/et_pb_text][\/et_pb_column][et_pb_column type=&#8221;3_5&#8243; module_class=&#8221;squares&#8221; _builder_version=&#8221;4.24.2&#8243; _module_preset=&#8221;default&#8221; custom_padding=&#8221;||||false|false&#8221; global_colors_info=&#8221;{}&#8221;][et_pb_image src=&#8221;https:\/\/react-culture.eu\/wp-content\/uploads\/2024\/06\/alto.png&#8221; title_text=&#8221;alto&#8221; _builder_version=&#8221;4.25.2&#8243; _module_preset=&#8221;6857be18-6882-4da1-a5c0-9d1bb963d0b4&#8243; background_color=&#8221;#F7F7F7&#8243; global_colors_info=&#8221;{}&#8221;][\/et_pb_image][et_pb_image src=&#8221;https:\/\/react-culture.eu\/wp-content\/uploads\/2024\/06\/complexul-muzeal-national-moldova-iasi.png&#8221; title_text=&#8221;complexul-muzeal-national-moldova-iasi&#8221; _builder_version=&#8221;4.25.2&#8243; _module_preset=&#8221;6857be18-6882-4da1-a5c0-9d1bb963d0b4&#8243; background_color=&#8221;#F7F7F7&#8243; global_colors_info=&#8221;{}&#8221;][\/et_pb_image][et_pb_image src=&#8221;https:\/\/react-culture.eu\/wp-content\/uploads\/2024\/06\/arteria.png&#8221; title_text=&#8221;arteria&#8221; module_class=&#8221;square m&#8211;arteria&#8221; _builder_version=&#8221;4.25.2&#8243; _module_preset=&#8221;6857be18-6882-4da1-a5c0-9d1bb963d0b4&#8243; background_color=&#8221;#F7F7F7&#8243; global_colors_info=&#8221;{}&#8221;][\/et_pb_image][et_pb_image src=&#8221;https:\/\/react-culture.eu\/wp-content\/uploads\/2024\/06\/lesapprimeurs.png&#8221; title_text=&#8221;lesapprimeurs&#8221; _builder_version=&#8221;4.25.2&#8243; _module_preset=&#8221;6857be18-6882-4da1-a5c0-9d1bb963d0b4&#8243; background_color=&#8221;#F7F7F7&#8243; global_colors_info=&#8221;{}&#8221;][\/et_pb_image][et_pb_image src=&#8221;https:\/\/react-culture.eu\/wp-content\/uploads\/2024\/06\/logpsycom.png&#8221; title_text=&#8221;logpsycom&#8221; _builder_version=&#8221;4.25.2&#8243; _module_preset=&#8221;6857be18-6882-4da1-a5c0-9d1bb963d0b4&#8243; background_color=&#8221;#F7F7F7&#8243; global_colors_info=&#8221;{}&#8221;][\/et_pb_image][et_pb_image src=&#8221;https:\/\/react-culture.eu\/wp-content\/uploads\/2024\/06\/arrow.png&#8221; title_text=&#8221;arrow&#8221; url=&#8221;@ET-DC@eyJkeW5hbWljIjp0cnVlLCJjb250ZW50IjoicG9zdF9saW5rX3VybF9wYWdlIiwic2V0dGluZ3MiOnsicG9zdF9pZCI6IjE5NiJ9fQ==@&#8221; module_class=&#8221;square m&#8211;arrow&#8221; _builder_version=&#8221;4.25.2&#8243; _dynamic_attributes=&#8221;url&#8221; _module_preset=&#8221;6857be18-6882-4da1-a5c0-9d1bb963d0b4&#8243; background_color=&#8221;#5517A5&#8243; global_colors_info=&#8221;{}&#8221; background__hover_enabled=&#8221;on|hover&#8221; background_color__hover=&#8221;#7f61c5&#8243; background_enable_color__hover=&#8221;on&#8221;][\/et_pb_image][\/et_pb_column][\/et_pb_row][\/et_pb_section][et_pb_section fb_built=&#8221;1&#8243; _builder_version=&#8221;4.24.2&#8243; _module_preset=&#8221;default&#8221; custom_css_main_element=&#8221;display: none;&#8221; global_colors_info=&#8221;{}&#8221;][et_pb_row _builder_version=&#8221;4.24.2&#8243; _module_preset=&#8221;default&#8221; global_colors_info=&#8221;{}&#8221;][et_pb_column type=&#8221;4_4&#8243; _builder_version=&#8221;4.24.2&#8243; _module_preset=&#8221;default&#8221; global_colors_info=&#8221;{}&#8221;][et_pb_text _builder_version=&#8221;4.24.2&#8243; _module_preset=&#8221;5a5045e6-61a2-4e58-97da-2046445b98ed&#8221; custom_css_main_element=&#8221;display: none;&#8221; global_colors_info=&#8221;{}&#8221;]<\/p>\n<p>&#8230;<\/p>\n<p>[\/et_pb_text][\/et_pb_column][\/et_pb_row][\/et_pb_section]<\/p>\n","protected":false},"excerpt":{"rendered":"<p>REACTPoprawa wra\u017ce\u0144 wszystkich odwiedzaj\u0105cych \u017cyj\u0105cych z dala od kultury.Zainspiruj si\u0119Odkryj inspiruj\u0105cy projekt dotycz\u0105cy dost\u0119pno\u015bci w ca\u0142ej Europie.Wyposa\u017c si\u0119Przejrzyj panel przydatnych narz\u0119dzi i organizacji, aby znale\u017a\u0107 to, czego potrzebujesz, i poprawi\u0107 swoj\u0105 dost\u0119pno\u015b\u0107.Zdob\u0105d\u017a certyfikatUzyskaj dost\u0119p do bezp\u0142atnego programu szkoleniowego, aby lepiej zrozumie\u0107 wyzwania i rozwi\u0105zania dotycz\u0105ce dost\u0119pno\u015bci.Europejskie partnerstwo&#8230;<\/p>\n","protected":false},"author":1,"featured_media":0,"parent":0,"menu_order":0,"comment_status":"closed","ping_status":"closed","template":"","meta":{"_acf_changed":false,"_et_pb_use_builder":"on","_et_pb_old_content":"","_et_gb_content_width":"","footnotes":""},"class_list":["post-1215","page","type-page","status-publish","hentry"],"acf":[],"_links":{"self":[{"href":"https:\/\/react-culture.eu\/pl\/wp-json\/wp\/v2\/pages\/1215","targetHints":{"allow":["GET"]}}],"collection":[{"href":"https:\/\/react-culture.eu\/pl\/wp-json\/wp\/v2\/pages"}],"about":[{"href":"https:\/\/react-culture.eu\/pl\/wp-json\/wp\/v2\/types\/page"}],"author":[{"embeddable":true,"href":"https:\/\/react-culture.eu\/pl\/wp-json\/wp\/v2\/users\/1"}],"replies":[{"embeddable":true,"href":"https:\/\/react-culture.eu\/pl\/wp-json\/wp\/v2\/comments?post=1215"}],"version-history":[{"count":4,"href":"https:\/\/react-culture.eu\/pl\/wp-json\/wp\/v2\/pages\/1215\/revisions"}],"predecessor-version":[{"id":1318,"href":"https:\/\/react-culture.eu\/pl\/wp-json\/wp\/v2\/pages\/1215\/revisions\/1318"}],"wp:attachment":[{"href":"https:\/\/react-culture.eu\/pl\/wp-json\/wp\/v2\/media?parent=1215"}],"curies":[{"name":"wp","href":"https:\/\/api.w.org\/{rel}","templated":true}]}}