{"id":1186,"date":"2024-09-30T10:53:35","date_gmt":"2024-09-30T08:53:35","guid":{"rendered":"https:\/\/react-culture.eu\/blog\/"},"modified":"2025-01-16T14:17:42","modified_gmt":"2025-01-16T12:17:42","slug":"blog","status":"publish","type":"page","link":"https:\/\/react-culture.eu\/fr\/blog\/","title":{"rendered":"Blog"},"content":{"rendered":"<p>[et_pb_section fb_built=\u00a0\u00bb1&Prime; _builder_version=\u00a0\u00bb4.25.2&Prime; _module_preset=\u00a0\u00bbdefault\u00a0\u00bb custom_padding=\u00a0\u00bb0px||||false|false\u00a0\u00bb locked=\u00a0\u00bboff\u00a0\u00bb global_colors_info=\u00a0\u00bb{}\u00a0\u00bb theme_builder_area=\u00a0\u00bbpost_content\u00a0\u00bb][et_pb_row _builder_version=\u00a0\u00bb4.25.2&Prime; _module_preset=\u00a0\u00bbdefault\u00a0\u00bb custom_padding=\u00a0\u00bb100px||100px||true|false\u00a0\u00bb global_colors_info=\u00a0\u00bb{}\u00a0\u00bb theme_builder_area=\u00a0\u00bbpost_content\u00a0\u00bb][et_pb_column type=\u00a0\u00bb4_4&Prime; _builder_version=\u00a0\u00bb4.25.2&Prime; _module_preset=\u00a0\u00bbdefault\u00a0\u00bb global_colors_info=\u00a0\u00bb{}\u00a0\u00bb theme_builder_area=\u00a0\u00bbpost_content\u00a0\u00bb][et_pb_post_title _builder_version=\u00a0\u00bb4.25.2&Prime; _module_preset=\u00a0\u00bbdefault\u00a0\u00bb global_colors_info=\u00a0\u00bb{}\u00a0\u00bb theme_builder_area=\u00a0\u00bbpost_content\u00a0\u00bb][\/et_pb_post_title][\/et_pb_column][\/et_pb_row][et_pb_row _builder_version=\u00a0\u00bb4.25.2&Prime; _module_preset=\u00a0\u00bbdefault\u00a0\u00bb global_colors_info=\u00a0\u00bb{}\u00a0\u00bb theme_builder_area=\u00a0\u00bbpost_content\u00a0\u00bb][et_pb_column type=\u00a0\u00bb4_4&Prime; _builder_version=\u00a0\u00bb4.25.2&Prime; _module_preset=\u00a0\u00bbdefault\u00a0\u00bb global_colors_info=\u00a0\u00bb{}\u00a0\u00bb theme_builder_area=\u00a0\u00bbpost_content\u00a0\u00bb][et_pb_code _builder_version=\u00a0\u00bb4.27.0&Prime; _module_preset=\u00a0\u00bbdefault\u00a0\u00bb hover_enabled=\u00a0\u00bb0&Prime; global_colors_info=\u00a0\u00bb{}\u00a0\u00bb theme_builder_area=\u00a0\u00bbpost_content\u00a0\u00bb sticky_enabled=\u00a0\u00bb0&Prime;]<!-- Gridbuilder \u1d42\u1d3e Plugin (https:\/\/wpgridbuilder.com) -->\n<div class=\"wp-grid-builder wpgb-grid-5\" data-options=\"{&quot;id&quot;:5,&quot;type&quot;:&quot;masonry&quot;,&quot;source&quot;:&quot;post_type&quot;,&quot;loader&quot;:false,&quot;layout&quot;:&quot;vertical&quot;,&quot;reveal&quot;:0,&quot;isMainQuery&quot;:0,&quot;lazyLoad&quot;:false,&quot;cardSizes&quot;:{&quot;9999&quot;:{&quot;columns&quot;:3,&quot;height&quot;:240,&quot;gutter&quot;:0,&quot;ratio&quot;:&quot;1.33333&quot;},&quot;1200&quot;:{&quot;columns&quot;:3,&quot;height&quot;:240,&quot;gutter&quot;:0,&quot;ratio&quot;:&quot;1.33333&quot;},&quot;992&quot;:{&quot;columns&quot;:2,&quot;height&quot;:220,&quot;gutter&quot;:0,&quot;ratio&quot;:&quot;1.33333&quot;},&quot;768&quot;:{&quot;columns&quot;:2,&quot;height&quot;:220,&quot;gutter&quot;:0,&quot;ratio&quot;:&quot;1.33333&quot;},&quot;576&quot;:{&quot;columns&quot;:1,&quot;height&quot;:200,&quot;gutter&quot;:0,&quot;ratio&quot;:&quot;1.33333&quot;},&quot;320&quot;:{&quot;columns&quot;:1,&quot;height&quot;:200,&quot;gutter&quot;:0,&quot;ratio&quot;:&quot;1.33333&quot;}},&quot;fitRows&quot;:false,&quot;equalRows&quot;:0,&quot;equalColumns&quot;:true,&quot;fillLastRow&quot;:0,&quot;centerLastRow&quot;:0,&quot;horizontalOrder&quot;:false,&quot;fullWidth&quot;:false,&quot;transitionDelay&quot;:100,&quot;gallerySlideshow&quot;:false,&quot;rowsNumber&quot;:1,&quot;slideAlign&quot;:&quot;left&quot;,&quot;groupCells&quot;:1,&quot;draggable&quot;:true,&quot;initialIndex&quot;:0,&quot;contain&quot;:false,&quot;freeScroll&quot;:false,&quot;freeFriction&quot;:&quot;0.075&quot;,&quot;friction&quot;:&quot;0.285&quot;,&quot;attraction&quot;:&quot;0.025&quot;,&quot;autoPlay&quot;:0,&quot;pageDotAriaLabel&quot;:&quot;Point de page %d&quot;,&quot;isPreview&quot;:false,&quot;isGutenberg&quot;:false,&quot;rightToLeft&quot;:false}\"><div class=\"wpgb-svg-icons\" hidden>\n\t<svg viewBox=\"0 0 120 24\" width=\"0\" height=\"0\">\n\t<defs>\n        <polygon id=\"wpgb-star-svg\" points=\"12 2.5 15.1 8.8 22 9.8 17 14.6 18.2 21.5 12 18.3 5.8 21.5 7 14.6 2 9.8 8.9 8.8\"><\/polygon>\n    <\/defs>\n    <symbol id=\"wpgb-rating-stars-svg\">\n        <use xlink:href=\"#wpgb-star-svg\"><\/use>\n        <use xlink:href=\"#wpgb-star-svg\" x=\"24\"><\/use>\n        <use xlink:href=\"#wpgb-star-svg\" x=\"48\"><\/use>\n        <use xlink:href=\"#wpgb-star-svg\" x=\"72\"><\/use>\n        <use xlink:href=\"#wpgb-star-svg\" x=\"96\"><\/use>\n    <\/symbol>\n<\/svg>\n<\/div>\n<div class=\"wpgb-wrapper\">\n\t<div class=\"wpgb-main\">\n\t<div class=\"wpgb-layout\">\n\t<div class=\"wpgb-viewport\">\n\t\t<div class=\"wpgb-masonry\">\n\t\t\t<article class=\"wpgb-card wpgb-card-1 wpgb-post-3076\" data-col=\"1\" data-row=\"1\" data-format=\"standard\"><div class=\"wpgb-card-wrapper\"><div class=\"wpgb-card-inner\" data-action><div class=\"wpgb-card-content wpgb-scheme-dark\"><div class=\"wpgb-card-body\"><h3 class=\"wpgb-block-1\">Quand les mus\u00e9es \u00e9coutent&nbsp;: REACT et l\u2019art de l\u2019accessibilit\u00e9<\/h3><\/div><\/div><a class=\"wpgb-card-layer-link\" aria-label=\"Quand les mus\u00e9es \u00e9coutent&nbsp;: REACT et l\u2019art de l\u2019accessibilit\u00e9\" href=\"https:\/\/react-culture.eu\/fr\/blog\/quand-les-musees-ecoutent-react-et-lart-de-laccessibilite\/\"><\/a><\/div><\/div><\/article><article class=\"wpgb-card wpgb-card-1 wpgb-post-2970\" data-col=\"1\" data-row=\"1\" data-format=\"standard\"><div class=\"wpgb-card-wrapper\"><div class=\"wpgb-card-inner\" data-action><div class=\"wpgb-card-content wpgb-scheme-dark\"><div class=\"wpgb-card-body\"><h3 class=\"wpgb-block-1\">AniMuz\u202f: Le dernier programme de m\u00e9diation num\u00e9rique au Palais de la Culture \u00e0 Ia\u0219i<\/h3><\/div><\/div><a class=\"wpgb-card-layer-link\" aria-label=\"AniMuz\u202f: Le dernier programme de m\u00e9diation num\u00e9rique au Palais de la Culture \u00e0 Ia\u0219i\" href=\"https:\/\/react-culture.eu\/fr\/blog\/animuz-le-dernier-programme-de-mediation-numerique-au-palais-de-la-culture-a-iasi\/\"><\/a><\/div><\/div><\/article><article class=\"wpgb-card wpgb-card-1 wpgb-post-2964\" data-col=\"1\" data-row=\"1\" data-format=\"standard\"><div class=\"wpgb-card-wrapper\"><div class=\"wpgb-card-inner\" data-action><div class=\"wpgb-card-content wpgb-scheme-dark\"><div class=\"wpgb-card-body\"><h3 class=\"wpgb-block-1\">\u00ab&nbsp;Et seules les souris et moi admirons tout cela&nbsp;\u00bb<\/h3><\/div><\/div><a class=\"wpgb-card-layer-link\" aria-label=\"\u00ab&nbsp;Et seules les souris et moi admirons tout cela&nbsp;\u00bb\" href=\"https:\/\/react-culture.eu\/fr\/blog\/et-seules-les-souris-et-moi-admirons-tout-cela\/\"><\/a><\/div><\/div><\/article><article class=\"wpgb-card wpgb-card-1 wpgb-post-2887\" data-col=\"1\" data-row=\"1\" data-format=\"standard\"><div class=\"wpgb-card-wrapper\"><div class=\"wpgb-card-inner\" data-action><div class=\"wpgb-card-content wpgb-scheme-dark\"><div class=\"wpgb-card-body\"><h3 class=\"wpgb-block-1\">Pourquoi la coop\u00e9ration europ\u00e9enne est essentielle pour l\u2019accessibilit\u00e9 culturelle<\/h3><\/div><\/div><a class=\"wpgb-card-layer-link\" aria-label=\"Pourquoi la coop\u00e9ration europ\u00e9enne est essentielle pour l\u2019accessibilit\u00e9 culturelle\" href=\"https:\/\/react-culture.eu\/fr\/blog\/pourquoi-la-cooperation-europeenne-est-essentielle-pour-laccessibilite-culturelle\/\"><\/a><\/div><\/div><\/article><article class=\"wpgb-card wpgb-card-1 wpgb-post-2465\" data-col=\"1\" data-row=\"1\" data-format=\"standard\"><div class=\"wpgb-card-wrapper\"><div class=\"wpgb-card-inner\" data-action><div class=\"wpgb-card-content wpgb-scheme-dark\"><div class=\"wpgb-card-body\"><h3 class=\"wpgb-block-1\">Les bienfaits de la coop\u00e9ration, ou comment combiner efficacement diff\u00e9rents m\u00e9tiers pour engager le public d\u2019une institution culturelle<\/h3><\/div><\/div><a class=\"wpgb-card-layer-link\" aria-label=\"Les bienfaits de la coop\u00e9ration, ou comment combiner efficacement diff\u00e9rents m\u00e9tiers pour engager le public d\u2019une institution culturelle\" href=\"https:\/\/react-culture.eu\/fr\/blog\/les-bienfaits-de-la-cooperation-ou-comment-combiner-efficacement-differents-metiers-pour-engager-le-public-dune-institution-culturelle\/\"><\/a><\/div><\/div><\/article><article class=\"wpgb-card wpgb-card-1 wpgb-post-2395\" data-col=\"1\" data-row=\"1\" data-format=\"standard\"><div class=\"wpgb-card-wrapper\"><div class=\"wpgb-card-inner\" data-action><div class=\"wpgb-card-content wpgb-scheme-dark\"><div class=\"wpgb-card-body\"><h3 class=\"wpgb-block-1\">Celui qui pose des questions ne perd pas son chemin<\/h3><\/div><\/div><a class=\"wpgb-card-layer-link\" aria-label=\"Celui qui pose des questions ne perd pas son chemin\" href=\"https:\/\/react-culture.eu\/fr\/blog\/celui-qui-pose-des-questions-ne-perd-pas-son-chemin\/\"><\/a><\/div><\/div><\/article><article class=\"wpgb-card wpgb-card-1 wpgb-post-2397\" data-col=\"1\" data-row=\"1\" data-format=\"standard\"><div class=\"wpgb-card-wrapper\"><div class=\"wpgb-card-inner\" data-action><div class=\"wpgb-card-content wpgb-scheme-dark\"><div class=\"wpgb-card-body\"><h3 class=\"wpgb-block-1\">Exposition \u00ab&nbsp;Monde Invisible&nbsp;\u00bb au Palais de la Culture \u00e0 Ia\u0219i<\/h3><\/div><\/div><a class=\"wpgb-card-layer-link\" aria-label=\"Exposition \u00ab&nbsp;Monde Invisible&nbsp;\u00bb au Palais de la Culture \u00e0 Ia\u0219i\" href=\"https:\/\/react-culture.eu\/fr\/blog\/exposition-monde-invisible-au-palais-de-la-culture-a-iasi\/\"><\/a><\/div><\/div><\/article><article class=\"wpgb-card wpgb-card-1 wpgb-post-1755\" data-col=\"1\" data-row=\"1\" data-format=\"standard\"><div class=\"wpgb-card-wrapper\"><div class=\"wpgb-card-inner\" data-action><div class=\"wpgb-card-content wpgb-scheme-dark\"><div class=\"wpgb-card-body\"><h3 class=\"wpgb-block-1\">Accessibilit\u00e9 en actes&nbsp;: retour sur notre formation immersive dans trois mus\u00e9es parisiens<\/h3><\/div><\/div><a class=\"wpgb-card-layer-link\" aria-label=\"Accessibilit\u00e9 en actes&nbsp;: retour sur notre formation immersive dans trois mus\u00e9es parisiens\" href=\"https:\/\/react-culture.eu\/fr\/blog\/accessibilite-en-actes-retour-sur-notre-formation-immersive-dans-trois-musees-parisiens\/\"><\/a><\/div><\/div><\/article><article class=\"wpgb-card wpgb-card-1 wpgb-post-1550\" data-col=\"1\" data-row=\"1\" data-format=\"standard\"><div class=\"wpgb-card-wrapper\"><div class=\"wpgb-card-inner\" data-action><div class=\"wpgb-card-content wpgb-scheme-dark\"><div class=\"wpgb-card-body\"><h3 class=\"wpgb-block-1\">Pourquoi utiliser la m\u00e9thode d&rsquo;e-learning \u202f?<\/h3><\/div><\/div><a class=\"wpgb-card-layer-link\" aria-label=\"Pourquoi utiliser la m\u00e9thode d&rsquo;e-learning \u202f?\" href=\"https:\/\/react-culture.eu\/fr\/blog\/pourquoi-utiliser-la-methode-de-learning\/\"><\/a><\/div><\/div><\/article><article class=\"wpgb-card wpgb-card-1 wpgb-post-1447\" data-col=\"1\" data-row=\"1\" data-format=\"standard\"><div class=\"wpgb-card-wrapper\"><div class=\"wpgb-card-inner\" data-action><div class=\"wpgb-card-content wpgb-scheme-dark\"><div class=\"wpgb-card-body\"><h3 class=\"wpgb-block-1\">Le r\u00f4le du personnel form\u00e9 dans l\u2019inclusion v\u00e9ritable des institutions culturelles<\/h3><\/div><\/div><a class=\"wpgb-card-layer-link\" aria-label=\"Le r\u00f4le du personnel form\u00e9 dans l\u2019inclusion v\u00e9ritable des institutions culturelles\" href=\"https:\/\/react-culture.eu\/fr\/blog\/le-role-du-personnel-forme-dans-linclusion-veritable-des-institutions-culturelles\/\"><\/a><\/div><\/div><\/article><article class=\"wpgb-card wpgb-card-1 wpgb-post-1383\" data-col=\"1\" data-row=\"1\" data-format=\"standard\"><div class=\"wpgb-card-wrapper\"><div class=\"wpgb-card-inner\" data-action><div class=\"wpgb-card-content wpgb-scheme-dark\"><div class=\"wpgb-card-body\"><h3 class=\"wpgb-block-1\">L&rsquo;exp\u00e9rience mus\u00e9ale pour les personnes avec des troubles cognitifs&nbsp;: vers une inclusion r\u00e9ussie<\/h3><\/div><\/div><a class=\"wpgb-card-layer-link\" aria-label=\"L&rsquo;exp\u00e9rience mus\u00e9ale pour les personnes avec des troubles cognitifs&nbsp;: vers une inclusion r\u00e9ussie\" href=\"https:\/\/react-culture.eu\/fr\/blog\/lexperience-museale-pour-les-personnes-avec-des-troubles-cognitifs-vers-une-inclusion-reussie\/\"><\/a><\/div><\/div><\/article><article class=\"wpgb-card wpgb-card-1 wpgb-post-1374\" data-col=\"1\" data-row=\"1\" data-format=\"standard\"><div class=\"wpgb-card-wrapper\"><div class=\"wpgb-card-inner\" data-action><div class=\"wpgb-card-content wpgb-scheme-dark\"><div class=\"wpgb-card-body\"><h3 class=\"wpgb-block-1\">L&rsquo;accessibilit\u00e9 num\u00e9rique <br>et son importance <br>pour les mus\u00e9es<\/h3><\/div><\/div><a class=\"wpgb-card-layer-link\" aria-label=\"L&rsquo;accessibilit\u00e9 num\u00e9rique &lt;br&gt;et son importance &lt;br&gt;pour les mus\u00e9es\" href=\"https:\/\/react-culture.eu\/fr\/blog\/laccessibilite-numeriqueet-son-importancepour-les-musees\/\"><\/a><\/div><\/div><\/article><article class=\"wpgb-card wpgb-card-1 wpgb-post-995\" data-col=\"1\" data-row=\"1\" data-format=\"standard\"><div class=\"wpgb-card-wrapper\"><div class=\"wpgb-card-inner\" data-action><div class=\"wpgb-card-content wpgb-scheme-dark\"><div class=\"wpgb-card-body\"><h3 class=\"wpgb-block-1\">L&rsquo;audiodescription comme aide aux visiteurs malvoyants&nbsp;: comment rendre l&rsquo;art accessible&nbsp;? &#8211; partie 3<\/h3><\/div><\/div><a class=\"wpgb-card-layer-link\" aria-label=\"L&rsquo;audiodescription comme aide aux visiteurs malvoyants&nbsp;: comment rendre l&rsquo;art accessible&nbsp;? &#8211; partie 3\" href=\"https:\/\/react-culture.eu\/fr\/blog\/laudiodescription-comme-aide-aux-visiteurs-malvoyants-comment-rendre-lart-accessible-2\/\"><\/a><\/div><\/div><\/article><article class=\"wpgb-card wpgb-card-1 wpgb-post-920\" data-col=\"1\" data-row=\"1\" data-format=\"standard\"><div class=\"wpgb-card-wrapper\"><div class=\"wpgb-card-inner\" data-action><div class=\"wpgb-card-content wpgb-scheme-dark\"><div class=\"wpgb-card-body\"><h3 class=\"wpgb-block-1\">L&rsquo;audiodescription comme aide aux visiteurs malvoyants&nbsp;: comment rendre l&rsquo;art accessible&nbsp;? &#8211; partie 2<\/h3><\/div><\/div><a class=\"wpgb-card-layer-link\" aria-label=\"L&rsquo;audiodescription comme aide aux visiteurs malvoyants&nbsp;: comment rendre l&rsquo;art accessible&nbsp;? &#8211; partie 2\" href=\"https:\/\/react-culture.eu\/fr\/blog\/laudiodescription-comme-aide-aux-visiteurs-malvoyants-comment-rendre-lart-accessible-partie-2\/\"><\/a><\/div><\/div><\/article><article class=\"wpgb-card wpgb-card-1 wpgb-post-890\" data-col=\"1\" data-row=\"1\" data-format=\"standard\"><div class=\"wpgb-card-wrapper\"><div class=\"wpgb-card-inner\" data-action><div class=\"wpgb-card-content wpgb-scheme-dark\"><div class=\"wpgb-card-body\"><h3 class=\"wpgb-block-1\">L&rsquo;audiodescription comme aide aux visiteurs malvoyants&nbsp;: comment rendre l&rsquo;art accessible&nbsp;?<\/h3><\/div><\/div><a class=\"wpgb-card-layer-link\" aria-label=\"L&rsquo;audiodescription comme aide aux visiteurs malvoyants&nbsp;: comment rendre l&rsquo;art accessible&nbsp;?\" href=\"https:\/\/react-culture.eu\/fr\/blog\/laudiodescription-comme-aide-aux-visiteurs-malvoyants-comment-rendre-lart-accessible\/\"><\/a><\/div><\/div><\/article>\t\t<\/div>\n\t<\/div>\n\t<\/div>\n\t<\/div>\n\t\t<\/div>\n<\/div>\n[\/et_pb_code][\/et_pb_column][\/et_pb_row][\/et_pb_section]<\/p>\n","protected":false},"excerpt":{"rendered":"<p>[et_pb_section fb_built=\u00a0\u00bb1&Prime; _builder_version=\u00a0\u00bb4.25.2&Prime; _module_preset=\u00a0\u00bbdefault\u00a0\u00bb custom_padding=\u00a0\u00bb0px||||false|false\u00a0\u00bb locked=\u00a0\u00bboff\u00a0\u00bb global_colors_info=\u00a0\u00bb{}\u00a0\u00bb theme_builder_area=\u00a0\u00bbpost_content\u00a0\u00bb][et_pb_row _builder_version=\u00a0\u00bb4.25.2&Prime; _module_preset=\u00a0\u00bbdefault\u00a0\u00bb custom_padding=\u00a0\u00bb100px||100px||true|false\u00a0\u00bb global_colors_info=\u00a0\u00bb{}\u00a0\u00bb theme_builder_area=\u00a0\u00bbpost_content\u00a0\u00bb][et_pb_column type=\u00a0\u00bb4_4&Prime; _builder_version=\u00a0\u00bb4.25.2&Prime; _module_preset=\u00a0\u00bbdefault\u00a0\u00bb global_colors_info=\u00a0\u00bb{}\u00a0\u00bb theme_builder_area=\u00a0\u00bbpost_content\u00a0\u00bb][et_pb_post_title _builder_version=\u00a0\u00bb4.25.2&Prime; _module_preset=\u00a0\u00bbdefault\u00a0\u00bb global_colors_info=\u00a0\u00bb{}\u00a0\u00bb theme_builder_area=\u00a0\u00bbpost_content\u00a0\u00bb][\/et_pb_post_title][\/et_pb_column][\/et_pb_row][et_pb_row _builder_version=\u00a0\u00bb4.25.2&Prime; _module_preset=\u00a0\u00bbdefault\u00a0\u00bb global_colors_info=\u00a0\u00bb{}\u00a0\u00bb theme_builder_area=\u00a0\u00bbpost_content\u00a0\u00bb][et_pb_column type=\u00a0\u00bb4_4&Prime; _builder_version=\u00a0\u00bb4.25.2&Prime; _module_preset=\u00a0\u00bbdefault\u00a0\u00bb global_colors_info=\u00a0\u00bb{}\u00a0\u00bb theme_builder_area=\u00a0\u00bbpost_content\u00a0\u00bb][et_pb_code _builder_version=\u00a0\u00bb4.27.0&Prime; _module_preset=\u00a0\u00bbdefault\u00a0\u00bb hover_enabled=\u00a0\u00bb0&Prime; global_colors_info=\u00a0\u00bb{}\u00a0\u00bb theme_builder_area=\u00a0\u00bbpost_content\u00a0\u00bb sticky_enabled=\u00a0\u00bb0&Prime;][\/et_pb_code][\/et_pb_column][\/et_pb_row][\/et_pb_section]<\/p>\n","protected":false},"author":1,"featured_media":0,"parent":0,"menu_order":0,"comment_status":"closed","ping_status":"closed","template":"","meta":{"_acf_changed":false,"_et_pb_use_builder":"on","_et_pb_old_content":"","_et_gb_content_width":"","footnotes":""},"class_list":["post-1186","page","type-page","status-publish","hentry"],"acf":[],"_links":{"self":[{"href":"https:\/\/react-culture.eu\/fr\/wp-json\/wp\/v2\/pages\/1186","targetHints":{"allow":["GET"]}}],"collection":[{"href":"https:\/\/react-culture.eu\/fr\/wp-json\/wp\/v2\/pages"}],"about":[{"href":"https:\/\/react-culture.eu\/fr\/wp-json\/wp\/v2\/types\/page"}],"author":[{"embeddable":true,"href":"https:\/\/react-culture.eu\/fr\/wp-json\/wp\/v2\/users\/1"}],"replies":[{"embeddable":true,"href":"https:\/\/react-culture.eu\/fr\/wp-json\/wp\/v2\/comments?post=1186"}],"version-history":[{"count":1,"href":"https:\/\/react-culture.eu\/fr\/wp-json\/wp\/v2\/pages\/1186\/revisions"}],"predecessor-version":[{"id":1187,"href":"https:\/\/react-culture.eu\/fr\/wp-json\/wp\/v2\/pages\/1186\/revisions\/1187"}],"wp:attachment":[{"href":"https:\/\/react-culture.eu\/fr\/wp-json\/wp\/v2\/media?parent=1186"}],"curies":[{"name":"wp","href":"https:\/\/api.w.org\/{rel}","templated":true}]}}