{"id":1182,"date":"2024-06-25T11:07:27","date_gmt":"2024-06-25T09:07:27","guid":{"rendered":"https:\/\/react-culture.eu\/obtenir-un-certificat\/"},"modified":"2026-02-24T16:47:57","modified_gmt":"2026-02-24T14:47:57","slug":"obtenir-un-certificat","status":"publish","type":"page","link":"https:\/\/react-culture.eu\/fr\/obtenir-un-certificat\/","title":{"rendered":"Se former"},"content":{"rendered":"<p>[et_pb_section fb_built=\u00a0\u00bb1&Prime; module_class=\u00a0\u00bbpage-header\u00a0\u00bb _builder_version=\u00a0\u00bb4.25.2&Prime; _module_preset=\u00a0\u00bb83db7f57-1c10-4990-b0d5-086abeb4d5f7&Prime; overflow-x=\u00a0\u00bbhidden\u00a0\u00bb custom_padding=\u00a0\u00bb0px||0px||true|false\u00a0\u00bb saved_tabs=\u00a0\u00bball\u00a0\u00bb locked=\u00a0\u00bboff\u00a0\u00bb global_colors_info=\u00a0\u00bb{}\u00a0\u00bb][et_pb_row _builder_version=\u00a0\u00bb4.25.2&Prime; _module_preset=\u00a0\u00bbdefault\u00a0\u00bb custom_padding=\u00a0\u00bb100px||100px|5%|true|false\u00a0\u00bb border_width_left=\u00a0\u00bb2px\u00a0\u00bb border_color_left=\u00a0\u00bb#5517A5&Prime; global_colors_info=\u00a0\u00bb{}\u00a0\u00bb][et_pb_column type=\u00a0\u00bb4_4&Prime; _builder_version=\u00a0\u00bb4.25.2&Prime; _module_preset=\u00a0\u00bbdefault\u00a0\u00bb global_colors_info=\u00a0\u00bb{}\u00a0\u00bb][et_pb_post_title _builder_version=\u00a0\u00bb4.25.2&Prime; _module_preset=\u00a0\u00bbdf329464-255b-4170-b3e7-f79b6ec89a57&Prime; global_colors_info=\u00a0\u00bb{}\u00a0\u00bb][\/et_pb_post_title][et_pb_text _builder_version=\u00a0\u00bb4.27.4&Prime; _module_preset=\u00a0\u00bbdefault\u00a0\u00bb max_width=\u00a0\u00bb800px\u00a0\u00bb hover_enabled=\u00a0\u00bb0&Prime; sticky_enabled=\u00a0\u00bb0&Prime;]<\/p>\n<p>Participez \u00e0 un programme de formation gratuit qui renforce votre compr\u00e9hension des enjeux et des solutions li\u00e9s \u00e0 l\u2019accessibilit\u00e9. Suivez les modules pour obtenir un certificat et affirmer votre engagement en faveur de l\u2019inclusion et de la communication accessible. <\/p>\n<p>[\/et_pb_text][\/et_pb_column][\/et_pb_row][\/et_pb_section][et_pb_section fb_built=\u00a0\u00bb1&Prime; disabled_on=\u00a0\u00bboff|off|off\u00a0\u00bb _builder_version=\u00a0\u00bb4.27.4&Prime; _module_preset=\u00a0\u00bb83db7f57-1c10-4990-b0d5-086abeb4d5f7&Prime; custom_padding=\u00a0\u00bb0px||0px||true|false\u00a0\u00bb border_width_top=\u00a0\u00bb2px\u00a0\u00bb border_color_top=\u00a0\u00bb#5517A5&Prime; locked=\u00a0\u00bboff\u00a0\u00bb global_colors_info=\u00a0\u00bb{}\u00a0\u00bb][et_pb_row use_custom_gutter=\u00a0\u00bbon\u00a0\u00bb gutter_width=\u00a0\u00bb1&Prime; make_equal=\u00a0\u00bbon\u00a0\u00bb _builder_version=\u00a0\u00bb4.27.4&Prime; _module_preset=\u00a0\u00bb961bda81-8cfd-44cb-80fe-90d499824f3c\u00a0\u00bb background_size=\u00a0\u00bbinitial\u00a0\u00bb background_position=\u00a0\u00bbtop_left\u00a0\u00bb background_repeat=\u00a0\u00bbrepeat\u00a0\u00bb custom_padding=\u00a0\u00bb100px||100px|5%|true|false\u00a0\u00bb border_width_left=\u00a0\u00bb2px\u00a0\u00bb border_color_left=\u00a0\u00bb#5517A5&Prime; global_colors_info=\u00a0\u00bb{}\u00a0\u00bb][et_pb_column type=\u00a0\u00bb4_4&Prime; _builder_version=\u00a0\u00bb4.27.4&Prime; custom_padding=\u00a0\u00bb||||false|false\u00a0\u00bb global_colors_info=\u00a0\u00bb{}\u00a0\u00bb custom_padding__hover=\u00a0\u00bb|||\u00a0\u00bb][et_pb_text _builder_version=\u00a0\u00bb4.27.4&Prime; background_size=\u00a0\u00bbinitial\u00a0\u00bb background_position=\u00a0\u00bbtop_left\u00a0\u00bb background_repeat=\u00a0\u00bbrepeat\u00a0\u00bb max_width=\u00a0\u00bb700px\u00a0\u00bb custom_margin=\u00a0\u00bb||||false|false\u00a0\u00bb global_colors_info=\u00a0\u00bb{}\u00a0\u00bb]<\/p>\n<p>Bienvenue dans le cours en ligne REACT : <strong>Cr\u00e9er des espaces culturels inclusifs gr\u00e2ce \u00e0 la m\u00e9diation num\u00e9rique<\/strong> !<\/p>\n<p>Ce cours a pour objectif de vous guider pas \u00e0 pas \u00e0 travers les concepts cl\u00e9s li\u00e9s aux outils num\u00e9riques de m\u00e9diation utilis\u00e9s dans les mus\u00e9es et au-del\u00e0, au moyen de courtes le\u00e7ons, d\u2019analyses pratiques et d\u2019\u00e9tudes de cas.<\/p>\n<p>Vous apprendrez \u00e0 votre propre rythme et aurez l\u2019occasion de tester vos connaissances ainsi que d\u2019obtenir un certificat \u00e0 la fin du parcours.<\/p>\n<p><strong>Chaque module se termine par un quiz. Si vous obtenez un score de 65 % ou plus, vous pouvez recevoir un certificat de r\u00e9ussite. <\/strong><\/p>\n<p><strong>Si cela vous int\u00e9resse, vous pourrez \u00e9galement demander un certificat Europass Mobilit\u00e9. Vous pouvez repasser le quiz si n\u00e9cessaire. <\/strong><\/p>\n<p>Bonne formation !<\/p>\n<p>[\/et_pb_text][\/et_pb_column][\/et_pb_row][\/et_pb_section][et_pb_section fb_built=\u00a0\u00bb1&Prime; disabled_on=\u00a0\u00bboff|off|off\u00a0\u00bb _builder_version=\u00a0\u00bb4.27.4&Prime; _module_preset=\u00a0\u00bb83db7f57-1c10-4990-b0d5-086abeb4d5f7&Prime; custom_padding=\u00a0\u00bb0px||0px||true|false\u00a0\u00bb border_width_top=\u00a0\u00bb2px\u00a0\u00bb border_color_top=\u00a0\u00bb#5517A5&Prime; locked=\u00a0\u00bboff\u00a0\u00bb global_colors_info=\u00a0\u00bb{}\u00a0\u00bb][et_pb_row column_structure=\u00a0\u00bb1_3,2_3&Prime; use_custom_gutter=\u00a0\u00bbon\u00a0\u00bb gutter_width=\u00a0\u00bb1&Prime; make_equal=\u00a0\u00bbon\u00a0\u00bb _builder_version=\u00a0\u00bb4.27.4&Prime; _module_preset=\u00a0\u00bb961bda81-8cfd-44cb-80fe-90d499824f3c\u00a0\u00bb background_size=\u00a0\u00bbinitial\u00a0\u00bb background_position=\u00a0\u00bbtop_left\u00a0\u00bb background_repeat=\u00a0\u00bbrepeat\u00a0\u00bb global_colors_info=\u00a0\u00bb{}\u00a0\u00bb][et_pb_column type=\u00a0\u00bb1_3&Prime; module_class=\u00a0\u00bbget-certified__col1&Prime; _builder_version=\u00a0\u00bb4.27.4&Prime; background_color=\u00a0\u00bb#e0d8fd\u00a0\u00bb custom_padding=\u00a0\u00bb|||\u00a0\u00bb border_width_left=\u00a0\u00bb2px\u00a0\u00bb border_color_left=\u00a0\u00bb#5517A5&Prime; global_colors_info=\u00a0\u00bb{}\u00a0\u00bb custom_padding__hover=\u00a0\u00bb|||\u00a0\u00bb][et_pb_button button_url=\u00a0\u00bbhttps:\/\/www.youtube.com\/watch?v=J3aRip2BaL4&Prime; url_new_window=\u00a0\u00bbon\u00a0\u00bb button_text=\u00a0\u00bbRegarder le webinaire\u00a0\u00bb disabled_on=\u00a0\u00bboff|off|off\u00a0\u00bb _builder_version=\u00a0\u00bb4.27.4&Prime; _module_preset=\u00a0\u00bbdefault\u00a0\u00bb global_colors_info=\u00a0\u00bb{}\u00a0\u00bb][\/et_pb_button][\/et_pb_column][et_pb_column type=\u00a0\u00bb2_3&Prime; _builder_version=\u00a0\u00bb4.27.4&Prime; custom_padding=\u00a0\u00bb5%|||5%|false|false\u00a0\u00bb border_width_left=\u00a0\u00bb2px\u00a0\u00bb border_color_left=\u00a0\u00bb#5517A5&Prime; global_colors_info=\u00a0\u00bb{}\u00a0\u00bb custom_padding__hover=\u00a0\u00bb|||\u00a0\u00bb][et_pb_text _builder_version=\u00a0\u00bb4.27.4&Prime; background_size=\u00a0\u00bbinitial\u00a0\u00bb background_position=\u00a0\u00bbtop_left\u00a0\u00bb background_repeat=\u00a0\u00bbrepeat\u00a0\u00bb custom_margin=\u00a0\u00bb||80px||false|false\u00a0\u00bb global_colors_info=\u00a0\u00bb{}\u00a0\u00bb]<\/p>\n<h2><!-- divi:paragraph -->Module 1 : Mus\u00e9es inclusifs : Cr\u00e9er des espaces culturels accessibles<\/h2>\n<p>\ud83c\udfdb\ufe0f Les mus\u00e9es peuvent \u00eatre plus que des lieux de culture &#8211; ils peuvent devenir des environnements accueillants pour tous, quels que soient les ant\u00e9c\u00e9dents, les capacit\u00e9s ou les circonstances.<\/p>\n<p>\ud83d\udca1 Dans ce cours, vous explorerez :<\/p>\n<ul style=\"list-style:none; padding-left:0;\">\n<li>\ud83d\udc49 Ce que l&rsquo;inclusion et l&rsquo;accessibilit\u00e9 signifient au-del\u00e0 des rampes et des ascenseurs physiques<\/li>\n<li>\ud83d\udc49 Comment reconna\u00eetre la diversit\u00e9 comme une force<\/li>\n<li>\ud83d\udc49 Des mesures modestes et efficaces qui ne n\u00e9cessitent pas un gros budget<\/li>\n<li>\ud83d\udc49 Des outils et des mentalit\u00e9s qui favorisent la participation et la connexion<\/li>\n<\/ul>\n<p>\ud83d\udd0d Vous d\u00e9couvrirez \u00e9galement comment les mus\u00e9es europ\u00e9ens utilisent la technologie, le dialogue interculturel et les programmes \u00e9ducatifs pour attirer des publics divers.<\/p>\n<p>\ud83d\udcaa En tant que professionnel des mus\u00e9es, vous ne vous contentez pas de vous adapter au changement, vous le menez.<\/p>\n<p>Construisons des mus\u00e9es o\u00f9 tous les visiteurs se sentent vus, entendus et valoris\u00e9s.<\/p>\n<p><!-- \/divi:paragraph --><\/p>\n<p>[\/et_pb_text][et_pb_button button_url=\u00a0\u00bbhttps:\/\/react-culture.eu\/fr\/obtenir-un-certificat\/evaluation-initiale\/?module=1&Prime; button_text=\u00a0\u00bbCommencer le module 1 (2h30)\u00a0\u00bb disabled_on=\u00a0\u00bboff|off|off\u00a0\u00bb _builder_version=\u00a0\u00bb4.27.4&Prime; _module_preset=\u00a0\u00bbdefault\u00a0\u00bb global_colors_info=\u00a0\u00bb{}\u00a0\u00bb][\/et_pb_button][\/et_pb_column][\/et_pb_row][\/et_pb_section][et_pb_section fb_built=\u00a0\u00bb1&Prime; disabled_on=\u00a0\u00bboff|off|off\u00a0\u00bb _builder_version=\u00a0\u00bb4.27.4&Prime; _module_preset=\u00a0\u00bb83db7f57-1c10-4990-b0d5-086abeb4d5f7&Prime; custom_padding=\u00a0\u00bb0px||0px||true|false\u00a0\u00bb border_width_top=\u00a0\u00bb2px\u00a0\u00bb border_color_top=\u00a0\u00bb#5517A5&Prime; locked=\u00a0\u00bboff\u00a0\u00bb global_colors_info=\u00a0\u00bb{}\u00a0\u00bb][et_pb_row column_structure=\u00a0\u00bb1_3,2_3&Prime; use_custom_gutter=\u00a0\u00bbon\u00a0\u00bb gutter_width=\u00a0\u00bb1&Prime; make_equal=\u00a0\u00bbon\u00a0\u00bb _builder_version=\u00a0\u00bb4.27.4&Prime; _module_preset=\u00a0\u00bb961bda81-8cfd-44cb-80fe-90d499824f3c\u00a0\u00bb background_size=\u00a0\u00bbinitial\u00a0\u00bb background_position=\u00a0\u00bbtop_left\u00a0\u00bb background_repeat=\u00a0\u00bbrepeat\u00a0\u00bb global_colors_info=\u00a0\u00bb{}\u00a0\u00bb][et_pb_column type=\u00a0\u00bb1_3&Prime; module_class=\u00a0\u00bbget-certified__col1&Prime; _builder_version=\u00a0\u00bb4.27.4&Prime; background_color=\u00a0\u00bb#e0d8fd\u00a0\u00bb custom_padding=\u00a0\u00bb|||\u00a0\u00bb border_width_left=\u00a0\u00bb2px\u00a0\u00bb border_color_left=\u00a0\u00bb#5517A5&Prime; global_colors_info=\u00a0\u00bb{}\u00a0\u00bb custom_padding__hover=\u00a0\u00bb|||\u00a0\u00bb][et_pb_button button_url=\u00a0\u00bbhttps:\/\/www.youtube.com\/watch?v=gnutlB4XkCk\u00a0\u00bb url_new_window=\u00a0\u00bbon\u00a0\u00bb button_text=\u00a0\u00bbRegarder le webinaire\u00a0\u00bb disabled_on=\u00a0\u00bboff|off|off\u00a0\u00bb _builder_version=\u00a0\u00bb4.27.4&Prime; _module_preset=\u00a0\u00bbdefault\u00a0\u00bb global_colors_info=\u00a0\u00bb{}\u00a0\u00bb][\/et_pb_button][\/et_pb_column][et_pb_column type=\u00a0\u00bb2_3&Prime; _builder_version=\u00a0\u00bb4.27.4&Prime; custom_padding=\u00a0\u00bb5%|||5%|false|false\u00a0\u00bb border_width_left=\u00a0\u00bb2px\u00a0\u00bb border_color_left=\u00a0\u00bb#5517A5&Prime; global_colors_info=\u00a0\u00bb{}\u00a0\u00bb custom_padding__hover=\u00a0\u00bb|||\u00a0\u00bb][et_pb_text _builder_version=\u00a0\u00bb4.27.4&Prime; background_size=\u00a0\u00bbinitial\u00a0\u00bb background_position=\u00a0\u00bbtop_left\u00a0\u00bb background_repeat=\u00a0\u00bbrepeat\u00a0\u00bb custom_margin=\u00a0\u00bb||80px||false|false\u00a0\u00bb global_colors_info=\u00a0\u00bb{}\u00a0\u00bb]<\/p>\n<h2><!-- divi:paragraph -->Module 2 : M\u00e9diation num\u00e9rique inclusive sur site dans les mus\u00e9es<\/h2>\n<p>\ud83e\udde0 Les outils de m\u00e9diation num\u00e9rique, tels que les bornes interactives, la RV et les salles multim\u00e9dias, peuvent am\u00e9liorer les exp\u00e9riences mus\u00e9ales et les rendre plus inclusives pour tous les visiteurs. Ces technologies vont au-del\u00e0 du divertissement &#8211; elles aident \u00e0 \u00e9liminer les obstacles traditionnels \u00e0 l&rsquo;accessibilit\u00e9 et \u00e0 r\u00e9pondre aux divers besoins des visiteurs. <\/p>\n<p>\ud83d\udca1 Dans ce module, vous apprendrez :<\/p>\n<ul style=\"list-style:none; padding-left:0;\">\n<li>\ud83d\udc49 Comment les outils num\u00e9riques sur site peuvent-ils favoriser l&rsquo;inclusion ?<\/li>\n<li>\ud83d\udc49 D\u00e9fis li\u00e9s \u00e0 l&rsquo;utilisation de ces outils &#8211; et comment les relever<\/li>\n<li>\ud83d\udc49 Comment personnaliser les parcours des visiteurs pour plus d&rsquo;impact ?<\/li>\n<li>\ud83d\udc49 \u00c9tudes de cas concrets dans des mus\u00e9es d&rsquo;Europe et d&rsquo;ailleurs<\/li>\n<\/ul>\n<p>\ud83d\udee0\ufe0f De plus, des activit\u00e9s pratiques sont incluses pour vous aider \u00e0 r\u00e9fl\u00e9chir et \u00e0 appliquer les nouvelles id\u00e9es dans votre propre mus\u00e9e.<\/p>\n<p>Voyons comment la m\u00e9diation num\u00e9rique peut transformer les mus\u00e9es en espaces qui s&rsquo;adressent \u00e0 tous les visiteurs.<\/p>\n<p><!-- \/divi:paragraph -->[\/et_pb_text][et_pb_code _builder_version=\u00a0\u00bb4.27.4&Prime; _module_preset=\u00a0\u00bbdefault\u00a0\u00bb global_colors_info=\u00a0\u00bb{}\u00a0\u00bb][\/et_pb_code][et_pb_button button_url=\u00a0\u00bbhttps:\/\/react-culture.eu\/fr\/obtenir-un-certificat\/evaluation-initiale\/?module=2&Prime; button_text=\u00a0\u00bbCommencer le module 2 (2h)\u00a0\u00bb disabled_on=\u00a0\u00bboff|off|off\u00a0\u00bb _builder_version=\u00a0\u00bb4.27.4&Prime; _module_preset=\u00a0\u00bbdefault\u00a0\u00bb global_colors_info=\u00a0\u00bb{}\u00a0\u00bb][\/et_pb_button][\/et_pb_column][\/et_pb_row][\/et_pb_section][et_pb_section fb_built=\u00a0\u00bb1&Prime; disabled_on=\u00a0\u00bboff|off|off\u00a0\u00bb _builder_version=\u00a0\u00bb4.27.4&Prime; _module_preset=\u00a0\u00bb83db7f57-1c10-4990-b0d5-086abeb4d5f7&Prime; custom_padding=\u00a0\u00bb0px||0px||true|false\u00a0\u00bb border_width_top=\u00a0\u00bb2px\u00a0\u00bb border_color_top=\u00a0\u00bb#5517A5&Prime; locked=\u00a0\u00bboff\u00a0\u00bb global_colors_info=\u00a0\u00bb{}\u00a0\u00bb][et_pb_row column_structure=\u00a0\u00bb1_3,2_3&Prime; use_custom_gutter=\u00a0\u00bbon\u00a0\u00bb gutter_width=\u00a0\u00bb1&Prime; make_equal=\u00a0\u00bbon\u00a0\u00bb _builder_version=\u00a0\u00bb4.27.4&Prime; _module_preset=\u00a0\u00bb961bda81-8cfd-44cb-80fe-90d499824f3c\u00a0\u00bb background_size=\u00a0\u00bbinitial\u00a0\u00bb background_position=\u00a0\u00bbtop_left\u00a0\u00bb background_repeat=\u00a0\u00bbrepeat\u00a0\u00bb global_colors_info=\u00a0\u00bb{}\u00a0\u00bb][et_pb_column type=\u00a0\u00bb1_3&Prime; module_class=\u00a0\u00bbget-certified__col1&Prime; _builder_version=\u00a0\u00bb4.27.4&Prime; background_color=\u00a0\u00bb#e0d8fd\u00a0\u00bb custom_padding=\u00a0\u00bb|||\u00a0\u00bb border_width_left=\u00a0\u00bb2px\u00a0\u00bb border_color_left=\u00a0\u00bb#5517A5&Prime; global_colors_info=\u00a0\u00bb{}\u00a0\u00bb custom_padding__hover=\u00a0\u00bb|||\u00a0\u00bb][et_pb_button button_url=\u00a0\u00bbhttps:\/\/www.youtube.com\/watch?v=4ITEAoQzSUw\u00a0\u00bb url_new_window=\u00a0\u00bbon\u00a0\u00bb button_text=\u00a0\u00bbRegarder le webinaire\u00a0\u00bb disabled_on=\u00a0\u00bboff|off|off\u00a0\u00bb _builder_version=\u00a0\u00bb4.27.4&Prime; _module_preset=\u00a0\u00bbdefault\u00a0\u00bb global_colors_info=\u00a0\u00bb{}\u00a0\u00bb][\/et_pb_button][\/et_pb_column][et_pb_column type=\u00a0\u00bb2_3&Prime; _builder_version=\u00a0\u00bb4.27.4&Prime; custom_padding=\u00a0\u00bb5%|||5%|false|false\u00a0\u00bb border_width_left=\u00a0\u00bb2px\u00a0\u00bb border_color_left=\u00a0\u00bb#5517A5&Prime; global_colors_info=\u00a0\u00bb{}\u00a0\u00bb custom_padding__hover=\u00a0\u00bb|||\u00a0\u00bb][et_pb_text _builder_version=\u00a0\u00bb4.27.4&Prime; background_size=\u00a0\u00bbinitial\u00a0\u00bb background_position=\u00a0\u00bbtop_left\u00a0\u00bb background_repeat=\u00a0\u00bbrepeat\u00a0\u00bb custom_margin=\u00a0\u00bb||80px||false|false\u00a0\u00bb global_colors_info=\u00a0\u00bb{}\u00a0\u00bb]<\/p>\n<h2><!-- divi:paragraph -->Module 3 : M\u00e9diation num\u00e9rique hors-les-murs pour des mus\u00e9es inclusifs<\/h2>\n<p>\ud83d\udda5\ufe0f Des expositions virtuelles aux podcasts, en passant par les plateformes de streaming, la m\u00e9diation hors site permet aux mus\u00e9es de toucher des publics \u00e9loign\u00e9s, peu desservis ou internationaux, et de rendre ainsi les contenus culturels accessibles au plus grand nombre.<\/p>\n<p>\ud83d\udca1 Dans ce module, vous apprendrez :<\/p>\n<ul style=\"list-style:none; padding-left:0;\">\n<li>\ud83d\udc49 Qu&rsquo;est-ce que la m\u00e9diation num\u00e9rique hors-les-murs et pourquoi est-elle importante ?<\/li>\n<li>\ud83d\udc49 Des outils pour cr\u00e9er des visites virtuelles, des expositions num\u00e9riques, des newsletters, etc.<\/li>\n<li>\ud83d\udc49 Comment d\u00e9passer les principaux obstacles li\u00e9s \u00e0 l\u2019engagement des publics \u00e0 distance ?<\/li>\n<li>\ud83d\udc49 \u00c9tudes de cas de mus\u00e9es qui innovent dans ce domaine<\/li>\n<\/ul>\n<p>\ud83d\udee0\ufe0f Des activit\u00e9s et des exemples vous guideront dans l&rsquo;\u00e9laboration de votre propre strat\u00e9gie de m\u00e9diation hors site, adapt\u00e9e aux objectifs et aux publics de votre institution.<\/p>\n<p>Imaginons de nouvelles fa\u00e7ons d&rsquo;inspirer, d&rsquo;\u00e9duquer et de communiquer, o\u00f9 que se trouvent vos visiteurs.<\/p>\n<p><!-- \/divi:paragraph --><\/p>\n<p>[\/et_pb_text][et_pb_button button_url=\u00a0\u00bbhttps:\/\/react-culture.eu\/fr\/obtenir-un-certificat\/evaluation-initiale\/?module=3&Prime; button_text=\u00a0\u00bbCommencer le module 3 (2h40)\u00a0\u00bb disabled_on=\u00a0\u00bboff|off|off\u00a0\u00bb _builder_version=\u00a0\u00bb4.27.4&Prime; _module_preset=\u00a0\u00bbdefault\u00a0\u00bb global_colors_info=\u00a0\u00bb{}\u00a0\u00bb][\/et_pb_button][\/et_pb_column][\/et_pb_row][\/et_pb_section]<\/p>\n","protected":false},"excerpt":{"rendered":"<p>Participez \u00e0 un programme de formation gratuit qui renforce votre compr\u00e9hension des enjeux et des solutions li\u00e9s \u00e0 l\u2019accessibilit\u00e9. Suivez les modules pour obtenir un certificat et affirmer votre engagement en faveur de l\u2019inclusion et de la communication accessible. Bienvenue dans le cours en ligne REACT : Cr\u00e9er des espaces culturels inclusifs gr\u00e2ce \u00e0 la [&hellip;]<\/p>\n","protected":false},"author":1,"featured_media":0,"parent":0,"menu_order":0,"comment_status":"closed","ping_status":"closed","template":"","meta":{"_acf_changed":false,"_et_pb_use_builder":"on","_et_pb_old_content":"","_et_gb_content_width":"","footnotes":""},"class_list":["post-1182","page","type-page","status-publish","hentry"],"acf":[],"_links":{"self":[{"href":"https:\/\/react-culture.eu\/fr\/wp-json\/wp\/v2\/pages\/1182","targetHints":{"allow":["GET"]}}],"collection":[{"href":"https:\/\/react-culture.eu\/fr\/wp-json\/wp\/v2\/pages"}],"about":[{"href":"https:\/\/react-culture.eu\/fr\/wp-json\/wp\/v2\/types\/page"}],"author":[{"embeddable":true,"href":"https:\/\/react-culture.eu\/fr\/wp-json\/wp\/v2\/users\/1"}],"replies":[{"embeddable":true,"href":"https:\/\/react-culture.eu\/fr\/wp-json\/wp\/v2\/comments?post=1182"}],"version-history":[{"count":20,"href":"https:\/\/react-culture.eu\/fr\/wp-json\/wp\/v2\/pages\/1182\/revisions"}],"predecessor-version":[{"id":3140,"href":"https:\/\/react-culture.eu\/fr\/wp-json\/wp\/v2\/pages\/1182\/revisions\/3140"}],"wp:attachment":[{"href":"https:\/\/react-culture.eu\/fr\/wp-json\/wp\/v2\/media?parent=1182"}],"curies":[{"name":"wp","href":"https:\/\/api.w.org\/{rel}","templated":true}]}}