{"id":1180,"date":"2024-06-24T17:12:59","date_gmt":"2024-06-24T15:12:59","guid":{"rendered":"https:\/\/react-culture.eu\/le-projet\/"},"modified":"2026-02-24T15:37:36","modified_gmt":"2026-02-24T13:37:36","slug":"le-projet","status":"publish","type":"page","link":"https:\/\/react-culture.eu\/fr\/le-projet\/","title":{"rendered":"Projet"},"content":{"rendered":"<p>[et_pb_section admin_label=\u00a0\u00bbsection\u00a0\u00bb]<br \/>\n\t\t\t[et_pb_row admin_label=\u00a0\u00bbrow\u00a0\u00bb]<br \/>\n\t\t\t\t[et_pb_column type=\u00a0\u00bb4_4&Prime;][et_pb_text admin_label=\u00a0\u00bbText\u00a0\u00bb]<\/p>\n\n<p>REACT est un projet europ\u00e9en visant \u00e0 am\u00e9liorer l&rsquo;exp\u00e9rience culturelle de tous les visiteurs, en mettant l&rsquo;accent sur l&rsquo;inclusion et l&rsquo;accessibilit\u00e9.<\/p>\n\n<p>En r\u00e9pondant aux besoins des diff\u00e9rents publics, y compris ceux souffrant de handicaps visibles et invisibles, REACT aide les institutions culturelles \u00e0 adopter l&rsquo;innovation num\u00e9rique.<\/p>\n\n<p>Le projet fournit des outils, des connaissances et des conseils pour aider les mus\u00e9es et les sites culturels \u00e0 d\u00e9velopper un contenu accessible et inclusif, \u00e0 la fois sur place et en ligne.<\/p>\n\n<p>REACT a pour objectif de renforcer les institutions les plus petites, en leur permettant d&rsquo;atteindre des publics plus larges et de favoriser des pratiques culturelles durables et inclusives.<\/p>\n<p>[\/et_pb_text][\/et_pb_column]<br \/>\n\t\t\t[\/et_pb_row]<br \/>\n\t\t[\/et_pb_section]<\/p>\n","protected":false},"excerpt":{"rendered":"<p>REACT est un projet europ\u00e9en visant \u00e0 am\u00e9liorer l&rsquo;exp\u00e9rience culturelle de tous les visiteurs, en mettant l&rsquo;accent sur l&rsquo;inclusion et l&rsquo;accessibilit\u00e9. En r\u00e9pondant aux besoins des diff\u00e9rents publics, y compris ceux souffrant de handicaps visibles et invisibles, REACT aide les institutions culturelles \u00e0 adopter l&rsquo;innovation num\u00e9rique. Le projet fournit des outils, des connaissances et des [&hellip;]<\/p>\n","protected":false},"author":1,"featured_media":0,"parent":0,"menu_order":0,"comment_status":"closed","ping_status":"closed","template":"","meta":{"_acf_changed":false,"_et_pb_use_builder":"on","_et_pb_old_content":"","_et_gb_content_width":"","footnotes":""},"class_list":["post-1180","page","type-page","status-publish","hentry"],"acf":[],"_links":{"self":[{"href":"https:\/\/react-culture.eu\/fr\/wp-json\/wp\/v2\/pages\/1180","targetHints":{"allow":["GET"]}}],"collection":[{"href":"https:\/\/react-culture.eu\/fr\/wp-json\/wp\/v2\/pages"}],"about":[{"href":"https:\/\/react-culture.eu\/fr\/wp-json\/wp\/v2\/types\/page"}],"author":[{"embeddable":true,"href":"https:\/\/react-culture.eu\/fr\/wp-json\/wp\/v2\/users\/1"}],"replies":[{"embeddable":true,"href":"https:\/\/react-culture.eu\/fr\/wp-json\/wp\/v2\/comments?post=1180"}],"version-history":[{"count":4,"href":"https:\/\/react-culture.eu\/fr\/wp-json\/wp\/v2\/pages\/1180\/revisions"}],"predecessor-version":[{"id":3129,"href":"https:\/\/react-culture.eu\/fr\/wp-json\/wp\/v2\/pages\/1180\/revisions\/3129"}],"wp:attachment":[{"href":"https:\/\/react-culture.eu\/fr\/wp-json\/wp\/v2\/media?parent=1180"}],"curies":[{"name":"wp","href":"https:\/\/api.w.org\/{rel}","templated":true}]}}